{"id":9793,"date":"2025-07-14T11:06:46","date_gmt":"2025-07-14T11:06:46","guid":{"rendered":"https:\/\/www.damarl.com\/?post_type=product&#038;p=9793"},"modified":"2025-07-14T11:31:47","modified_gmt":"2025-07-14T11:31:47","slug":"equilibradora-de-ruedas-automatica-dmb81","status":"publish","type":"product","link":"https:\/\/www.damarl.com\/en\/product\/equilibradora-de-ruedas-automatica-dmb81\/","title":{"rendered":"Equilibradora de Ruedas Autom\u00e1tica | DMB81"},"content":{"rendered":"<p><strong>Description:<\/strong><\/p>\r\n\r\n\r\n\r\n<p>\u2022 Distancia y di\u00e1metro autom\u00e1ticos<br \/>\u2022 L\u00e1ser en la posici\u00f3n de las 6 en el modo ALU-s<br \/>\u2022 Equilibrado estad\u00edstico y din\u00e1mico, programas ALU<br \/>para llantas de aleaci\u00f3n o de formas especiales<br \/>\u2022 Posici\u00f3n autom\u00e1tica del punto de desequilibrado<br \/>\u2022 Autodiagn\u00f3stico<br \/>\u2022 Aplicable a llantas de acero y aleaci\u00f3n de aluminio<br \/>\u2022 Sensor de anchura con sonar<\/p>\r\n<ul>\r\n<li style=\"list-style-type: none;\">\u00a0<\/li>\r\n<\/ul>","protected":false},"excerpt":{"rendered":"<p>Descripci\u00f3n: \u2022 Distancia y di\u00e1metro autom\u00e1ticos\u2022 L\u00e1ser en la posici\u00f3n de las 6 en el modo ALU-s\u2022 Equilibrado estad\u00edstico y din\u00e1mico, programas ALUpara llantas de aleaci\u00f3n o de formas especiales\u2022 Posici\u00f3n autom\u00e1tica del punto de desequilibrado\u2022 Autodiagn\u00f3stico\u2022 Aplicable a llantas de acero y aleaci\u00f3n de aluminio\u2022 Sensor de anchura con sonar \u00a0<\/p>","protected":false},"featured_media":9794,"template":"","meta":{"_acf_changed":false,"_kad_post_transparent":"default","_kad_post_title":"","_kad_post_layout":"default","_kad_post_sidebar_id":"","_kad_post_content_style":"default","_kad_post_vertical_padding":"default","_kad_post_feature":"","_kad_post_feature_position":"","_kad_post_header":false,"_kad_post_footer":false,"_kad_post_classname":""},"product_brand":[],"product_cat":[135,136,81,111],"product_tag":[],"class_list":{"0":"post-9793","1":"product","2":"type-product","3":"status-publish","4":"has-post-thumbnail","6":"product_cat-equilibradoras","7":"product_cat-equilibradoras-automaticas","8":"product_cat-maquinaria","9":"product_cat-maquinaria-de-ruedas","11":"first","12":"instock","13":"product-type-simple","14":"entry","15":"content-bg","16":"loop-entry"},"acf":[],"_links":{"self":[{"href":"https:\/\/www.damarl.com\/en\/wp-json\/wp\/v2\/product\/9793","targetHints":{"allow":["GET"]}}],"collection":[{"href":"https:\/\/www.damarl.com\/en\/wp-json\/wp\/v2\/product"}],"about":[{"href":"https:\/\/www.damarl.com\/en\/wp-json\/wp\/v2\/types\/product"}],"wp:featuredmedia":[{"embeddable":true,"href":"https:\/\/www.damarl.com\/en\/wp-json\/wp\/v2\/media\/9794"}],"wp:attachment":[{"href":"https:\/\/www.damarl.com\/en\/wp-json\/wp\/v2\/media?parent=9793"}],"wp:term":[{"taxonomy":"product_brand","embeddable":true,"href":"https:\/\/www.damarl.com\/en\/wp-json\/wp\/v2\/product_brand?post=9793"},{"taxonomy":"product_cat","embeddable":true,"href":"https:\/\/www.damarl.com\/en\/wp-json\/wp\/v2\/product_cat?post=9793"},{"taxonomy":"product_tag","embeddable":true,"href":"https:\/\/www.damarl.com\/en\/wp-json\/wp\/v2\/product_tag?post=9793"}],"curies":[{"name":"wp","href":"https:\/\/api.w.org\/{rel}","templated":true}]}}