{"id":95,"date":"2023-03-31T10:50:25","date_gmt":"2023-03-31T10:50:25","guid":{"rendered":"https:\/\/webs.anubissolutions.es\/newdamarl\/producto\/borriquetas-6-toneladas-con-bloqueo-da2126b\/"},"modified":"2024-12-11T09:56:56","modified_gmt":"2024-12-11T09:56:56","slug":"borriquetas-6-toneladas-con-bloqueo-da2126b","status":"publish","type":"product","link":"https:\/\/www.damarl.com\/en\/product\/borriquetas-6-toneladas-con-bloqueo-da2126b\/","title":{"rendered":"Ratchet Type Axle Stands | DA2126B"},"content":{"rendered":"<p><strong>Specifications:<\/strong><\/p>\n<ul>\n<li>Axle stand set of 2<\/li>\n<li>Capacity: 6,000 kg<\/li>\n<li>Lifting range: 406 to 622 mm<\/li>\n<li>Weight: 15 kg<\/li>\n<li>Easy and secure adjustment<\/li>\n<li>Wide base for added stability<\/li>\n<li>Saddle fits most vehicles<\/li>\n<\/ul>","protected":false},"excerpt":{"rendered":"<p>Especificaciones: Sets de borriquetas Capacidad: 6.000 kg Rango de elevaci\u00f3n: 406 a 622 mm Peso: 15 kg Ajuste f\u00e1cil y seguro Base amplia para mayor estabilidad Se adapta a la mayor\u00eda de veh\u00edculos<\/p>","protected":false},"featured_media":5049,"template":"","meta":{"_acf_changed":false,"_kad_post_transparent":"default","_kad_post_title":"","_kad_post_layout":"default","_kad_post_sidebar_id":"","_kad_post_content_style":"default","_kad_post_vertical_padding":"default","_kad_post_feature":"","_kad_post_feature_position":"","_kad_post_header":false,"_kad_post_footer":false,"_kad_post_classname":""},"product_brand":[],"product_cat":[95,86],"product_tag":[],"class_list":{"0":"post-95","1":"product","2":"type-product","3":"status-publish","4":"has-post-thumbnail","6":"product_cat-borriquetas","7":"product_cat-hidraulica-de-taller","9":"first","10":"instock","11":"product-type-simple","12":"entry","13":"content-bg","14":"loop-entry"},"acf":[],"_links":{"self":[{"href":"https:\/\/www.damarl.com\/en\/wp-json\/wp\/v2\/product\/95","targetHints":{"allow":["GET"]}}],"collection":[{"href":"https:\/\/www.damarl.com\/en\/wp-json\/wp\/v2\/product"}],"about":[{"href":"https:\/\/www.damarl.com\/en\/wp-json\/wp\/v2\/types\/product"}],"wp:featuredmedia":[{"embeddable":true,"href":"https:\/\/www.damarl.com\/en\/wp-json\/wp\/v2\/media\/5049"}],"wp:attachment":[{"href":"https:\/\/www.damarl.com\/en\/wp-json\/wp\/v2\/media?parent=95"}],"wp:term":[{"taxonomy":"product_brand","embeddable":true,"href":"https:\/\/www.damarl.com\/en\/wp-json\/wp\/v2\/product_brand?post=95"},{"taxonomy":"product_cat","embeddable":true,"href":"https:\/\/www.damarl.com\/en\/wp-json\/wp\/v2\/product_cat?post=95"},{"taxonomy":"product_tag","embeddable":true,"href":"https:\/\/www.damarl.com\/en\/wp-json\/wp\/v2\/product_tag?post=95"}],"curies":[{"name":"wp","href":"https:\/\/api.w.org\/{rel}","templated":true}]}}