{"id":79,"date":"2023-03-31T10:50:25","date_gmt":"2023-03-31T10:50:25","guid":{"rendered":"https:\/\/webs.anubissolutions.es\/newdamarl\/producto\/regulador-de-faros-dar016\/"},"modified":"2024-11-13T12:57:09","modified_gmt":"2024-11-13T12:57:09","slug":"reglafaros-regulador-de-faros-doble-laser-dar016","status":"publish","type":"product","link":"https:\/\/www.damarl.com\/en\/product\/reglafaros-regulador-de-faros-doble-laser-dar016\/","title":{"rendered":"Double Laser Headlamp Beam Tester  | DAR016"},"content":{"rendered":"<p><strong>Description:<\/strong><\/p>\n<ul>\n<li>Suitable for verifying and adjusting any kind of headlamp (high, low and fog lights)<\/li>\n<li>XENON and LED<\/li>\n<li>Designed for garages and MOT center for light and heavy vehicles<\/li>\n<li>Appropriate for use both in garages and test lanes for light and heavy vehicles<\/li>\n<li>Laser alignment visor + central laser pointer for use with both right and left hand drive vehicles<\/li>\n<li>Height adjustment system with locking system<\/li>\n<li>Height adjustable with wheel blocking system<\/li>\n<li>Digital lux-meter<\/li>\n<li>Sturdy anti-tip base<\/li>\n<\/ul>","protected":false},"excerpt":{"rendered":"<p>Caracteristicas: Aptos para la verificaci\u00f3n y ajuste de cualquier tipo de faro (cruce, carretera y anti-niebla) L\u00e1mpara XENON y LED Dise\u00f1ado para talleres y para establecimientos de ITV Para veh\u00edculos ligeros y pesados Pantalla de verificaci\u00f3n regulable con escala tanto para veh\u00edculos de conducci\u00f3n derecha como izquierda Visor de alineaci\u00f3n l\u00e1ser + puntero l\u00e1ser central&#8230;<\/p>","protected":false},"featured_media":2072,"template":"","meta":{"_acf_changed":false,"_kad_post_transparent":"default","_kad_post_title":"","_kad_post_layout":"default","_kad_post_sidebar_id":"","_kad_post_content_style":"default","_kad_post_vertical_padding":"default","_kad_post_feature":"","_kad_post_feature_position":"","_kad_post_header":false,"_kad_post_footer":false,"_kad_post_classname":""},"product_brand":[],"product_cat":[110,81,129],"product_tag":[],"class_list":{"0":"post-79","1":"product","2":"type-product","3":"status-publish","4":"has-post-thumbnail","6":"product_cat-equipos-especializados","7":"product_cat-maquinaria","8":"product_cat-regulador-de-faros","10":"first","11":"instock","12":"product-type-simple","13":"entry","14":"content-bg","15":"loop-entry"},"acf":[],"_links":{"self":[{"href":"https:\/\/www.damarl.com\/en\/wp-json\/wp\/v2\/product\/79","targetHints":{"allow":["GET"]}}],"collection":[{"href":"https:\/\/www.damarl.com\/en\/wp-json\/wp\/v2\/product"}],"about":[{"href":"https:\/\/www.damarl.com\/en\/wp-json\/wp\/v2\/types\/product"}],"wp:featuredmedia":[{"embeddable":true,"href":"https:\/\/www.damarl.com\/en\/wp-json\/wp\/v2\/media\/2072"}],"wp:attachment":[{"href":"https:\/\/www.damarl.com\/en\/wp-json\/wp\/v2\/media?parent=79"}],"wp:term":[{"taxonomy":"product_brand","embeddable":true,"href":"https:\/\/www.damarl.com\/en\/wp-json\/wp\/v2\/product_brand?post=79"},{"taxonomy":"product_cat","embeddable":true,"href":"https:\/\/www.damarl.com\/en\/wp-json\/wp\/v2\/product_cat?post=79"},{"taxonomy":"product_tag","embeddable":true,"href":"https:\/\/www.damarl.com\/en\/wp-json\/wp\/v2\/product_tag?post=79"}],"curies":[{"name":"wp","href":"https:\/\/api.w.org\/{rel}","templated":true}]}}