{"id":78,"date":"2023-03-31T10:50:25","date_gmt":"2023-03-31T10:50:25","guid":{"rendered":"https:\/\/webs.anubissolutions.es\/newdamarl\/producto\/regulador-de-faros-dar013\/"},"modified":"2024-11-13T12:57:44","modified_gmt":"2024-11-13T12:57:44","slug":"reglafaros-regulador-de-faros-dar013","status":"publish","type":"product","link":"https:\/\/www.damarl.com\/en\/product\/reglafaros-regulador-de-faros-dar013\/","title":{"rendered":"Headlamp Beam Tester Standard Model | DAR013"},"content":{"rendered":"<p><strong>Description:<\/strong><\/p>\n<ul>\n<li>Suitable for verifying and adjusting any kind of headlamp (high, low and fog lights)<\/li>\n<li>XENON and LED<\/li>\n<li>Designed for workshops (MOT workshops)<\/li>\n<li>Appropriate for use both in garages and test lanes for light and heavy vehicles<\/li>\n<li>Internal aiming screen with scale for both right and left hand drive vehicles<\/li>\n<li>Steel wire alignment visor with calibration system<\/li>\n<li>Height adjustable with wheel blocking system<\/li>\n<li>Digital lux-meter<\/li>\n<li>Sturdy anti-tip base<\/li>\n<\/ul>","protected":false},"excerpt":{"rendered":"<p>Caracteristicas: Aptos para la verificaci\u00f3n y ajuste de cualquier tipo de faro (cruce, carretera y anti-niebla) L\u00e1mpara XENON y LED Dise\u00f1ados para talleres (talleres de ITV) Para veh\u00edculos ligeros y pesados Pantalla de verificaci\u00f3n de faros con escala tanto para veh\u00edculos de conducci\u00f3n derecha como izquierda Visor de alineaci\u00f3n de hilo con sistema de calibraci\u00f3n&#8230;<\/p>","protected":false},"featured_media":2013,"template":"","meta":{"_acf_changed":false,"_kad_post_transparent":"default","_kad_post_title":"","_kad_post_layout":"default","_kad_post_sidebar_id":"","_kad_post_content_style":"default","_kad_post_vertical_padding":"default","_kad_post_feature":"","_kad_post_feature_position":"","_kad_post_header":false,"_kad_post_footer":false,"_kad_post_classname":""},"product_brand":[],"product_cat":[110,81,129],"product_tag":[],"class_list":{"0":"post-78","1":"product","2":"type-product","3":"status-publish","4":"has-post-thumbnail","6":"product_cat-equipos-especializados","7":"product_cat-maquinaria","8":"product_cat-regulador-de-faros","10":"first","11":"instock","12":"product-type-simple","13":"entry","14":"content-bg","15":"loop-entry"},"acf":[],"_links":{"self":[{"href":"https:\/\/www.damarl.com\/en\/wp-json\/wp\/v2\/product\/78","targetHints":{"allow":["GET"]}}],"collection":[{"href":"https:\/\/www.damarl.com\/en\/wp-json\/wp\/v2\/product"}],"about":[{"href":"https:\/\/www.damarl.com\/en\/wp-json\/wp\/v2\/types\/product"}],"wp:featuredmedia":[{"embeddable":true,"href":"https:\/\/www.damarl.com\/en\/wp-json\/wp\/v2\/media\/2013"}],"wp:attachment":[{"href":"https:\/\/www.damarl.com\/en\/wp-json\/wp\/v2\/media?parent=78"}],"wp:term":[{"taxonomy":"product_brand","embeddable":true,"href":"https:\/\/www.damarl.com\/en\/wp-json\/wp\/v2\/product_brand?post=78"},{"taxonomy":"product_cat","embeddable":true,"href":"https:\/\/www.damarl.com\/en\/wp-json\/wp\/v2\/product_cat?post=78"},{"taxonomy":"product_tag","embeddable":true,"href":"https:\/\/www.damarl.com\/en\/wp-json\/wp\/v2\/product_tag?post=78"}],"curies":[{"name":"wp","href":"https:\/\/api.w.org\/{rel}","templated":true}]}}