{"id":72,"date":"2023-03-31T10:50:19","date_gmt":"2023-03-31T10:50:19","guid":{"rendered":"https:\/\/webs.anubissolutions.es\/newdamarl\/producto\/atf-cambiador-de-aceite-semi-automatica-electronica-da332\/"},"modified":"2024-11-13T13:08:14","modified_gmt":"2024-11-13T13:08:14","slug":"atf-cambiador-de-aceite-semi-automatica-electronica-da332","status":"publish","type":"product","link":"https:\/\/www.damarl.com\/en\/product\/atf-cambiador-de-aceite-semi-automatica-electronica-da332\/","title":{"rendered":"Semi-Automatic Electronic  ATF Station| DA332"},"content":{"rendered":"<p><strong>Specifications:<\/strong><\/p>\n<ul>\n<li>LCD Display<\/li>\n<li>Automatic cleaning and changeover circulation<\/li>\n<li>Power: 230V \/ 140W<\/li>\n<li>Maximum capacity: 20 L<\/li>\n<li>Change accuracy: 0.1 L<\/li>\n<li>Dimensions: 595 x 465 x 1115 mm<\/li>\n<li>Weight: 43.9 kg<\/li>\n<\/ul>\n<p><strong>Connectors included:<\/strong><\/p>\n<p>&#8211; VW &#8211; Toyota &#8211; Honda &#8211; Nissan &#8211; Mitsubishi &#8211; Lexus<br \/>\n&#8211; Cadillac &#8211; Chrysler &#8211; Audi &#8211; Buick &#8211; Chevrolet &#8211; Ford &#8211; BMW<\/p>","protected":false},"excerpt":{"rendered":"<p>Especificaciones: Pantalla LCD Circulaci\u00f3n de limpieza y cambio autom\u00e1tica Alimentaci\u00f3n: 230V \/ 140W Capacidad m\u00e1xima: 20 L Precisi\u00f3n de cambio: 0.1 L Medidas: 595 x 465 x 1115 mm Peso Total: 43.9 kg Conectores Incluidos: &#8211; VW &#8211; Toyota &#8211; Honda &#8211; Nissan &#8211; Mitsubishi &#8211; Lexus &#8211; Cadillac &#8211; Chrysler &#8211; Audi &#8211; Buick&#8230;<\/p>","protected":false},"featured_media":2111,"template":"","meta":{"_acf_changed":false,"_kad_post_transparent":"default","_kad_post_title":"","_kad_post_layout":"default","_kad_post_sidebar_id":"","_kad_post_content_style":"default","_kad_post_vertical_padding":"default","_kad_post_feature":"","_kad_post_feature_position":"","_kad_post_header":false,"_kad_post_footer":false,"_kad_post_classname":""},"product_brand":[],"product_cat":[81,110,127],"product_tag":[],"class_list":{"0":"post-72","1":"product","2":"type-product","3":"status-publish","4":"has-post-thumbnail","6":"product_cat-maquinaria","7":"product_cat-equipos-especializados","8":"product_cat-maquinas-de-atf","10":"first","11":"instock","12":"product-type-simple","13":"entry","14":"content-bg","15":"loop-entry"},"acf":[],"_links":{"self":[{"href":"https:\/\/www.damarl.com\/en\/wp-json\/wp\/v2\/product\/72","targetHints":{"allow":["GET"]}}],"collection":[{"href":"https:\/\/www.damarl.com\/en\/wp-json\/wp\/v2\/product"}],"about":[{"href":"https:\/\/www.damarl.com\/en\/wp-json\/wp\/v2\/types\/product"}],"wp:featuredmedia":[{"embeddable":true,"href":"https:\/\/www.damarl.com\/en\/wp-json\/wp\/v2\/media\/2111"}],"wp:attachment":[{"href":"https:\/\/www.damarl.com\/en\/wp-json\/wp\/v2\/media?parent=72"}],"wp:term":[{"taxonomy":"product_brand","embeddable":true,"href":"https:\/\/www.damarl.com\/en\/wp-json\/wp\/v2\/product_brand?post=72"},{"taxonomy":"product_cat","embeddable":true,"href":"https:\/\/www.damarl.com\/en\/wp-json\/wp\/v2\/product_cat?post=72"},{"taxonomy":"product_tag","embeddable":true,"href":"https:\/\/www.damarl.com\/en\/wp-json\/wp\/v2\/product_tag?post=72"}],"curies":[{"name":"wp","href":"https:\/\/api.w.org\/{rel}","templated":true}]}}