{"id":7061,"date":"2024-09-19T14:01:37","date_gmt":"2024-09-19T14:01:37","guid":{"rendered":"https:\/\/www.damarl.com\/?post_type=product&#038;p=7061"},"modified":"2024-11-28T12:39:20","modified_gmt":"2024-11-28T12:39:20","slug":"lampara-de-led-de-repuesto-sin-cargador-inalambrico-da4010-ind","status":"publish","type":"product","link":"https:\/\/www.damarl.com\/en\/product\/lampara-de-led-de-repuesto-sin-cargador-inalambrico-da4010-ind\/","title":{"rendered":"Supplementary Induction Charging Base | DA4010-IND"},"content":{"rendered":"<p><b>Characteristics<\/b><strong>:<\/strong><\/p>\n<ul>\n<li>Wireless fast charge base<\/li>\n<li>Magnetic base<\/li>\n<li>Able to charge 2 devices simultaneously<\/li>\n<li>Wall mounting option<\/li>\n<\/ul>\n<p>&nbsp;<\/p>\n<p>&nbsp;<\/p>","protected":false},"excerpt":{"rendered":"<p>Caracter\u00edsticas: Base de carga r\u00e1pida inal\u00e1mbrica. Base Imantada. Posibilidad de dos cargas simult\u00e1neas. Opcional de colocar en la pared. &nbsp; &nbsp;<\/p>","protected":false},"featured_media":7062,"template":"","meta":{"_acf_changed":false,"_kad_post_transparent":"default","_kad_post_title":"","_kad_post_layout":"default","_kad_post_sidebar_id":"","_kad_post_content_style":"default","_kad_post_vertical_padding":"default","_kad_post_feature":"","_kad_post_feature_position":"","_kad_post_header":false,"_kad_post_footer":false,"_kad_post_classname":""},"product_brand":[],"product_cat":[80,87,175],"product_tag":[],"class_list":{"0":"post-7061","1":"product","2":"type-product","3":"status-publish","4":"has-post-thumbnail","6":"product_cat-herramientas","7":"product_cat-iluminacion","8":"product_cat-portatiles-de-taller","10":"first","11":"instock","12":"product-type-simple","13":"entry","14":"content-bg","15":"loop-entry"},"acf":[],"_links":{"self":[{"href":"https:\/\/www.damarl.com\/en\/wp-json\/wp\/v2\/product\/7061","targetHints":{"allow":["GET"]}}],"collection":[{"href":"https:\/\/www.damarl.com\/en\/wp-json\/wp\/v2\/product"}],"about":[{"href":"https:\/\/www.damarl.com\/en\/wp-json\/wp\/v2\/types\/product"}],"wp:featuredmedia":[{"embeddable":true,"href":"https:\/\/www.damarl.com\/en\/wp-json\/wp\/v2\/media\/7062"}],"wp:attachment":[{"href":"https:\/\/www.damarl.com\/en\/wp-json\/wp\/v2\/media?parent=7061"}],"wp:term":[{"taxonomy":"product_brand","embeddable":true,"href":"https:\/\/www.damarl.com\/en\/wp-json\/wp\/v2\/product_brand?post=7061"},{"taxonomy":"product_cat","embeddable":true,"href":"https:\/\/www.damarl.com\/en\/wp-json\/wp\/v2\/product_cat?post=7061"},{"taxonomy":"product_tag","embeddable":true,"href":"https:\/\/www.damarl.com\/en\/wp-json\/wp\/v2\/product_tag?post=7061"}],"curies":[{"name":"wp","href":"https:\/\/api.w.org\/{rel}","templated":true}]}}