{"id":7055,"date":"2024-09-19T13:42:14","date_gmt":"2024-09-19T13:42:14","guid":{"rendered":"https:\/\/www.damarl.com\/?post_type=product&#038;p=7055"},"modified":"2024-11-28T12:45:10","modified_gmt":"2024-11-28T12:45:10","slug":"lampara-de-led-de-repuesto-sin-cargador-inalambrico-da4010-l","status":"publish","type":"product","link":"https:\/\/www.damarl.com\/en\/product\/lampara-de-led-de-repuesto-sin-cargador-inalambrico-da4010-l\/","title":{"rendered":"Spare LED torch (wireless charger not included)  | DA4010-L"},"content":{"rendered":"<p><strong>Description:<\/strong><\/p>\n<p>Narrow and lightweight articulated LED handlamp with illumination on both sides.<br \/>\nUSB-C charging connection and wireless charging function.<\/p>\n<p><b>Characteristics<\/b><strong>:<br \/>\n<\/strong><\/p>\n<ul>\n<li>Lighting: 5W COB<\/li>\n<li>Battery: Li-ion battery 3.7V 1200mAh<\/li>\n<li>Modes: ON-OFF<\/li>\n<li>Fixation: Magnet<\/li>\n<li>Main light: 300 L\u00famenes<\/li>\n<li>Front light: 35 Lumens<\/li>\n<li>Operating time: Main light approx. 300 lm 2 hours \/ 35 lm 10 hours<\/li>\n<li>Charging time: 2.5 hours<\/li>\n<li>Power:  Induction<\/li>\n<li>Torch weight: 160g<\/li>\n<\/ul>\n<p>&nbsp;<\/p>","protected":false},"excerpt":{"rendered":"<p>Descripci\u00f3n: L\u00e1mpara de mano LED articulada, estrecha y ligera con iluminaci\u00f3n en ambos lados. Conexi\u00f3n de carga USB-C y funci\u00f3n de carga inal\u00e1mbrica. Caracter\u00edsticas: Iluminaci\u00f3n: 5W COB Bater\u00eda: Bater\u00eda Li-ion 3,7V 1200mAh Modos: ON-OFF Fijaci\u00f3n: Im\u00e1n Luz principal: 300 L\u00famenes Luz frontal: 35 L\u00famenes Tiempo de funcionamiento: Luz principal aprox. 300lm 2h \/ 35lm 10h&#8230;<\/p>","protected":false},"featured_media":7057,"template":"","meta":{"_acf_changed":false,"_kad_post_transparent":"default","_kad_post_title":"","_kad_post_layout":"default","_kad_post_sidebar_id":"","_kad_post_content_style":"default","_kad_post_vertical_padding":"default","_kad_post_feature":"","_kad_post_feature_position":"","_kad_post_header":false,"_kad_post_footer":false,"_kad_post_classname":""},"product_brand":[],"product_cat":[80,87,175],"product_tag":[],"class_list":{"0":"post-7055","1":"product","2":"type-product","3":"status-publish","4":"has-post-thumbnail","6":"product_cat-herramientas","7":"product_cat-iluminacion","8":"product_cat-portatiles-de-taller","10":"first","11":"instock","12":"product-type-simple","13":"entry","14":"content-bg","15":"loop-entry"},"acf":[],"_links":{"self":[{"href":"https:\/\/www.damarl.com\/en\/wp-json\/wp\/v2\/product\/7055","targetHints":{"allow":["GET"]}}],"collection":[{"href":"https:\/\/www.damarl.com\/en\/wp-json\/wp\/v2\/product"}],"about":[{"href":"https:\/\/www.damarl.com\/en\/wp-json\/wp\/v2\/types\/product"}],"wp:featuredmedia":[{"embeddable":true,"href":"https:\/\/www.damarl.com\/en\/wp-json\/wp\/v2\/media\/7057"}],"wp:attachment":[{"href":"https:\/\/www.damarl.com\/en\/wp-json\/wp\/v2\/media?parent=7055"}],"wp:term":[{"taxonomy":"product_brand","embeddable":true,"href":"https:\/\/www.damarl.com\/en\/wp-json\/wp\/v2\/product_brand?post=7055"},{"taxonomy":"product_cat","embeddable":true,"href":"https:\/\/www.damarl.com\/en\/wp-json\/wp\/v2\/product_cat?post=7055"},{"taxonomy":"product_tag","embeddable":true,"href":"https:\/\/www.damarl.com\/en\/wp-json\/wp\/v2\/product_tag?post=7055"}],"curies":[{"name":"wp","href":"https:\/\/api.w.org\/{rel}","templated":true}]}}