{"id":6975,"date":"2024-09-11T15:51:38","date_gmt":"2024-09-11T15:51:38","guid":{"rendered":"https:\/\/www.damarl.com\/?post_type=product&#038;p=6975"},"modified":"2024-11-13T09:22:11","modified_gmt":"2024-11-13T09:22:11","slug":"equilibradora-de-ruedas-automatica-dmb79","status":"publish","type":"product","link":"https:\/\/www.damarl.com\/en\/product\/equilibradora-de-ruedas-automatica-dmb79\/","title":{"rendered":"Automatic Wheel Balancer | DMB79"},"content":{"rendered":"<p><strong>Description:<\/strong><\/p>\r\n\r\n\r\n\r\n<ul>\r\n<li>Autocalibration<\/li>\r\n<li>Automatic distance and diameter measurement<\/li>\r\n<li>External sensor<\/li>\r\n<li>Imbalance position with laser precision<\/li>\r\n<li>Hidden weight function<\/li>\r\n<li>19\u201d LCD Monitor<\/li>\r\n<li>Brake pedal<\/li>\r\n<\/ul>\r\n<p><strong>Technical data:<\/strong><\/p>\r\n<ul>\r\n<li>Spinning speed: 200 rpm<\/li>\r\n<li>Balancing time: 8 s<\/li>\r\n<li>Accuracy: +- 1 g \/ +-5 g<\/li>\r\n<li>Shaft diameter: 40 mm<\/li>\r\n<li>Rim diameter: 10\u2033 \u2013 24\u2033<\/li>\r\n<li>Max. wheel diameter: 1100 mm<\/li>\r\n<li>Wheel width: 1,5\u2033 \u2013 20\u2033<\/li>\r\n<li>Power: 230V\/1Ph\/50Hz\/0.25kW<\/li>\r\n<li>Maximum wheel weight: 65 kg<\/li>\r\n<li>Weight: 105 kg<\/li>\r\n<\/ul>","protected":false},"excerpt":{"rendered":"<p>Descripci\u00f3n: Autocalibrado Toma de medidas de distancia y di\u00e1metro autom\u00e1tica Palpador externo L\u00e1ser con posici\u00f3n exacta del punto de desequilibrio Funci\u00f3n plomo oculto Monitor LCD 19\u201d Freno de pedal Caracter\u00edsticas T\u00e9cnicas: Velocidad de giro: 200 rpm Tiempo de equilibrado: 8 s Precisi\u00f3n: +- 1 g \/ +-5 g Di\u00e1metro de eje: 40 mm Di\u00e1metro de&#8230;<\/p>","protected":false},"featured_media":6977,"template":"","meta":{"_acf_changed":false,"_kad_post_transparent":"default","_kad_post_title":"","_kad_post_layout":"default","_kad_post_sidebar_id":"","_kad_post_content_style":"default","_kad_post_vertical_padding":"default","_kad_post_feature":"","_kad_post_feature_position":"","_kad_post_header":false,"_kad_post_footer":false,"_kad_post_classname":""},"product_brand":[],"product_cat":[135,136,81,111],"product_tag":[],"class_list":{"0":"post-6975","1":"product","2":"type-product","3":"status-publish","4":"has-post-thumbnail","6":"product_cat-equilibradoras","7":"product_cat-equilibradoras-automaticas","8":"product_cat-maquinaria","9":"product_cat-maquinaria-de-ruedas","11":"first","12":"instock","13":"product-type-simple","14":"entry","15":"content-bg","16":"loop-entry"},"acf":[],"_links":{"self":[{"href":"https:\/\/www.damarl.com\/en\/wp-json\/wp\/v2\/product\/6975","targetHints":{"allow":["GET"]}}],"collection":[{"href":"https:\/\/www.damarl.com\/en\/wp-json\/wp\/v2\/product"}],"about":[{"href":"https:\/\/www.damarl.com\/en\/wp-json\/wp\/v2\/types\/product"}],"wp:featuredmedia":[{"embeddable":true,"href":"https:\/\/www.damarl.com\/en\/wp-json\/wp\/v2\/media\/6977"}],"wp:attachment":[{"href":"https:\/\/www.damarl.com\/en\/wp-json\/wp\/v2\/media?parent=6975"}],"wp:term":[{"taxonomy":"product_brand","embeddable":true,"href":"https:\/\/www.damarl.com\/en\/wp-json\/wp\/v2\/product_brand?post=6975"},{"taxonomy":"product_cat","embeddable":true,"href":"https:\/\/www.damarl.com\/en\/wp-json\/wp\/v2\/product_cat?post=6975"},{"taxonomy":"product_tag","embeddable":true,"href":"https:\/\/www.damarl.com\/en\/wp-json\/wp\/v2\/product_tag?post=6975"}],"curies":[{"name":"wp","href":"https:\/\/api.w.org\/{rel}","templated":true}]}}