{"id":6847,"date":"2024-06-18T15:04:46","date_gmt":"2024-06-18T15:04:46","guid":{"rendered":"https:\/\/www.damarl.com\/?post_type=product&#038;p=6847"},"modified":"2024-11-12T10:46:40","modified_gmt":"2024-11-12T10:46:40","slug":"desmontadora-de-ruedas-automatica-hdm186d","status":"publish","type":"product","link":"https:\/\/www.damarl.com\/en\/product\/desmontadora-de-ruedas-automatica-hdm186d\/","title":{"rendered":"Automatic Tyre Changer | DM186D"},"content":{"rendered":"<p><strong>Standard Equipment:<\/strong><\/p>\r\n<ul>\r\n<li>Air\/oil filter regulator<\/li>\r\n<li>Tyre inflator with pressure gauge<\/li>\r\n<li>Tyre lever<\/li>\r\n<li>Soap bucket<\/li>\r\n<li>4 clamp auto-centering demount head<\/li>\r\n<li>Plastic protectors for demount head\/clamps<\/li>\r\n<li>Automatic tilting column<\/li>\r\n<li>Rounded anti-trap pedals<\/li>\r\n<li>Air tyre bead seater blaster - only for DM186TID<\/li>\r\n<\/ul>\r\n<p><strong>Technical data:<\/strong><\/p>\r\n<ul>\r\n<li>Wheel width: 3\u2033-12\u2033<\/li>\r\n<li>Wheels (from inside): 13\u2033-24\u2033<\/li>\r\n<li>Wheels (from the outside): 11\u2033-20\u2033<\/li>\r\n<li>Max. wheel diameter: 930 mm<\/li>\r\n<li>Power: 230V\/1ph\/1.1KW\/50Hz \u2013 400V\/3 ph\/0.75 kw\/50Hz\u00a0<\/li>\r\n<li>Pneumatic working pressure: 8 -10 bar<\/li>\r\n<li>Bead breaking force: 2600 kg<\/li>\r\n<li>Weight: 235 kg<\/li>\r\n<\/ul>","protected":false},"excerpt":{"rendered":"<p>Dotaci\u00f3n Est\u00e1ndar: Filtro regulador de aire \/ aceite Inflador con man\u00f3metro Barra de desmontaje neum\u00e1tico Cubo para jab\u00f3n Sistema de 4 garras de sujeci\u00f3n auto-centrante Protecciones de pl\u00e1stico para u\u00f1a\/garra Columna vertical de retroceso basculante autom\u00e1tica Pedales redondeados antiatrapamiento Tanque inflador &#8211; solo para DM186TID Datos T\u00e9cnicos: Ancho de rueda: 3&#8243;-12&#8243; Ruedas (desde el interior):&#8230;<\/p>","protected":false},"featured_media":6848,"template":"","meta":{"_acf_changed":false,"_kad_post_transparent":"default","_kad_post_title":"","_kad_post_layout":"default","_kad_post_sidebar_id":"","_kad_post_content_style":"default","_kad_post_vertical_padding":"default","_kad_post_feature":"","_kad_post_feature_position":"","_kad_post_header":false,"_kad_post_footer":false,"_kad_post_classname":""},"product_brand":[],"product_cat":[131,132,81,111],"product_tag":[],"class_list":{"0":"post-6847","1":"product","2":"type-product","3":"status-publish","4":"has-post-thumbnail","6":"product_cat-desmontadoras","7":"product_cat-desmontadoras-automaticas","8":"product_cat-maquinaria","9":"product_cat-maquinaria-de-ruedas","11":"first","12":"instock","13":"featured","14":"product-type-simple","15":"entry","16":"content-bg","17":"loop-entry"},"acf":[],"_links":{"self":[{"href":"https:\/\/www.damarl.com\/en\/wp-json\/wp\/v2\/product\/6847","targetHints":{"allow":["GET"]}}],"collection":[{"href":"https:\/\/www.damarl.com\/en\/wp-json\/wp\/v2\/product"}],"about":[{"href":"https:\/\/www.damarl.com\/en\/wp-json\/wp\/v2\/types\/product"}],"wp:featuredmedia":[{"embeddable":true,"href":"https:\/\/www.damarl.com\/en\/wp-json\/wp\/v2\/media\/6848"}],"wp:attachment":[{"href":"https:\/\/www.damarl.com\/en\/wp-json\/wp\/v2\/media?parent=6847"}],"wp:term":[{"taxonomy":"product_brand","embeddable":true,"href":"https:\/\/www.damarl.com\/en\/wp-json\/wp\/v2\/product_brand?post=6847"},{"taxonomy":"product_cat","embeddable":true,"href":"https:\/\/www.damarl.com\/en\/wp-json\/wp\/v2\/product_cat?post=6847"},{"taxonomy":"product_tag","embeddable":true,"href":"https:\/\/www.damarl.com\/en\/wp-json\/wp\/v2\/product_tag?post=6847"}],"curies":[{"name":"wp","href":"https:\/\/api.w.org\/{rel}","templated":true}]}}