{"id":6748,"date":"2024-06-14T09:46:42","date_gmt":"2024-06-14T09:46:42","guid":{"rendered":"https:\/\/www.damarl.com\/?post_type=product&#038;p=6748"},"modified":"2024-12-03T08:11:20","modified_gmt":"2024-12-03T08:11:20","slug":"lampara-tripode-telescopico-2000-lumenes-da4012","status":"publish","type":"product","link":"https:\/\/www.damarl.com\/en\/product\/lampara-tripode-telescopico-2000-lumenes-da4012\/","title":{"rendered":"Telescopic Tripod Floodlight 200 Lumens  | DA4012"},"content":{"rendered":"<p><b>Characteristics<\/b><strong>:<\/strong><\/p>\n<p>\u2022 Lighting: White light + SMD with warm light<br \/>\n\u2022 Battery: 7.4 V 2000 mAh<br \/>\n\u2022  2 lighting modes: warm light \/ cold light<br \/>\n\u2022 Maximum intensity: 2000 lumens<br \/>\n\u2022 3 levels of intensity<br \/>\n\u2022 Protection IP: IP54 + IK07<br \/>\n\u2022  Running time: 4.5 hours<br \/>\n\u2022 Fuente de alimentaci\u00f3n: 8.4V-1.5A<br \/>\n\u2022 Totalmente plegable: S\u00ed<br \/>\n\u2022 Dimensiones: 120x150x820mm<\/p>","protected":false},"excerpt":{"rendered":"<p>Caracter\u00edsticas: \u2022 Iluminaci\u00f3n: Luz blanca + SMD con luz c\u00e1lida \u2022 Bater\u00eda: 7.4 V 2000 mAh \u2022 Dos modos de iluminaci\u00f3n: Luz c\u00e1lida &#8211; Luz fr\u00eda \u2022 Intensidad m\u00e1xima: 2000 l\u00famenes \u2022 3 niveles de intensidad \u2022 Protecci\u00f3n IP: IP54 + IK07 \u2022 Tiempo de funcionamiento: 4.5 horas \u2022 Fuente de alimentaci\u00f3n: 8.4V-1.5A \u2022 Totalmente&#8230;<\/p>","protected":false},"featured_media":6749,"template":"","meta":{"_acf_changed":false,"_kad_post_transparent":"default","_kad_post_title":"","_kad_post_layout":"default","_kad_post_sidebar_id":"","_kad_post_content_style":"default","_kad_post_vertical_padding":"default","_kad_post_feature":"","_kad_post_feature_position":"","_kad_post_header":false,"_kad_post_footer":false,"_kad_post_classname":""},"product_brand":[],"product_cat":[177,80,87],"product_tag":[],"class_list":{"0":"post-6748","1":"product","2":"type-product","3":"status-publish","4":"has-post-thumbnail","6":"product_cat-focos","7":"product_cat-herramientas","8":"product_cat-iluminacion","10":"first","11":"instock","12":"product-type-simple","13":"entry","14":"content-bg","15":"loop-entry"},"acf":[],"_links":{"self":[{"href":"https:\/\/www.damarl.com\/en\/wp-json\/wp\/v2\/product\/6748","targetHints":{"allow":["GET"]}}],"collection":[{"href":"https:\/\/www.damarl.com\/en\/wp-json\/wp\/v2\/product"}],"about":[{"href":"https:\/\/www.damarl.com\/en\/wp-json\/wp\/v2\/types\/product"}],"wp:featuredmedia":[{"embeddable":true,"href":"https:\/\/www.damarl.com\/en\/wp-json\/wp\/v2\/media\/6749"}],"wp:attachment":[{"href":"https:\/\/www.damarl.com\/en\/wp-json\/wp\/v2\/media?parent=6748"}],"wp:term":[{"taxonomy":"product_brand","embeddable":true,"href":"https:\/\/www.damarl.com\/en\/wp-json\/wp\/v2\/product_brand?post=6748"},{"taxonomy":"product_cat","embeddable":true,"href":"https:\/\/www.damarl.com\/en\/wp-json\/wp\/v2\/product_cat?post=6748"},{"taxonomy":"product_tag","embeddable":true,"href":"https:\/\/www.damarl.com\/en\/wp-json\/wp\/v2\/product_tag?post=6748"}],"curies":[{"name":"wp","href":"https:\/\/api.w.org\/{rel}","templated":true}]}}