{"id":6558,"date":"2024-06-05T09:57:28","date_gmt":"2024-06-05T09:57:28","guid":{"rendered":"https:\/\/www.damarl.com\/?post_type=product&#038;p=6558"},"modified":"2025-03-06T09:49:34","modified_gmt":"2025-03-06T09:49:34","slug":"elevador-tijera-movil-para-taller-dm3-5w","status":"publish","type":"product","link":"https:\/\/www.damarl.com\/en\/product\/elevador-tijera-movil-para-taller-dm3-5w\/","title":{"rendered":"Surface Scissor Lift 3.5T | DM3.5W"},"content":{"rendered":"<p><strong>Description:<\/strong><\/p>\r\n<p>\r\n\r\n<\/p>\r\n<ul>\r\n<li>Surface mounted<\/li>\r\n<li>Horizontal locking ramps<\/li>\r\n<li>Maximum height top limit switch<\/li>\r\n<li>Boot system to lift heavier weights\nfrom the lowest position<\/li>\r\n<li>Extension pads for different types of vehicle<\/li>\r\n<\/ul>\r\n<p><strong>Technical data:<\/strong><\/p>\r\n\r\n\r\n\r\n<ul>\r\n<li>Capacity: 3.500 kg<\/li>\r\n<li>Lifting height: 1830 mm<\/li>\r\n<li>Minimum height: 110 mm<\/li>\r\n<li>Lifting time: 45 s<\/li>\r\n<li>Dimensions \/ Ramps included: 1940\/2160 mm<\/li>\r\n<li>Distance between platforms: 800 mm<\/li>\r\n<li>Power: 2.2 kw \/ 230V \/ 400V<\/li>\r\n<li>Weight: 905 kg<\/li>\r\n<\/ul>\r\n\r\n\r\n\r\n\r\n\r\n<p><strong>Pads included:<\/strong><\/p>\r\n\r\n\r\n\r\n<ul>\r\n<li>4 x Pads 10x12x5 cm<\/li>\r\n<\/ul>\r\n\r\n<p>&nbsp;<\/p>","protected":false},"excerpt":{"rendered":"<p>Descripci\u00f3n: Elevador de tijera para instalaci\u00f3n en superficie Rampas con bloqueo horizontal Micro interruptor final de carrera Mecanismo de arranque para levantar mayor carga desde la posici\u00f3n m\u00e1s baja Calzos para distintos tipos de veh\u00edculos Datos T\u00e9cnicos: Capacidad de carga: 3.500 kg Altura de elevaci\u00f3n: 1830 mm Altura m\u00ednima: 110 mm Tiempo de subida: 45&#8230;<\/p>","protected":false},"featured_media":6559,"template":"","meta":{"_acf_changed":false,"_kad_post_transparent":"default","_kad_post_title":"","_kad_post_layout":"default","_kad_post_sidebar_id":"","_kad_post_content_style":"default","_kad_post_vertical_padding":"default","_kad_post_feature":"","_kad_post_feature_position":"","_kad_post_header":false,"_kad_post_footer":false,"_kad_post_classname":""},"product_brand":[],"product_cat":[81,109,117,123],"product_tag":[],"class_list":{"0":"post-6558","1":"product","2":"type-product","3":"status-publish","4":"has-post-thumbnail","6":"product_cat-maquinaria","7":"product_cat-elevadores","8":"product_cat-elevadores-de-taller","9":"product_cat-elevadores-de-tijera","11":"first","12":"instock","13":"product-type-simple","14":"entry","15":"content-bg","16":"loop-entry"},"acf":[],"_links":{"self":[{"href":"https:\/\/www.damarl.com\/en\/wp-json\/wp\/v2\/product\/6558","targetHints":{"allow":["GET"]}}],"collection":[{"href":"https:\/\/www.damarl.com\/en\/wp-json\/wp\/v2\/product"}],"about":[{"href":"https:\/\/www.damarl.com\/en\/wp-json\/wp\/v2\/types\/product"}],"wp:featuredmedia":[{"embeddable":true,"href":"https:\/\/www.damarl.com\/en\/wp-json\/wp\/v2\/media\/6559"}],"wp:attachment":[{"href":"https:\/\/www.damarl.com\/en\/wp-json\/wp\/v2\/media?parent=6558"}],"wp:term":[{"taxonomy":"product_brand","embeddable":true,"href":"https:\/\/www.damarl.com\/en\/wp-json\/wp\/v2\/product_brand?post=6558"},{"taxonomy":"product_cat","embeddable":true,"href":"https:\/\/www.damarl.com\/en\/wp-json\/wp\/v2\/product_cat?post=6558"},{"taxonomy":"product_tag","embeddable":true,"href":"https:\/\/www.damarl.com\/en\/wp-json\/wp\/v2\/product_tag?post=6558"}],"curies":[{"name":"wp","href":"https:\/\/api.w.org\/{rel}","templated":true}]}}