{"id":6504,"date":"2024-05-30T14:55:22","date_gmt":"2024-05-30T14:55:22","guid":{"rendered":"https:\/\/www.damarl.com\/?post_type=product&#038;p=6504"},"modified":"2024-10-11T13:17:29","modified_gmt":"2024-10-11T13:17:29","slug":"elevador-tijera-de-empotrar-dm4-0pro","status":"publish","type":"product","link":"https:\/\/www.damarl.com\/en\/product\/elevador-tijera-de-empotrar-dm4-0pro\/","title":{"rendered":"Recessed Scissor Lift4T | DM4.0PRO"},"content":{"rendered":"<p><strong>Description:<\/strong><\/p>\r\n\r\n\r\n\r\n<ul>\r\n<li>Recessed or on ground installation<\/li>\r\n<li>Also compatible for surface installation<\/li>\r\n<li>Low rise<\/li>\r\n<li>Double platform extension<\/li>\r\n<li>Maximum height top limit switch<\/li>\r\n<li>Boot system to lift heavier weights\nfrom the lowest position<\/li>\r\n<li>Extension pads for different types of vehicle<\/li>\r\n<li>Double independent hydraulic circuit safety system<\/li>\r\n<\/ul>\r\n\r\n<p><strong>Technical data:<\/strong><\/p>\r\n<p><!-- \/wp:post-content -->\r\n\r\n<!-- wp:paragraph --><\/p>\r\n<ul>\r\n<li>Capacity: 4000 kg<\/li>\r\n<li>Lifting range: 117 \u2013 1942 mm<\/li>\r\n<li>Lifting time: 60s<\/li>\r\n<li>Lowering time: 60s<\/li>\r\n<li>Power: 400 V \/ 3 PH \/ 50 Hz<\/li>\r\n<li>Weight: 840 kg<\/li>\r\n<\/ul>","protected":false},"excerpt":{"rendered":"<p>Descripci\u00f3n: Elevador de tijera de empotrar Compatible para instalaci\u00f3n en superficie Perfil bajo Plataformas extensibles. Doble extensi\u00f3n Micro interruptor final de carrera Mecanismo de arranque para levantar mayor carga desde la posici\u00f3n m\u00e1s baja Calzos para distintos tipos de veh\u00edculos Seguridad mediante doble circuito hidr\u00e1ulico independiente Datos t\u00e9cnicos: Capacidad m\u00e1xima: 4000 kg Rango de elevaci\u00f3n:&#8230;<\/p>","protected":false},"featured_media":6505,"template":"","meta":{"_acf_changed":false,"_kad_post_transparent":"default","_kad_post_title":"","_kad_post_layout":"default","_kad_post_sidebar_id":"","_kad_post_content_style":"default","_kad_post_vertical_padding":"default","_kad_post_feature":"","_kad_post_feature_position":"","_kad_post_header":false,"_kad_post_footer":false,"_kad_post_classname":""},"product_brand":[],"product_cat":[81,109,123],"product_tag":[],"class_list":{"0":"post-6504","1":"product","2":"type-product","3":"status-publish","4":"has-post-thumbnail","6":"product_cat-maquinaria","7":"product_cat-elevadores","8":"product_cat-elevadores-de-tijera","10":"first","11":"instock","12":"product-type-simple","13":"entry","14":"content-bg","15":"loop-entry"},"acf":[],"_links":{"self":[{"href":"https:\/\/www.damarl.com\/en\/wp-json\/wp\/v2\/product\/6504","targetHints":{"allow":["GET"]}}],"collection":[{"href":"https:\/\/www.damarl.com\/en\/wp-json\/wp\/v2\/product"}],"about":[{"href":"https:\/\/www.damarl.com\/en\/wp-json\/wp\/v2\/types\/product"}],"wp:featuredmedia":[{"embeddable":true,"href":"https:\/\/www.damarl.com\/en\/wp-json\/wp\/v2\/media\/6505"}],"wp:attachment":[{"href":"https:\/\/www.damarl.com\/en\/wp-json\/wp\/v2\/media?parent=6504"}],"wp:term":[{"taxonomy":"product_brand","embeddable":true,"href":"https:\/\/www.damarl.com\/en\/wp-json\/wp\/v2\/product_brand?post=6504"},{"taxonomy":"product_cat","embeddable":true,"href":"https:\/\/www.damarl.com\/en\/wp-json\/wp\/v2\/product_cat?post=6504"},{"taxonomy":"product_tag","embeddable":true,"href":"https:\/\/www.damarl.com\/en\/wp-json\/wp\/v2\/product_tag?post=6504"}],"curies":[{"name":"wp","href":"https:\/\/api.w.org\/{rel}","templated":true}]}}