{"id":65,"date":"2023-03-31T10:50:19","date_gmt":"2023-03-31T10:50:19","guid":{"rendered":"https:\/\/webs.anubissolutions.es\/newdamarl\/producto\/ultrasonidos-dau30\/"},"modified":"2024-11-13T13:01:36","modified_gmt":"2024-11-13T13:01:36","slug":"lavadora-ultrasonidos-dau30","status":"publish","type":"product","link":"https:\/\/www.damarl.com\/en\/product\/lavadora-ultrasonidos-dau30\/","title":{"rendered":"Ultrasonic Cleaner | DAU30"},"content":{"rendered":"<p><strong>Specifications:<\/strong><\/p>\r\n\r\n\r\n\r\n<ul>\r\n<li>Main switch<\/li>\r\n<li>Timer settings<\/li>\r\n<li>Temperature settings 0 \u00baC - 80 \u00baC<\/li>\r\n<li>Handles integrated in the outer paneling<\/li>\r\n<li>Power level settings 50 % - 100 %<\/li>\r\n<li>Stainless steel basket with hook system for loading, unloading and draining of pieces<\/li>\r\n<li>Ball valve for  \u00bd\" drain<\/li>\r\n<li>Silentblock base feet<\/li>\r\n<\/ul>","protected":false},"excerpt":{"rendered":"<p>Especificaciones: Interruptor general Configuraci\u00f3n de tiempo de acci\u00f3n Configuraci\u00f3n de temperatura 0 \u00baC &#8211; 80 \u00baC Configuraci\u00f3n de nivel de potencia 50 % &#8211; 100 % Asas integradas en el panelado exterior Cesta de acero INOX con sistema de anclaje para carga, descarga y escurrido de piezas V\u00e1lvula de bola para desag\u00fce de \u00bd pulgada&#8230;<\/p>","protected":false},"featured_media":2119,"template":"","meta":{"_acf_changed":false,"_kad_post_transparent":"default","_kad_post_title":"","_kad_post_layout":"default","_kad_post_sidebar_id":"","_kad_post_content_style":"default","_kad_post_vertical_padding":"default","_kad_post_feature":"","_kad_post_feature_position":"","_kad_post_header":false,"_kad_post_footer":false,"_kad_post_classname":""},"product_brand":[],"product_cat":[126,110,81],"product_tag":[],"class_list":{"0":"post-65","1":"product","2":"type-product","3":"status-publish","4":"has-post-thumbnail","6":"product_cat-equipos-de-limpieza-ultrasonidos","7":"product_cat-equipos-especializados","8":"product_cat-maquinaria","10":"first","11":"instock","12":"product-type-simple","13":"entry","14":"content-bg","15":"loop-entry"},"acf":[],"_links":{"self":[{"href":"https:\/\/www.damarl.com\/en\/wp-json\/wp\/v2\/product\/65","targetHints":{"allow":["GET"]}}],"collection":[{"href":"https:\/\/www.damarl.com\/en\/wp-json\/wp\/v2\/product"}],"about":[{"href":"https:\/\/www.damarl.com\/en\/wp-json\/wp\/v2\/types\/product"}],"wp:featuredmedia":[{"embeddable":true,"href":"https:\/\/www.damarl.com\/en\/wp-json\/wp\/v2\/media\/2119"}],"wp:attachment":[{"href":"https:\/\/www.damarl.com\/en\/wp-json\/wp\/v2\/media?parent=65"}],"wp:term":[{"taxonomy":"product_brand","embeddable":true,"href":"https:\/\/www.damarl.com\/en\/wp-json\/wp\/v2\/product_brand?post=65"},{"taxonomy":"product_cat","embeddable":true,"href":"https:\/\/www.damarl.com\/en\/wp-json\/wp\/v2\/product_cat?post=65"},{"taxonomy":"product_tag","embeddable":true,"href":"https:\/\/www.damarl.com\/en\/wp-json\/wp\/v2\/product_tag?post=65"}],"curies":[{"name":"wp","href":"https:\/\/api.w.org\/{rel}","templated":true}]}}