{"id":6491,"date":"2024-05-30T10:40:59","date_gmt":"2024-05-30T10:40:59","guid":{"rendered":"https:\/\/www.damarl.com\/?post_type=product&#038;p=6491"},"modified":"2024-10-11T11:44:52","modified_gmt":"2024-10-11T11:44:52","slug":"elevador-tijera-movil-para-taller-dm3-5mv","status":"publish","type":"product","link":"https:\/\/www.damarl.com\/en\/product\/elevador-tijera-movil-para-taller-dm3-5mv\/","title":{"rendered":"Mobile Scissor Lift 3.5T | DM3.5MV"},"content":{"rendered":"<p>Mobile scissor lift for quick fit workshops\u00a0<\/p>\r\n<p><strong>Description:<\/strong><\/p>\r\n<p>\r\n\r\n<\/p>\r\n<ul>\r\n<li>Movable kit devices<\/li>\r\n<li>Horizontal locking ramps<\/li>\r\n<li>Electrical unlocking system<\/li>\r\n<li>Mechanical locking system<\/li>\r\n<li>Maximum height top limit switch<\/li>\r\n<li>Boot system to lift heavier weights\nfrom the lowest position<\/li>\r\n<li>No installation required<\/li>\r\n<\/ul>\r\n<p><strong>Technical data:<\/strong><\/p>\r\n\r\n\r\n\r\n<ul>\r\n<li>Capacity: 3.500 kg<\/li>\r\n<li>Maximum height: 1000 mm<\/li>\r\n<li>Minimum height: 110 mm<\/li>\r\n<li>Lifting time: 30s<\/li>\r\n<li>Dimensions \/ Ramps included: 1400\/1940 mm<\/li>\r\n<li>Total width: 1760 mm<\/li>\r\n<li>Distance between platforms:  700 mm<\/li>\r\n<li>Power: 2.2 kw \/ 230 V<\/li>\r\n<li>Weight: 605 kg<\/li>\r\n<\/ul>\r\n\r\n\r\n\r\n\r\n\r\n<p><strong>Pads included:<\/strong><\/p>\r\n\r\n\r\n\r\n<ul>\r\n<li>4 x Pads 10x12x5 cm<\/li>\r\n<\/ul>","protected":false},"excerpt":{"rendered":"<p>Elevador m\u00f3vil para talleres de mec\u00e1nica r\u00e1pida\u00a0 Descripci\u00f3n: Equipado de kit de m\u00f3vil Rampas con bloqueo horizontal Sistema de desbloqueo el\u00e9ctrico Sistema de bloqueo mec\u00e1nico Micro interruptor final de carrera Mecanismo de arranque para levantar mayor carga desde la posici\u00f3n m\u00e1s baja No requiere instalaci\u00f3n Datos T\u00e9cnicos: Capacidad de carga: 3.500 kg Altura m\u00e1xima: 1000&#8230;<\/p>","protected":false},"featured_media":6492,"template":"","meta":{"_acf_changed":false,"_kad_post_transparent":"default","_kad_post_title":"","_kad_post_layout":"default","_kad_post_sidebar_id":"","_kad_post_content_style":"default","_kad_post_vertical_padding":"default","_kad_post_feature":"","_kad_post_feature_position":"","_kad_post_header":false,"_kad_post_footer":false,"_kad_post_classname":""},"product_brand":[],"product_cat":[81,109,117,123,124],"product_tag":[],"class_list":{"0":"post-6491","1":"product","2":"type-product","3":"status-publish","4":"has-post-thumbnail","6":"product_cat-maquinaria","7":"product_cat-elevadores","8":"product_cat-elevadores-de-taller","9":"product_cat-elevadores-de-tijera","10":"product_cat-elevadores-movil","12":"first","13":"instock","14":"product-type-simple","15":"entry","16":"content-bg","17":"loop-entry"},"acf":[],"_links":{"self":[{"href":"https:\/\/www.damarl.com\/en\/wp-json\/wp\/v2\/product\/6491","targetHints":{"allow":["GET"]}}],"collection":[{"href":"https:\/\/www.damarl.com\/en\/wp-json\/wp\/v2\/product"}],"about":[{"href":"https:\/\/www.damarl.com\/en\/wp-json\/wp\/v2\/types\/product"}],"wp:featuredmedia":[{"embeddable":true,"href":"https:\/\/www.damarl.com\/en\/wp-json\/wp\/v2\/media\/6492"}],"wp:attachment":[{"href":"https:\/\/www.damarl.com\/en\/wp-json\/wp\/v2\/media?parent=6491"}],"wp:term":[{"taxonomy":"product_brand","embeddable":true,"href":"https:\/\/www.damarl.com\/en\/wp-json\/wp\/v2\/product_brand?post=6491"},{"taxonomy":"product_cat","embeddable":true,"href":"https:\/\/www.damarl.com\/en\/wp-json\/wp\/v2\/product_cat?post=6491"},{"taxonomy":"product_tag","embeddable":true,"href":"https:\/\/www.damarl.com\/en\/wp-json\/wp\/v2\/product_tag?post=6491"}],"curies":[{"name":"wp","href":"https:\/\/api.w.org\/{rel}","templated":true}]}}