{"id":6478,"date":"2024-05-29T15:22:22","date_gmt":"2024-05-29T15:22:22","guid":{"rendered":"https:\/\/www.damarl.com\/?post_type=product&#038;p=6478"},"modified":"2024-10-22T15:16:14","modified_gmt":"2024-10-22T15:16:14","slug":"elevador-4-columnas-para-taller-dm5-4700m0t","status":"publish","type":"product","link":"https:\/\/www.damarl.com\/en\/product\/elevador-4-columnas-para-taller-dm5-4700m0t\/","title":{"rendered":"4 Post Lift 5T |  DM5.4700M0T"},"content":{"rendered":"<p><strong>Description:<\/strong><\/p>\r\n<p>\r\n\r\n<\/p>\r\n<ul>\r\n<li>Electro-hydraulic<\/li>\r\n<li>Equipped to handle alignment<\/li>\r\n<li>Lockable slip plates<\/li>\r\n<li>Adjustable plates for alignment trays<\/li>\r\n<li>Lowering solenoid valve<\/li>\r\n<li>Pneumatic locking system<\/li>\r\n<li>Steel rope security switch<\/li>\r\n<li>Top limit switch<\/li>\r\n<\/ul>\r\n<p><strong>Technical data:<\/strong><\/p>\r\n<p>\r\n\r\n<\/p>\r\n<ul>\r\n<li>Capacity: 5000kg<\/li>\r\n<li>Maximum lift: 1900 mm<\/li>\r\n<li>Rise and fall time: 120 s<\/li>\r\n<li>Height: 2369 mm<\/li>\r\n<li>Width: 3206 mm<\/li>\r\n<li>Total weight: 1350 kg<\/li>\r\n<li>Power: 2.2 KW \/ 400 V \/ 3 PH \/ 50 Hz\u00a0<\/li>\r\n<\/ul>\r\n<p>&nbsp;<\/p>\r\n<p>\r\n\r\n<\/p>","protected":false},"excerpt":{"rendered":"<p>Descripci\u00f3n: Electrohidr\u00e1ulico Equipado para alineaci\u00f3n Placas traseras pivotantes Placas ajustables para platos de alineaci\u00f3n Electrov\u00e1lvula de bajada Sistema de bloqueo electro-neum\u00e1tico Micros de seguridad de cables Micros de final de carrera Datos t\u00e9cnicos: Capacidad m\u00e1xima: 5000 kg Elevaci\u00f3n m\u00e1xima: 1900 mm Tiempo de subida y bajada: 120 s Altura: 2369 mm Ancho: 3206 mm Peso&#8230;<\/p>","protected":false},"featured_media":6479,"template":"","meta":{"_acf_changed":false,"_kad_post_transparent":"default","_kad_post_title":"","_kad_post_layout":"default","_kad_post_sidebar_id":"","_kad_post_content_style":"default","_kad_post_vertical_padding":"default","_kad_post_feature":"","_kad_post_feature_position":"","_kad_post_header":false,"_kad_post_footer":false,"_kad_post_classname":""},"product_brand":[],"product_cat":[109,120,117,81],"product_tag":[],"class_list":{"0":"post-6478","1":"product","2":"type-product","3":"status-publish","4":"has-post-thumbnail","6":"product_cat-elevadores","7":"product_cat-elevadores-de-4-columnas","8":"product_cat-elevadores-de-taller","9":"product_cat-maquinaria","11":"first","12":"instock","13":"product-type-simple","14":"entry","15":"content-bg","16":"loop-entry"},"acf":[],"_links":{"self":[{"href":"https:\/\/www.damarl.com\/en\/wp-json\/wp\/v2\/product\/6478","targetHints":{"allow":["GET"]}}],"collection":[{"href":"https:\/\/www.damarl.com\/en\/wp-json\/wp\/v2\/product"}],"about":[{"href":"https:\/\/www.damarl.com\/en\/wp-json\/wp\/v2\/types\/product"}],"wp:featuredmedia":[{"embeddable":true,"href":"https:\/\/www.damarl.com\/en\/wp-json\/wp\/v2\/media\/6479"}],"wp:attachment":[{"href":"https:\/\/www.damarl.com\/en\/wp-json\/wp\/v2\/media?parent=6478"}],"wp:term":[{"taxonomy":"product_brand","embeddable":true,"href":"https:\/\/www.damarl.com\/en\/wp-json\/wp\/v2\/product_brand?post=6478"},{"taxonomy":"product_cat","embeddable":true,"href":"https:\/\/www.damarl.com\/en\/wp-json\/wp\/v2\/product_cat?post=6478"},{"taxonomy":"product_tag","embeddable":true,"href":"https:\/\/www.damarl.com\/en\/wp-json\/wp\/v2\/product_tag?post=6478"}],"curies":[{"name":"wp","href":"https:\/\/api.w.org\/{rel}","templated":true}]}}