{"id":6444,"date":"2024-05-28T13:58:15","date_gmt":"2024-05-28T13:58:15","guid":{"rendered":"https:\/\/www.damarl.com\/?post_type=product&#038;p=6444"},"modified":"2025-03-04T11:26:31","modified_gmt":"2025-03-04T11:26:31","slug":"elevador-2-columnas-electromecanico-dm4-0em","status":"publish","type":"product","link":"https:\/\/www.damarl.com\/en\/product\/elevador-2-columnas-electromecanico-dm4-0em\/","title":{"rendered":"2 Post Electro-Mechanical Lift  4T | DM4.0EM"},"content":{"rendered":"<p><strong>Technical data:<\/strong><\/p>\r\n<p>\r\n\r\n<\/p>\r\n<ul>\r\n<li>Capacity: 4000kg<\/li>\r\n<li>Power supply: 2 x 3.6 KW \/ 400V \/ 3ph \/ 50Hz<\/li>\r\n<li>Lifting range: 85 \u2013 1850 mm<\/li>\r\n<li>Height: 4200 mm<\/li>\r\n<li>Width: 3570 mm<\/li>\r\n<li>Total weight: 835 kg<\/li>\r\n<\/ul>\r\n<p>\r\n\r\n<\/p>\r\n<p><strong>Description:<\/strong><\/p>\r\n<p>\r\n\r\n<\/p>\r\n<ul>\r\n<li>Control operation 24 V<\/li>\r\n<li>Limit switch maximum height<\/li>\r\n<li>Mechanical transmission with 2 independent engines<\/li>\r\n<li>Quick cable connection to control box<\/li>\r\n<li>Double safety locking nut<\/li>\r\n<li>Limit switch for cable breakage and maximum height<\/li>\r\n<\/ul>","protected":false},"excerpt":{"rendered":"<p>Caracter\u00edsticas T\u00e9cnicas: Capacidad: 4000 kg Alimentaci\u00f3n: 2 x 3.6 KW \/ 400V \/ 3ph \/ 50Hz Rango de elevaci\u00f3n: 85 \u2013 1850 mm Altura: 4200 mm Anchura: 3570 mm Peso total: 835 kg Descripci\u00f3n: Maniobra de control 24 V Final de carrera altura m\u00e1xima Transmisi\u00f3n mec\u00e1nica con 2 motores independientes Conexi\u00f3n r\u00e1pida cables a caja&#8230;<\/p>","protected":false},"featured_media":9380,"template":"","meta":{"_acf_changed":false,"_kad_post_transparent":"default","_kad_post_title":"","_kad_post_layout":"default","_kad_post_sidebar_id":"","_kad_post_content_style":"default","_kad_post_vertical_padding":"default","_kad_post_feature":"","_kad_post_feature_position":"","_kad_post_header":false,"_kad_post_footer":false,"_kad_post_classname":""},"product_brand":[],"product_cat":[109,119,117,81],"product_tag":[],"class_list":{"0":"post-6444","1":"product","2":"type-product","3":"status-publish","4":"has-post-thumbnail","6":"product_cat-elevadores","7":"product_cat-elevadores-de-2-columnas","8":"product_cat-elevadores-de-taller","9":"product_cat-maquinaria","11":"first","12":"instock","13":"product-type-simple","14":"entry","15":"content-bg","16":"loop-entry"},"acf":[],"_links":{"self":[{"href":"https:\/\/www.damarl.com\/en\/wp-json\/wp\/v2\/product\/6444","targetHints":{"allow":["GET"]}}],"collection":[{"href":"https:\/\/www.damarl.com\/en\/wp-json\/wp\/v2\/product"}],"about":[{"href":"https:\/\/www.damarl.com\/en\/wp-json\/wp\/v2\/types\/product"}],"wp:featuredmedia":[{"embeddable":true,"href":"https:\/\/www.damarl.com\/en\/wp-json\/wp\/v2\/media\/9380"}],"wp:attachment":[{"href":"https:\/\/www.damarl.com\/en\/wp-json\/wp\/v2\/media?parent=6444"}],"wp:term":[{"taxonomy":"product_brand","embeddable":true,"href":"https:\/\/www.damarl.com\/en\/wp-json\/wp\/v2\/product_brand?post=6444"},{"taxonomy":"product_cat","embeddable":true,"href":"https:\/\/www.damarl.com\/en\/wp-json\/wp\/v2\/product_cat?post=6444"},{"taxonomy":"product_tag","embeddable":true,"href":"https:\/\/www.damarl.com\/en\/wp-json\/wp\/v2\/product_tag?post=6444"}],"curies":[{"name":"wp","href":"https:\/\/api.w.org\/{rel}","templated":true}]}}