{"id":6403,"date":"2024-05-28T08:43:54","date_gmt":"2024-05-28T08:43:54","guid":{"rendered":"https:\/\/www.damarl.com\/?post_type=product&#038;p=6403"},"modified":"2024-10-14T16:11:12","modified_gmt":"2024-10-14T16:11:12","slug":"elevador-de-coches-columna-movil-para-camion","status":"publish","type":"product","link":"https:\/\/www.damarl.com\/en\/product\/elevador-de-coches-columna-movil-para-camion\/","title":{"rendered":"Mobile Column with Wireless System | DM8500"},"content":{"rendered":"<p><strong>Description:<\/strong><\/p>\r\n<h2><!-- \/wp:post-content -->\r\n\r\n<!-- wp:paragraph --><\/h2>\r\n<ul>\r\n<li>Designed for heavy-duty vehicles: buses, forklifts, trucks, plant and agri equipment<\/li>\r\n<li>Column system combinable with 2 \u2013 16 columns<\/li>\r\n<li>Variable automatic lifting\/lowering speed<\/li>\r\n<li>Possibility to be set as master or slave column<\/li>\r\n<li>Touch screen with instructions<\/li>\r\n<li>Ajustable width forks to adapt to different wheel diameters<\/li>\r\n<li>Safety stop function (in case of failure or desynchronisation)<\/li>\r\n<\/ul>\r\n<p><strong>Technical data:<\/strong><\/p>\r\n<h2><!-- \/wp:paragraph -->\r\n\r\n<!-- wp:paragraph --><\/h2>\r\n<ul>\r\n<li>Maximum capacity: 8500 kg<\/li>\r\n<li>Maximum lift: 1700 mm<\/li>\r\n<li>Lifting time: 120 s<\/li>\r\n<li>Height: 3730 mm<\/li>\r\n<li>Length: 1384 mm<\/li>\r\n<li>Width: 1145 mm<\/li>\r\n<li>Power: 2.2 KW \/ DC 24V<\/li>\r\n<li>Total weight: 810kg<\/li>\r\n<\/ul>","protected":false},"excerpt":{"rendered":"<p>Descripci\u00f3n: Dise\u00f1ado para veh\u00edculos de gran tama\u00f1o: buses, montacargas, camiones, entre otros Sistema de elevaci\u00f3n combinable con 2 \u2013 16 columnas Variaci\u00f3n autom\u00e1tica de velocidad de elevaci\u00f3n\/descenso Posibilidad de elegir cualquier columna como principal Pantalla t\u00e1ctil con instrucciones Horquillas con ancho ajustable Parada de seguridad (en caso de aver\u00eda o desincronizaci\u00f3n) Datos t\u00e9cnicos: Capacidad m\u00e1xima:&#8230;<\/p>","protected":false},"featured_media":6418,"template":"","meta":{"_acf_changed":false,"_kad_post_transparent":"default","_kad_post_title":"","_kad_post_layout":"default","_kad_post_sidebar_id":"","_kad_post_content_style":"default","_kad_post_vertical_padding":"default","_kad_post_feature":"","_kad_post_feature_position":"","_kad_post_header":false,"_kad_post_footer":false,"_kad_post_classname":""},"product_brand":[],"product_cat":[109,173,81],"product_tag":[],"class_list":{"0":"post-6403","1":"product","2":"type-product","3":"status-publish","4":"has-post-thumbnail","6":"product_cat-elevadores","7":"product_cat-elevadores-de-camion","8":"product_cat-maquinaria","10":"first","11":"instock","12":"product-type-simple","13":"entry","14":"content-bg","15":"loop-entry"},"acf":[],"_links":{"self":[{"href":"https:\/\/www.damarl.com\/en\/wp-json\/wp\/v2\/product\/6403","targetHints":{"allow":["GET"]}}],"collection":[{"href":"https:\/\/www.damarl.com\/en\/wp-json\/wp\/v2\/product"}],"about":[{"href":"https:\/\/www.damarl.com\/en\/wp-json\/wp\/v2\/types\/product"}],"wp:featuredmedia":[{"embeddable":true,"href":"https:\/\/www.damarl.com\/en\/wp-json\/wp\/v2\/media\/6418"}],"wp:attachment":[{"href":"https:\/\/www.damarl.com\/en\/wp-json\/wp\/v2\/media?parent=6403"}],"wp:term":[{"taxonomy":"product_brand","embeddable":true,"href":"https:\/\/www.damarl.com\/en\/wp-json\/wp\/v2\/product_brand?post=6403"},{"taxonomy":"product_cat","embeddable":true,"href":"https:\/\/www.damarl.com\/en\/wp-json\/wp\/v2\/product_cat?post=6403"},{"taxonomy":"product_tag","embeddable":true,"href":"https:\/\/www.damarl.com\/en\/wp-json\/wp\/v2\/product_tag?post=6403"}],"curies":[{"name":"wp","href":"https:\/\/api.w.org\/{rel}","templated":true}]}}