{"id":5888,"date":"2024-01-09T12:17:10","date_gmt":"2024-01-09T12:17:10","guid":{"rendered":"https:\/\/www.damarl.com\/?post_type=product&#038;p=5888"},"modified":"2024-11-12T10:28:31","modified_gmt":"2024-11-12T10:28:31","slug":"desmontadora-de-ruedas-industrial-dm585","status":"publish","type":"product","link":"https:\/\/www.damarl.com\/en\/product\/desmontadora-de-ruedas-industrial-dm585\/","title":{"rendered":"Vertical Heavy-Duty Tyre Changer | DM585"},"content":{"rendered":"<p><strong>Description: <\/strong><\/p>\r\n<p>\r\n\r\n<\/p>\r\n<ul>\r\n<li>Optimised size: wheel is positioned vertically and\nworks in horizontal position<\/li>\r\n<li>Designed for 3 standard wheel sizes: 17.5\u201d \u2013 19.5\u201d \u2013 22.5\u201d<\/li>\r\n<li>Mobile power unit<\/li>\r\n<li>Hydraulic transmission<\/li>\r\n<\/ul>\r\n<p><strong>Technical data:<\/strong><\/p>\r\n<ul>\r\n<li>Wheel width: 3\u2033-12\u2033<\/li>\r\n<li>Wheels (from inside): 16\u2033-22,5\u2033<\/li>\r\n<li>Max. wheel diameter: 1300 mm<\/li>\r\n<li>Power: 400V\/3ph\/3.0KW\/50Hz<\/li>\r\n<li>Pneumatic working pressure: 130 bar<\/li>\r\n<li>Weight: 530 kg<\/li>\r\n<\/ul>","protected":false},"excerpt":{"rendered":"<p>Descripci\u00f3n: Tama\u00f1o reducido: la rueda se posiciona en vertical y se opera en horizontal Optimizada para 3 tama\u00f1os est\u00e1ndar de rueda: 17.5\u201d \u2013 19.5\u201d \u2013 22.5\u201d Centralita de control m\u00f3vil Transmisi\u00f3n hidr\u00e1ulica Datos T\u00e9cnicos: Ancho de rueda: 3&#8243;-12&#8243; Ruedas (desde el interior): 16&#8243;-22,5&#8243; Di\u00e1metro m\u00e1x. rueda: 1300 mm Alimentaci\u00f3n: 400V\/3ph\/3.0KW\/50Hz Presi\u00f3n neum\u00e1tica de trabajo: 130&#8230;<\/p>","protected":false},"featured_media":5889,"template":"","meta":{"_acf_changed":false,"_kad_post_transparent":"default","_kad_post_title":"","_kad_post_layout":"default","_kad_post_sidebar_id":"","_kad_post_content_style":"default","_kad_post_vertical_padding":"default","_kad_post_feature":"","_kad_post_feature_position":"","_kad_post_header":false,"_kad_post_footer":false,"_kad_post_classname":""},"product_brand":[],"product_cat":[131,133,111],"product_tag":[],"class_list":{"0":"post-5888","1":"product","2":"type-product","3":"status-publish","4":"has-post-thumbnail","6":"product_cat-desmontadoras","7":"product_cat-desmontadoras-industriales","8":"product_cat-maquinaria-de-ruedas","10":"first","11":"instock","12":"product-type-simple","13":"entry","14":"content-bg","15":"loop-entry"},"acf":[],"_links":{"self":[{"href":"https:\/\/www.damarl.com\/en\/wp-json\/wp\/v2\/product\/5888","targetHints":{"allow":["GET"]}}],"collection":[{"href":"https:\/\/www.damarl.com\/en\/wp-json\/wp\/v2\/product"}],"about":[{"href":"https:\/\/www.damarl.com\/en\/wp-json\/wp\/v2\/types\/product"}],"wp:featuredmedia":[{"embeddable":true,"href":"https:\/\/www.damarl.com\/en\/wp-json\/wp\/v2\/media\/5889"}],"wp:attachment":[{"href":"https:\/\/www.damarl.com\/en\/wp-json\/wp\/v2\/media?parent=5888"}],"wp:term":[{"taxonomy":"product_brand","embeddable":true,"href":"https:\/\/www.damarl.com\/en\/wp-json\/wp\/v2\/product_brand?post=5888"},{"taxonomy":"product_cat","embeddable":true,"href":"https:\/\/www.damarl.com\/en\/wp-json\/wp\/v2\/product_cat?post=5888"},{"taxonomy":"product_tag","embeddable":true,"href":"https:\/\/www.damarl.com\/en\/wp-json\/wp\/v2\/product_tag?post=5888"}],"curies":[{"name":"wp","href":"https:\/\/api.w.org\/{rel}","templated":true}]}}