{"id":58,"date":"2023-03-31T10:50:19","date_gmt":"2023-03-31T10:50:19","guid":{"rendered":"https:\/\/webs.anubissolutions.es\/newdamarl\/producto\/desmontadora-de-ruedas-dm588\/"},"modified":"2024-11-12T15:26:12","modified_gmt":"2024-11-12T15:26:12","slug":"desmontadora-de-ruedas-industrial-dm588","status":"publish","type":"product","link":"https:\/\/www.damarl.com\/en\/product\/desmontadora-de-ruedas-industrial-dm588\/","title":{"rendered":"Heavy Duty Tyre Changer | DM588"},"content":{"rendered":"<p><strong>Description:<\/strong><\/p>\r\n<p>\r\n\r\n<\/p>\r\n<ul>\r\n<li>Electro-hydraulic tyre changer for truck and bus wheels<\/li>\r\n<li>Capacity to work with 14\u201d \u2013 26\u201d rims<\/li>\r\n<li>Mobile control to work from any position<\/li>\r\n<\/ul>\r\n<p><strong>Technical data: <\/strong><\/p>\r\n\r\n\r\n\r\n<ul>\r\n<li>Wheel width: 1000 mm<\/li>\r\n<li>Wheels (from inside): 14\u2033-26\u2033<\/li>\r\n<li>Max. wheel diameter: 1500 mm<\/li>\r\n<li>Power: 400V\/3ph\/50Hz<\/li>\r\n<li>Pneumatic working pressure: 130 -150 bar<\/li>\r\n<li>Bead breaking force: 2700 kg<\/li>\r\n<li>Weight: 775 kg<\/li>\r\n<\/ul>\r\n\r\n\r\n\r\n\r\n\r\n<p><strong>Accessories included: <\/strong><\/p>\r\n\r\n\r\n\r\n<ul>\r\n<li>Long crowbar<\/li>\r\n<li>Crowbar 20\"<\/li>\r\n<li>Crowbar 24\"<\/li>\r\n<li>Clamp<\/li>\r\n<li>Crowbar cover 24\"<\/li>\r\n<li>Crowbar cover 20\"<\/li>\r\n<li>Brushes<\/li>\r\n<\/ul>\r\n<p>&nbsp;<\/p>","protected":false},"excerpt":{"rendered":"<p>Descripci\u00f3n: Desmontadora electrohidr\u00e1ulica para ruedas de cami\u00f3n y autob\u00fas Capacidad para llantas de 14\u201d \u2013 26\u201d Mando m\u00f3vil para trabajar desde cualquier posici\u00f3n Datos T\u00e9cnicos: Ancho de rueda: 1000 mm Ruedas (desde el interior): 14&#8243;-26&#8243; Di\u00e1metro m\u00e1x. rueda: 1500 mm Alimentaci\u00f3n: 400V\/3ph\/50Hz Presi\u00f3n neum\u00e1tica de trabajo: 130 -150 bar Fuerza de destalonado: 2700 kg Peso&#8230;<\/p>","protected":false},"featured_media":5881,"template":"","meta":{"_acf_changed":false,"_kad_post_transparent":"default","_kad_post_title":"","_kad_post_layout":"default","_kad_post_sidebar_id":"","_kad_post_content_style":"default","_kad_post_vertical_padding":"default","_kad_post_feature":"","_kad_post_feature_position":"","_kad_post_header":false,"_kad_post_footer":false,"_kad_post_classname":""},"product_brand":[],"product_cat":[131,133,111],"product_tag":[],"class_list":{"0":"post-58","1":"product","2":"type-product","3":"status-publish","4":"has-post-thumbnail","6":"product_cat-desmontadoras","7":"product_cat-desmontadoras-industriales","8":"product_cat-maquinaria-de-ruedas","10":"first","11":"instock","12":"product-type-simple","13":"entry","14":"content-bg","15":"loop-entry"},"acf":[],"_links":{"self":[{"href":"https:\/\/www.damarl.com\/en\/wp-json\/wp\/v2\/product\/58","targetHints":{"allow":["GET"]}}],"collection":[{"href":"https:\/\/www.damarl.com\/en\/wp-json\/wp\/v2\/product"}],"about":[{"href":"https:\/\/www.damarl.com\/en\/wp-json\/wp\/v2\/types\/product"}],"wp:featuredmedia":[{"embeddable":true,"href":"https:\/\/www.damarl.com\/en\/wp-json\/wp\/v2\/media\/5881"}],"wp:attachment":[{"href":"https:\/\/www.damarl.com\/en\/wp-json\/wp\/v2\/media?parent=58"}],"wp:term":[{"taxonomy":"product_brand","embeddable":true,"href":"https:\/\/www.damarl.com\/en\/wp-json\/wp\/v2\/product_brand?post=58"},{"taxonomy":"product_cat","embeddable":true,"href":"https:\/\/www.damarl.com\/en\/wp-json\/wp\/v2\/product_cat?post=58"},{"taxonomy":"product_tag","embeddable":true,"href":"https:\/\/www.damarl.com\/en\/wp-json\/wp\/v2\/product_tag?post=58"}],"curies":[{"name":"wp","href":"https:\/\/api.w.org\/{rel}","templated":true}]}}