{"id":56,"date":"2023-03-31T10:50:19","date_gmt":"2023-03-31T10:50:19","guid":{"rendered":"https:\/\/webs.anubissolutions.es\/newdamarl\/producto\/desmontadora-de-ruedas-dm590\/"},"modified":"2025-03-10T14:51:28","modified_gmt":"2025-03-10T14:51:28","slug":"desmontadora-de-ruedas-dm590","status":"publish","type":"product","link":"https:\/\/www.damarl.com\/en\/product\/desmontadora-de-ruedas-dm590\/","title":{"rendered":"Heavy Duty Tyre Changer | DM590"},"content":{"rendered":"<p><strong>Technical data: <\/strong><\/p>\r\n\r\n\r\n\r\n<ul>\r\n<li>Wheel width: 1000 mm<\/li>\r\n<li>Wheels (from inside): 14\u2033-46\u2033<\/li>\r\n<li>Wheels (from inside with extensions): 46\u2033 - 56\u2033<\/li>\r\n<li>Max. wheel diameter: 2300 mm<\/li>\r\n<li>Power: 400V\/3ph\/50Hz<\/li>\r\n<li>Pneumatic working pressure: 130 -150 bar<\/li>\r\n<li>Bead breaking force: 3000 kg<\/li>\r\n<li>Weight: 1252 kg<\/li>\r\n<\/ul>\r\n\r\n\r\n\r\n<p><strong>Description:<\/strong><\/p>\r\n\r\n\r\n\r\n<ul>\r\n<li>Electro-hydraulic tyre changer for heavy duty vehicles: truck, bus, industrial and agricultural vehicles<\/li>\r\n<li>Motor with double rotation speed<\/li>\r\n<li>Mobile control to work from any position<\/li>\r\n<li>3-position clamps<\/li>\r\n<li>Capacity for 14\" - 46\" rims with extensions up to 56\u201d<\/li>\r\n<\/ul>\r\n<p><strong>Accessories included:<\/strong><\/p>\r\n<p>\r\n\r\n<\/p>\r\n<ul>\r\n<li>Long crowbar<\/li>\r\n<li>Crowbar 20\"<\/li>\r\n<li>Crowbar 24\"<\/li>\r\n<li>Clamp<\/li>\r\n<li>Crowbar cover 24\"<\/li>\r\n<li>Crowbar cover 20\"<\/li>\r\n<li>Brushes<\/li>\r\n<li>Extensions<\/li>\r\n<li>Extensions kit up to 56\"<\/li>\r\n<\/ul>","protected":false},"excerpt":{"rendered":"<p>Datos T\u00e9cnicos: Ancho de rueda: 1000 mm Ruedas (desde el interior): 14&#8243;-46&#8243; Ruedas (desde el interior con extensiones: 46&#8243; &#8211; 56&#8243;) Di\u00e1metro m\u00e1x. rueda: 2300 mm Alimentaci\u00f3n: 400V\/3ph\/50Hz Presi\u00f3n neum\u00e1tica de trabajo: 130 -150 bar Fuerza de destalonado: 3000 kg Peso Neto: 1252 kg Descripci\u00f3n: Desmontadora electrohidr\u00e1ulica para ruedas de veh\u00edculos de peso pesado: cami\u00f3n,&#8230;<\/p>","protected":false},"featured_media":5864,"template":"","meta":{"_acf_changed":false,"_kad_post_transparent":"default","_kad_post_title":"","_kad_post_layout":"default","_kad_post_sidebar_id":"","_kad_post_content_style":"default","_kad_post_vertical_padding":"default","_kad_post_feature":"","_kad_post_feature_position":"","_kad_post_header":false,"_kad_post_footer":false,"_kad_post_classname":""},"product_brand":[],"product_cat":[15,133,111],"product_tag":[],"class_list":{"0":"post-56","1":"product","2":"type-product","3":"status-publish","4":"has-post-thumbnail","6":"product_cat-sin-categorizar","7":"product_cat-desmontadoras-industriales","8":"product_cat-maquinaria-de-ruedas","10":"first","11":"instock","12":"product-type-simple","13":"entry","14":"content-bg","15":"loop-entry"},"acf":[],"_links":{"self":[{"href":"https:\/\/www.damarl.com\/en\/wp-json\/wp\/v2\/product\/56","targetHints":{"allow":["GET"]}}],"collection":[{"href":"https:\/\/www.damarl.com\/en\/wp-json\/wp\/v2\/product"}],"about":[{"href":"https:\/\/www.damarl.com\/en\/wp-json\/wp\/v2\/types\/product"}],"wp:featuredmedia":[{"embeddable":true,"href":"https:\/\/www.damarl.com\/en\/wp-json\/wp\/v2\/media\/5864"}],"wp:attachment":[{"href":"https:\/\/www.damarl.com\/en\/wp-json\/wp\/v2\/media?parent=56"}],"wp:term":[{"taxonomy":"product_brand","embeddable":true,"href":"https:\/\/www.damarl.com\/en\/wp-json\/wp\/v2\/product_brand?post=56"},{"taxonomy":"product_cat","embeddable":true,"href":"https:\/\/www.damarl.com\/en\/wp-json\/wp\/v2\/product_cat?post=56"},{"taxonomy":"product_tag","embeddable":true,"href":"https:\/\/www.damarl.com\/en\/wp-json\/wp\/v2\/product_tag?post=56"}],"curies":[{"name":"wp","href":"https:\/\/api.w.org\/{rel}","templated":true}]}}