{"id":54,"date":"2023-03-31T10:50:16","date_gmt":"2023-03-31T10:50:16","guid":{"rendered":"https:\/\/webs.anubissolutions.es\/newdamarl\/producto\/desmontadora-de-ruedas-dm185d\/"},"modified":"2024-11-12T09:06:45","modified_gmt":"2024-11-12T09:06:45","slug":"desmontadora-de-ruedas-dm185d","status":"publish","type":"product","link":"https:\/\/www.damarl.com\/en\/product\/desmontadora-de-ruedas-dm185d\/","title":{"rendered":"Automatic Tyre Changer | DM185D"},"content":{"rendered":"<p><strong>Standard provision:<\/strong><\/p>\r\n<p>\r\n\r\n<\/p>\r\n<ul>\r\n<li>Air\/oil filter regulator<\/li>\r\n<li>Tyre inflator with pressure gauge<\/li>\r\n<li>Tyre lever<\/li>\r\n<li>Soap bucket<\/li>\r\n<li>Plastic protectors for demount head\/clamps<\/li>\r\n<li>Automatic tilting column<\/li>\r\n<li>4 clamps auto-centering clamping and demount head<\/li>\r\n<li>Rounded anti-trap pedals<\/li>\r\n<\/ul>\r\n<p><strong>Technical data: <\/strong><\/p>\r\n\r\n\r\n\r\n<ul>\r\n<li>Wheel width: 3\u2033-12\u2033<\/li>\r\n<li>Wheels (from inside): 13\u2033-23\u2033<\/li>\r\n<li>Wheels (from the outside): 11\u2033-20\u2033<\/li>\r\n<li>Max. wheel diameter: 940 mm<\/li>\r\n<li>All types of tyres: Run-flat - Performance - Motorcycle wheels<\/li>\r\n<li>Power: 400V\/3ph\/0.75KW\/50Hz \u2013 230V\/1ph\/1.1KW\/50Hz<\/li>\r\n<li>Pneumatic working pressure: 8 -10 bar<\/li>\r\n<li>Bead breaking force: 2600 kg<\/li>\r\n<li>Weight: 250 kg<\/li>\r\n<\/ul>","protected":false},"excerpt":{"rendered":"<p>Dotaci\u00f3n est\u00e1ndar: Filtro regulador de aire \/ aceite Inflador con man\u00f3metro Barra de desmontaje neum\u00e1tico Cubo para jab\u00f3n Protecciones de pl\u00e1stico para u\u00f1a\/garra Columna vertical de retroceso basculante autom\u00e1tica Sistema de 4 garras y u\u00f1a Pedales redondeados antiatrapamiento Datos T\u00e9cnicos: Ancho de rueda: 3&#8243;-12&#8243; Ruedas (desde el interior): 13&#8243;-23&#8243; Ruedas (desde el exterior): 11&#8243;-20&#8243; Di\u00e1metro&#8230;<\/p>","protected":false},"featured_media":1575,"template":"","meta":{"_acf_changed":false,"_kad_post_transparent":"default","_kad_post_title":"","_kad_post_layout":"default","_kad_post_sidebar_id":"","_kad_post_content_style":"default","_kad_post_vertical_padding":"default","_kad_post_feature":"","_kad_post_feature_position":"","_kad_post_header":false,"_kad_post_footer":false,"_kad_post_classname":""},"product_brand":[],"product_cat":[131,132,81,111],"product_tag":[],"class_list":{"0":"post-54","1":"product","2":"type-product","3":"status-publish","4":"has-post-thumbnail","6":"product_cat-desmontadoras","7":"product_cat-desmontadoras-automaticas","8":"product_cat-maquinaria","9":"product_cat-maquinaria-de-ruedas","11":"first","12":"instock","13":"product-type-simple","14":"entry","15":"content-bg","16":"loop-entry"},"acf":[],"_links":{"self":[{"href":"https:\/\/www.damarl.com\/en\/wp-json\/wp\/v2\/product\/54","targetHints":{"allow":["GET"]}}],"collection":[{"href":"https:\/\/www.damarl.com\/en\/wp-json\/wp\/v2\/product"}],"about":[{"href":"https:\/\/www.damarl.com\/en\/wp-json\/wp\/v2\/types\/product"}],"wp:featuredmedia":[{"embeddable":true,"href":"https:\/\/www.damarl.com\/en\/wp-json\/wp\/v2\/media\/1575"}],"wp:attachment":[{"href":"https:\/\/www.damarl.com\/en\/wp-json\/wp\/v2\/media?parent=54"}],"wp:term":[{"taxonomy":"product_brand","embeddable":true,"href":"https:\/\/www.damarl.com\/en\/wp-json\/wp\/v2\/product_brand?post=54"},{"taxonomy":"product_cat","embeddable":true,"href":"https:\/\/www.damarl.com\/en\/wp-json\/wp\/v2\/product_cat?post=54"},{"taxonomy":"product_tag","embeddable":true,"href":"https:\/\/www.damarl.com\/en\/wp-json\/wp\/v2\/product_tag?post=54"}],"curies":[{"name":"wp","href":"https:\/\/api.w.org\/{rel}","templated":true}]}}