{"id":53,"date":"2023-03-31T10:50:16","date_gmt":"2023-03-31T10:50:16","guid":{"rendered":"https:\/\/webs.anubissolutions.es\/newdamarl\/producto\/desmontadora-de-ruedas-dm185tid2\/"},"modified":"2024-11-12T09:37:18","modified_gmt":"2024-11-12T09:37:18","slug":"desmontadora-de-ruedas-dm185tid2","status":"publish","type":"product","link":"https:\/\/www.damarl.com\/en\/product\/desmontadora-de-ruedas-dm185tid2\/","title":{"rendered":"Automatic Tyre Changer | DM185TID2"},"content":{"rendered":"<p><strong>Standard provision:<\/strong><\/p>\r\n<p><b>\r\n\r\n<\/b><\/p>\r\n<ul>\r\n<li>Air\/oil filter regulator<\/li>\r\n<li>Tyre inflator with pressure gauge<\/li>\r\n<li>Tyre lever<\/li>\r\n<li>Soap bucket<\/li>\r\n<li>4 clamp auto-centering demount head<\/li>\r\n<li>Plastic protectors for demount head\/clamps<\/li>\r\n<li>Automatic tilting column<\/li>\r\n<li>Air tyre bead seater blaster<\/li>\r\n<li>2 speed 400V demounter<\/li>\r\n<li>Rounded anti-trap pedals<\/li>\r\n<\/ul>\r\n<p><strong>Technical data: <\/strong><\/p>\r\n\r\n\r\n\r\n<ul>\r\n<li>Wheel width: 3\u2033-13\u2033<\/li>\r\n<li>Wheels (from inside): 14\u2033-25\u2033<\/li>\r\n<li>Wheels (from the outside): 12\u2033-22\u2033<\/li>\r\n<li>Max. wheel diameter: 1120 mm<\/li>\r\n<li>Power: 400V\/3ph\/1.1 KW \/ 0.75 KW\/50Hz \u2013 230V\/1ph\/1.1KW\/50Hz<\/li>\r\n<li>Pneumatic working pressure: 8 -10 bar<\/li>\r\n<li>Bead breaking force: 3200 kg<\/li>\r\n<li>Net weight: 297 kg<\/li>\r\n<\/ul>","protected":false},"excerpt":{"rendered":"<p>Dotaci\u00f3n est\u00e1ndar: Filtro regulador aire \/ aceite Pistola de inflado con man\u00f3metro Barra para desmontaje de neum\u00e1tico Cubo para jab\u00f3n Sistema de 4 garras de sujeci\u00f3n auto-centrante Protector pl\u00e1stico de garras y u\u00f1a incluidos Columna vertical de retroceso basculante autom\u00e1tica Tanque inflador Desmontadora 400V: 2 velocidades Pedales redondeados antiatrapamiento Datos T\u00e9cnicos: Ancho de rueda: 3&#8243;-13&#8243;&#8230;<\/p>","protected":false},"featured_media":4334,"template":"","meta":{"_acf_changed":false,"_kad_post_transparent":"default","_kad_post_title":"","_kad_post_layout":"default","_kad_post_sidebar_id":"","_kad_post_content_style":"default","_kad_post_vertical_padding":"default","_kad_post_feature":"","_kad_post_feature_position":"","_kad_post_header":false,"_kad_post_footer":false,"_kad_post_classname":""},"product_brand":[],"product_cat":[81,131,132,111],"product_tag":[],"class_list":{"0":"post-53","1":"product","2":"type-product","3":"status-publish","4":"has-post-thumbnail","6":"product_cat-maquinaria","7":"product_cat-desmontadoras","8":"product_cat-desmontadoras-automaticas","9":"product_cat-maquinaria-de-ruedas","11":"first","12":"instock","13":"product-type-simple","14":"entry","15":"content-bg","16":"loop-entry"},"acf":[],"_links":{"self":[{"href":"https:\/\/www.damarl.com\/en\/wp-json\/wp\/v2\/product\/53","targetHints":{"allow":["GET"]}}],"collection":[{"href":"https:\/\/www.damarl.com\/en\/wp-json\/wp\/v2\/product"}],"about":[{"href":"https:\/\/www.damarl.com\/en\/wp-json\/wp\/v2\/types\/product"}],"wp:featuredmedia":[{"embeddable":true,"href":"https:\/\/www.damarl.com\/en\/wp-json\/wp\/v2\/media\/4334"}],"wp:attachment":[{"href":"https:\/\/www.damarl.com\/en\/wp-json\/wp\/v2\/media?parent=53"}],"wp:term":[{"taxonomy":"product_brand","embeddable":true,"href":"https:\/\/www.damarl.com\/en\/wp-json\/wp\/v2\/product_brand?post=53"},{"taxonomy":"product_cat","embeddable":true,"href":"https:\/\/www.damarl.com\/en\/wp-json\/wp\/v2\/product_cat?post=53"},{"taxonomy":"product_tag","embeddable":true,"href":"https:\/\/www.damarl.com\/en\/wp-json\/wp\/v2\/product_tag?post=53"}],"curies":[{"name":"wp","href":"https:\/\/api.w.org\/{rel}","templated":true}]}}