{"id":52,"date":"2023-03-31T10:50:16","date_gmt":"2023-03-31T10:50:16","guid":{"rendered":"https:\/\/webs.anubissolutions.es\/newdamarl\/producto\/desmontadora-de-ruedas-dm189hpd-s\/"},"modified":"2023-03-31T10:50:17","modified_gmt":"2023-03-31T10:50:17","slug":"desmontadora-de-ruedas-dm189hpd-s","status":"publish","type":"product","link":"https:\/\/www.damarl.com\/en\/product\/desmontadora-de-ruedas-dm189hpd-s\/","title":{"rendered":"DESMONTADORA DE RUEDAS &#8211; DM189HPD-S"},"content":{"rendered":"<h1><strong>Desmontadora de ruedas para taller monof\u00e1sico y trif\u00e1sico<\/strong><\/h1>\n<p><strong>Technical data:<\/strong><\/p>\n<p>Ancho de ruedas: 3&#8243;-14 \u00ab<br \/>Ruedas (desde el interior): 15&#8243;-28&#8243;<br \/>Ruedas (desde el exterior): 13&#8243;-24&#8243;<br \/>Di\u00e1metro m\u00e1x. de rueda: 110 cm<br \/>Alimentaci\u00f3n: 400V\/3Ph\/50Hz\/<br \/>Doble velocidad: 0.85KW\/1.1KW<br \/>Pneumatic working pressure: 8 -10 bar<br \/>Bead breaking force: 3200 kg<br \/>Rotaci\u00f3n: 6.5 &#8211; 13 rpm<br \/>Todo tipo neum\u00e1ticos: Run-flat &#8211; Perfil bajo &#8211; Motos<br \/>Peso neto: 283 kg<\/p>\n\n\n\n<p><strong>Standard provision:<\/strong><\/p>\n\n\n\n<p>Leverless hook &#8211; U\u00f1a autom\u00e1tica para uso sin palanca<br \/>Columna Abatible<br \/>Air\/oil filter regulator<br \/>Tyre inflator with pressure gauge<br \/>Dep\u00f3sito de aire para inflado TUBELESS<br \/>Leva para desmontaje de neum\u00e1tico<br \/>Soap bucket<br \/>Plastic protections for the detacher\/claws<br \/>Rounded anti-trap pedals<br \/>2 posiciones de pala destalonadora<br \/>2 posiciones para anchura de llanta en brazo de destalonar<br \/>Versi\u00f3n 400V \/ 3Ph incluye motor de 2 velocidades<\/p>\n\n\n\n<p><strong>DM189HPD<\/strong><\/p>\n\n\n\n<p>Disponible sin u\u00f1a autom\u00e1tica (Leverless Hook)<\/p>\n<p><img fetchpriority=\"high\" decoding=\"async\" class=\"size-medium wp-image-6801 alignleft\" src=\"https:\/\/webs.anubissolutions.es\/damarl\/wp-content\/uploads\/2021\/06\/desmontadora_de_ruedas_para_taller_mecanico_DM189HPD-S-01-300x300.jpg\" alt=\"\" width=\"300\" height=\"300\" title=\"\"><\/p>\n<p>&nbsp;<\/p>\n<p>&nbsp;<\/p>\n<p>&nbsp;<\/p>\n<p>&nbsp;<\/p>\n<p>&nbsp;<\/p>\n<p>&nbsp;<\/p>\n<p>&nbsp;<\/p>\n<p>&nbsp;<\/p>\n<p><img decoding=\"async\" class=\"size-medium wp-image-6800 alignleft\" src=\"https:\/\/webs.anubissolutions.es\/damarl\/wp-content\/uploads\/2021\/06\/desmontadora_de_ruedas_para_taller_mecanico_DM189HPD-S-02-300x300.jpg\" alt=\"\" width=\"300\" height=\"300\" title=\"\"><\/p>\n,field_5f15716ea4f98","protected":false},"excerpt":{"rendered":"<p>Desmontadora de ruedas para taller monof\u00e1sico y trif\u00e1sico Datos T\u00e9cnicos: Ancho de ruedas: 3&#8243;-14 \u00abRuedas (desde el interior): 15&#8243;-28&#8243;Ruedas (desde el exterior): 13&#8243;-24&#8243;Di\u00e1metro m\u00e1x. de rueda: 110 cmAlimentaci\u00f3n: 400V\/3Ph\/50Hz\/Doble velocidad: 0.85KW\/1.1KWPresi\u00f3n neum\u00e1tica de trabajo: 8 -10 barFuerza de destalonado: 3200 kgRotaci\u00f3n: 6.5 &#8211; 13 rpmTodo tipo neum\u00e1ticos: Run-flat &#8211; Perfil bajo &#8211; MotosPeso neto: 283&#8230;<\/p>","protected":false},"featured_media":0,"template":"","meta":{"_acf_changed":false,"_kad_post_transparent":"","_kad_post_title":"","_kad_post_layout":"","_kad_post_sidebar_id":"","_kad_post_content_style":"","_kad_post_vertical_padding":"","_kad_post_feature":"","_kad_post_feature_position":"","_kad_post_header":false,"_kad_post_footer":false,"_kad_post_classname":""},"product_brand":[],"product_cat":[15],"product_tag":[],"class_list":{"0":"post-52","1":"product","2":"type-product","3":"status-publish","5":"product_cat-sin-categorizar","7":"first","8":"instock","9":"product-type-simple","10":"entry","11":"content-bg","12":"loop-entry"},"acf":[],"_links":{"self":[{"href":"https:\/\/www.damarl.com\/en\/wp-json\/wp\/v2\/product\/52","targetHints":{"allow":["GET"]}}],"collection":[{"href":"https:\/\/www.damarl.com\/en\/wp-json\/wp\/v2\/product"}],"about":[{"href":"https:\/\/www.damarl.com\/en\/wp-json\/wp\/v2\/types\/product"}],"wp:attachment":[{"href":"https:\/\/www.damarl.com\/en\/wp-json\/wp\/v2\/media?parent=52"}],"wp:term":[{"taxonomy":"product_brand","embeddable":true,"href":"https:\/\/www.damarl.com\/en\/wp-json\/wp\/v2\/product_brand?post=52"},{"taxonomy":"product_cat","embeddable":true,"href":"https:\/\/www.damarl.com\/en\/wp-json\/wp\/v2\/product_cat?post=52"},{"taxonomy":"product_tag","embeddable":true,"href":"https:\/\/www.damarl.com\/en\/wp-json\/wp\/v2\/product_tag?post=52"}],"curies":[{"name":"wp","href":"https:\/\/api.w.org\/{rel}","templated":true}]}}