{"id":51,"date":"2023-03-31T10:50:16","date_gmt":"2023-03-31T10:50:16","guid":{"rendered":"https:\/\/webs.anubissolutions.es\/newdamarl\/producto\/elevador-de-motos-para-taller-dm0-5mn\/"},"modified":"2025-03-06T15:58:24","modified_gmt":"2025-03-06T15:58:24","slug":"elevador-de-moto-neumatico-dm05mn","status":"publish","type":"product","link":"https:\/\/www.damarl.com\/en\/product\/elevador-de-moto-neumatico-dm05mn\/","title":{"rendered":"Pneumatic Motorcycle Lift  | DM0.5MN"},"content":{"rendered":"<p><strong>Description:<\/strong><\/p>\r\n<ul>\r\n<li>Mobile lift<\/li>\r\n<li>Pneumatic system<\/li>\r\n<li>Manual unlocking system<\/li>\r\n<li>Extensions<\/li>\r\n<\/ul>\r\n<p><strong>Details:<\/strong><\/p>\r\n\r\n\r\n\r\n<ul>\r\n<li>Capacity: 500kg<\/li>\r\n<li>Minimum height: 170 mm<\/li>\r\n<li>Maximum height: 800 mm<\/li>\r\n<li>Dimensions: 2465\u00d71230 mm<\/li>\r\n<li>Table dimensions sin ext.: 2127\u00d7600 mm<\/li>\r\n<li>Working pressure: 6-8 bar<\/li>\r\n<li>Packing dimensions: 2180x660x450 mm<\/li>\r\n<li>Weight: 305 kg<\/li>\r\n<\/ul>","protected":false},"excerpt":{"rendered":"<p>Descripci\u00f3n: Elevador m\u00f3vil neum\u00e1tico Sistema neum\u00e1tico Desbloqueo manual Extensiones Detalles: Capacidad: 500 kg Altura m\u00ednima: 170 mm Altura m\u00e1xima: 800 mm Dimensiones: 2465&#215;1230 mm Dimensiones mesa sin ext.: 2127&#215;600 mm Presi\u00f3n de trabajo: 6-8 bar Dimensiones embalaje: 2180x660x450 mm Peso: 305 kg<\/p>","protected":false},"featured_media":4384,"template":"","meta":{"_acf_changed":false,"_kad_post_transparent":"default","_kad_post_title":"","_kad_post_layout":"default","_kad_post_sidebar_id":"","_kad_post_content_style":"default","_kad_post_vertical_padding":"default","_kad_post_feature":"","_kad_post_feature_position":"","_kad_post_header":false,"_kad_post_footer":false,"_kad_post_classname":""},"product_brand":[],"product_cat":[81,109,122],"product_tag":[],"class_list":{"0":"post-51","1":"product","2":"type-product","3":"status-publish","4":"has-post-thumbnail","6":"product_cat-maquinaria","7":"product_cat-elevadores","8":"product_cat-elevadores-de-moto","10":"first","11":"instock","12":"product-type-simple","13":"entry","14":"content-bg","15":"loop-entry"},"acf":[],"_links":{"self":[{"href":"https:\/\/www.damarl.com\/en\/wp-json\/wp\/v2\/product\/51","targetHints":{"allow":["GET"]}}],"collection":[{"href":"https:\/\/www.damarl.com\/en\/wp-json\/wp\/v2\/product"}],"about":[{"href":"https:\/\/www.damarl.com\/en\/wp-json\/wp\/v2\/types\/product"}],"wp:featuredmedia":[{"embeddable":true,"href":"https:\/\/www.damarl.com\/en\/wp-json\/wp\/v2\/media\/4384"}],"wp:attachment":[{"href":"https:\/\/www.damarl.com\/en\/wp-json\/wp\/v2\/media?parent=51"}],"wp:term":[{"taxonomy":"product_brand","embeddable":true,"href":"https:\/\/www.damarl.com\/en\/wp-json\/wp\/v2\/product_brand?post=51"},{"taxonomy":"product_cat","embeddable":true,"href":"https:\/\/www.damarl.com\/en\/wp-json\/wp\/v2\/product_cat?post=51"},{"taxonomy":"product_tag","embeddable":true,"href":"https:\/\/www.damarl.com\/en\/wp-json\/wp\/v2\/product_tag?post=51"}],"curies":[{"name":"wp","href":"https:\/\/api.w.org\/{rel}","templated":true}]}}