{"id":50,"date":"2023-03-31T10:50:16","date_gmt":"2023-03-31T10:50:16","guid":{"rendered":"https:\/\/webs.anubissolutions.es\/newdamarl\/producto\/elevador-de-moto-para-taller-dm1-0m\/"},"modified":"2025-03-06T16:12:39","modified_gmt":"2025-03-06T16:12:39","slug":"elevador-de-moto-electrohidraulico-dm1-0m","status":"publish","type":"product","link":"https:\/\/www.damarl.com\/en\/product\/elevador-de-moto-electrohidraulico-dm1-0m\/","title":{"rendered":"Electro-hydraulic Motorcycle Lift | DM1.0M"},"content":{"rendered":"<p><strong>Description:<\/strong><br \/><br \/>electro-hydraulic monophasic motorbike lift with 1000 kg capacity.\u00a0<\/p>\r\n<ul>\r\n<li>Motorcycle lift for surface installation<\/li>\r\n<li>Foldable rear and front plates<\/li>\r\n<li>Electric safety locking system<\/li>\r\n<li>Automatic wheel clamping system<\/li>\r\n<li>Lateral rings for anchoring<\/li>\r\n<li>Extensions for quads<\/li>\r\n<\/ul>\r\n<p><strong>Technical data:<\/strong><\/p>\r\n\r\n\r\n\r\n<ul>\r\n<li>Capacity: 1000kg<\/li>\r\n<li>Lifting range: 180 \u2013 1200 mm<\/li>\r\n<li>Lifting time: 30s<\/li>\r\n<li>Minimum height: 180 mm<\/li>\r\n<li>Total length: 3035 mm<\/li>\r\n<li>Total width: 800 mm<\/li>\r\n<li>Power: 1Ph\/230V\/50Hz<\/li>\r\n<li>Net weight: 265 kg<\/li>\r\n<\/ul>","protected":false},"excerpt":{"rendered":"<p>Descripci\u00f3n: Elevador de moto electro-hidr\u00e1ulico de 1000 Kg de capacidad monof\u00e1sico.\u00a0 Perfil bajo para instalaci\u00f3n en superficie Placa trasera y delantera plegables Elevador con bloqueo de seguridad el\u00e9ctrico Sistema de anclaje autom\u00e1tico Argollas laterales para sujeci\u00f3n Extensiones para quads Datos T\u00e9cnicos: Capacidad: 1000 kg Rango de elevaci\u00f3n: 180 &#8211; 1200 mm Tiempo de subida: 30&#8230;<\/p>","protected":false},"featured_media":6591,"template":"","meta":{"_acf_changed":false,"_kad_post_transparent":"default","_kad_post_title":"","_kad_post_layout":"default","_kad_post_sidebar_id":"","_kad_post_content_style":"default","_kad_post_vertical_padding":"default","_kad_post_feature":"","_kad_post_feature_position":"","_kad_post_header":false,"_kad_post_footer":false,"_kad_post_classname":""},"product_brand":[],"product_cat":[109,122,117,81],"product_tag":[],"class_list":{"0":"post-50","1":"product","2":"type-product","3":"status-publish","4":"has-post-thumbnail","6":"product_cat-elevadores","7":"product_cat-elevadores-de-moto","8":"product_cat-elevadores-de-taller","9":"product_cat-maquinaria","11":"first","12":"instock","13":"product-type-simple","14":"entry","15":"content-bg","16":"loop-entry"},"acf":[],"_links":{"self":[{"href":"https:\/\/www.damarl.com\/en\/wp-json\/wp\/v2\/product\/50","targetHints":{"allow":["GET"]}}],"collection":[{"href":"https:\/\/www.damarl.com\/en\/wp-json\/wp\/v2\/product"}],"about":[{"href":"https:\/\/www.damarl.com\/en\/wp-json\/wp\/v2\/types\/product"}],"wp:featuredmedia":[{"embeddable":true,"href":"https:\/\/www.damarl.com\/en\/wp-json\/wp\/v2\/media\/6591"}],"wp:attachment":[{"href":"https:\/\/www.damarl.com\/en\/wp-json\/wp\/v2\/media?parent=50"}],"wp:term":[{"taxonomy":"product_brand","embeddable":true,"href":"https:\/\/www.damarl.com\/en\/wp-json\/wp\/v2\/product_brand?post=50"},{"taxonomy":"product_cat","embeddable":true,"href":"https:\/\/www.damarl.com\/en\/wp-json\/wp\/v2\/product_cat?post=50"},{"taxonomy":"product_tag","embeddable":true,"href":"https:\/\/www.damarl.com\/en\/wp-json\/wp\/v2\/product_tag?post=50"}],"curies":[{"name":"wp","href":"https:\/\/api.w.org\/{rel}","templated":true}]}}