{"id":46,"date":"2023-03-31T10:50:16","date_gmt":"2023-03-31T10:50:16","guid":{"rendered":"https:\/\/webs.anubissolutions.es\/newdamarl\/producto\/elevador-tijera-para-taller-dm3-0s\/"},"modified":"2025-03-06T15:17:21","modified_gmt":"2025-03-06T15:17:21","slug":"elevador-tijera-para-taller-dm3-0s","status":"publish","type":"product","link":"https:\/\/www.damarl.com\/en\/product\/elevador-tijera-para-taller-dm3-0s\/","title":{"rendered":"Recessed scissor lift  3T | DM3.0S"},"content":{"rendered":"<p><strong>Description:<\/strong><\/p>\r\n<p>\r\n\r\n<\/p>\r\n<ul>\r\n<li>Recessed or on ground installation<\/li>\r\n<li>Movable kit devices<\/li>\r\n<li>Double extension platforms<\/li>\r\n<li>Mechanical locking system with pneumatic releasing system<\/li>\r\n<li>Maximum height top limit switch<\/li>\r\n<li>Boot system to lift heavier weights\nfrom the lowest position<\/li>\r\n<li>Extension pads for different types of vehicle<\/li>\r\n<li>SUV adapter (optional)<\/li>\r\n<\/ul>\r\n<p><strong>Technical data:<\/strong><\/p>\r\n\r\n\r\n\r\n<ul>\r\n<li>Capacity: 3000kg<\/li>\r\n<li>Maximum height: 1920 mm<\/li>\r\n<li>Air pressure: 6-8 bar<\/li>\r\n<li>Power: 400V\/3ph\/50Hz\/2.2KW \u2013 230V\/1ph\/50Hz\/2.2KW<\/li>\r\n<\/ul>\r\n\r\n\r\n\r\n\r\n\r\n<p><strong>Pads included:<\/strong><\/p>\r\n\r\n\r\n\r\n<ul>\r\n<li>4 x Pads 24x18x9.5 cm\u00a0 \u00a0<\/li>\r\n<\/ul>","protected":false},"excerpt":{"rendered":"<p>Descripci\u00f3n: Elevador de tijera de empotrar Dispositivos kit m\u00f3viles Plataformas extensibles, doble extensi\u00f3n Sistema de bloqueo mec\u00e1nico con accionamiento neum\u00e1tico Micro interruptor final de carrera Mecanismo de arranque para levantar mayor carga desde la posici\u00f3n m\u00e1s baja Calzos para distintos tipos de veh\u00edculos Adaptador SUV (opcional) Datos T\u00e9cnicos: Capacidad: 3000 kg Altura m\u00e1xima: 1920 mm&#8230;<\/p>","protected":false},"featured_media":4407,"template":"","meta":{"_acf_changed":false,"_kad_post_transparent":"default","_kad_post_title":"","_kad_post_layout":"default","_kad_post_sidebar_id":"","_kad_post_content_style":"default","_kad_post_vertical_padding":"default","_kad_post_feature":"","_kad_post_feature_position":"","_kad_post_header":false,"_kad_post_footer":false,"_kad_post_classname":""},"product_brand":[],"product_cat":[81,109,117,123],"product_tag":[],"class_list":{"0":"post-46","1":"product","2":"type-product","3":"status-publish","4":"has-post-thumbnail","6":"product_cat-maquinaria","7":"product_cat-elevadores","8":"product_cat-elevadores-de-taller","9":"product_cat-elevadores-de-tijera","11":"first","12":"instock","13":"product-type-simple","14":"entry","15":"content-bg","16":"loop-entry"},"acf":[],"_links":{"self":[{"href":"https:\/\/www.damarl.com\/en\/wp-json\/wp\/v2\/product\/46","targetHints":{"allow":["GET"]}}],"collection":[{"href":"https:\/\/www.damarl.com\/en\/wp-json\/wp\/v2\/product"}],"about":[{"href":"https:\/\/www.damarl.com\/en\/wp-json\/wp\/v2\/types\/product"}],"wp:featuredmedia":[{"embeddable":true,"href":"https:\/\/www.damarl.com\/en\/wp-json\/wp\/v2\/media\/4407"}],"wp:attachment":[{"href":"https:\/\/www.damarl.com\/en\/wp-json\/wp\/v2\/media?parent=46"}],"wp:term":[{"taxonomy":"product_brand","embeddable":true,"href":"https:\/\/www.damarl.com\/en\/wp-json\/wp\/v2\/product_brand?post=46"},{"taxonomy":"product_cat","embeddable":true,"href":"https:\/\/www.damarl.com\/en\/wp-json\/wp\/v2\/product_cat?post=46"},{"taxonomy":"product_tag","embeddable":true,"href":"https:\/\/www.damarl.com\/en\/wp-json\/wp\/v2\/product_tag?post=46"}],"curies":[{"name":"wp","href":"https:\/\/api.w.org\/{rel}","templated":true}]}}