{"id":45,"date":"2023-03-31T10:50:16","date_gmt":"2023-03-31T10:50:16","guid":{"rendered":"https:\/\/webs.anubissolutions.es\/newdamarl\/producto\/elevador-de-coches-1-columna-para-taller-dm2-5y\/"},"modified":"2024-10-11T07:51:07","modified_gmt":"2024-10-11T07:51:07","slug":"elevador-monocolumna-movil-dm2-5y","status":"publish","type":"product","link":"https:\/\/www.damarl.com\/en\/product\/elevador-monocolumna-movil-dm2-5y\/","title":{"rendered":"Mobile Single Post Lift 2.5T | DM2.5Y"},"content":{"rendered":"<p><strong>Description:<\/strong><\/p>\r\n<ul>\r\n<li>Mobile lift with pallet truck system<\/li>\r\n<li>Automatic descent and release<\/li>\r\n<li>Mechanical release with electric release<\/li>\r\n<li>Hydraulic cylinder transmission with chain<\/li>\r\n<li>2-section extendable arms<\/li>\r\n<\/ul>\r\n<p><strong>Specifications:<\/strong><\/p>\r\n\r\n<ul>\r\n<li>Capacity: 2500 kg<\/li>\r\n<li>Total height: 2600 mm<\/li>\r\n<li>Total width: 2122 mm<\/li>\r\n<li>Total length: 2577 mm<\/li>\r\n<li>Power supply: 220V\/1Ph\/50Hz\/2.2KW<\/li>\r\n<li>Lifitng time: 53 s<\/li>\r\n<li>Lifting range: 115 mm ~ 1760 mm<\/li>\r\n<li>Front outrigger extension: 1260 mm ~ 1740 mm<\/li>\r\n<li>Rear outrigger extension: 510 mm ~ 660 mm<\/li>\r\n<li>Net weight: 693 kg<\/li>\r\n<\/ul>","protected":false},"excerpt":{"rendered":"<p>Descripci\u00f3n: Elevador m\u00f3vil con sistema transpaleta Desbloqueo y bajada autom\u00e1ticos Desbloqueo mec\u00e1nico con accionamiento el\u00e9ctrico Transmisi\u00f3n por cilindro hidr\u00e1ulico con cadena Brazos extensibles de 2 tramos Especificaciones: Capacidad: 2500 kg Altura total: 2600 mm Anchura total: 2122 mm Longitud total: 2577 mm Potencia: 220V\/1Ph\/50Hz\/2.2KW Tiempo de subida (carga m\u00e1xima): 53 s Rango de elevaci\u00f3n: 115&#8230;<\/p>","protected":false},"featured_media":7525,"template":"","meta":{"_acf_changed":false,"_kad_post_transparent":"default","_kad_post_title":"","_kad_post_layout":"default","_kad_post_sidebar_id":"","_kad_post_content_style":"default","_kad_post_vertical_padding":"default","_kad_post_feature":"","_kad_post_feature_position":"","_kad_post_header":false,"_kad_post_footer":false,"_kad_post_classname":""},"product_brand":[],"product_cat":[109,118,117,81],"product_tag":[],"class_list":{"0":"post-45","1":"product","2":"type-product","3":"status-publish","4":"has-post-thumbnail","6":"product_cat-elevadores","7":"product_cat-elevadores-de-1-columna","8":"product_cat-elevadores-de-taller","9":"product_cat-maquinaria","11":"first","12":"instock","13":"product-type-simple","14":"entry","15":"content-bg","16":"loop-entry"},"acf":[],"_links":{"self":[{"href":"https:\/\/www.damarl.com\/en\/wp-json\/wp\/v2\/product\/45","targetHints":{"allow":["GET"]}}],"collection":[{"href":"https:\/\/www.damarl.com\/en\/wp-json\/wp\/v2\/product"}],"about":[{"href":"https:\/\/www.damarl.com\/en\/wp-json\/wp\/v2\/types\/product"}],"wp:featuredmedia":[{"embeddable":true,"href":"https:\/\/www.damarl.com\/en\/wp-json\/wp\/v2\/media\/7525"}],"wp:attachment":[{"href":"https:\/\/www.damarl.com\/en\/wp-json\/wp\/v2\/media?parent=45"}],"wp:term":[{"taxonomy":"product_brand","embeddable":true,"href":"https:\/\/www.damarl.com\/en\/wp-json\/wp\/v2\/product_brand?post=45"},{"taxonomy":"product_cat","embeddable":true,"href":"https:\/\/www.damarl.com\/en\/wp-json\/wp\/v2\/product_cat?post=45"},{"taxonomy":"product_tag","embeddable":true,"href":"https:\/\/www.damarl.com\/en\/wp-json\/wp\/v2\/product_tag?post=45"}],"curies":[{"name":"wp","href":"https:\/\/api.w.org\/{rel}","templated":true}]}}