{"id":4424,"date":"2023-07-13T07:38:55","date_gmt":"2023-07-13T07:38:55","guid":{"rendered":"https:\/\/www.damarl.com\/?post_type=product&#038;p=4424"},"modified":"2024-10-15T10:06:28","modified_gmt":"2024-10-15T10:06:28","slug":"plataforma-de-apoyo-para-vehiculos-especiales-dm20a","status":"publish","type":"product","link":"https:\/\/www.damarl.com\/en\/product\/plataforma-de-apoyo-para-vehiculos-especiales-dm20a\/","title":{"rendered":"Accessory for 2 Column Lift - Lifting Platform | DM20A"},"content":{"rendered":"<p><strong>Description:<\/strong><\/p>\r\n<p>Lifting platform. Allows you to lift sweepers, lawn mowers, quads, or other unlicensed vehicles.  Easy to install and uninstall.<\/p>\r\n\r\n\r\n\r\n<p><strong>Description:<\/strong><\/p>\r\n\r\n\r\n\r\n<ul>\r\n<li>Support beam, tilting platform, pin from \u00f850 to \u00f840 mm, clip \u00f840 mm,\u00a0\r\n\r\n<\/li>\r\n<li>Fixing pin, levelling plate or wedge<\/li>\r\n<\/ul>","protected":false},"excerpt":{"rendered":"<p>Descripci\u00f3n: Plataforma de elevaci\u00f3n. Le permite levantar barredoras, cortac\u00e9spedes, quads, coches sin licencia&#8230;F\u00e1cil de instalar y desinstalar Descripci\u00f3n: Viga de soporte, plataforma basculante, pasador de \u00f850 a \u00f840 mm, clip \u00f840 mm,\u00a0 pasador de fijaci\u00f3n, placa de nivelaci\u00f3n o cu\u00f1a<\/p>","protected":false},"featured_media":7265,"template":"","meta":{"_acf_changed":false,"_kad_post_transparent":"default","_kad_post_title":"","_kad_post_layout":"default","_kad_post_sidebar_id":"","_kad_post_content_style":"default","_kad_post_vertical_padding":"default","_kad_post_feature":"","_kad_post_feature_position":"","_kad_post_header":false,"_kad_post_footer":false,"_kad_post_classname":""},"product_brand":[],"product_cat":[171,109],"product_tag":[],"class_list":{"0":"post-4424","1":"product","2":"type-product","3":"status-publish","4":"has-post-thumbnail","6":"product_cat-accesorios-de-elevador","7":"product_cat-elevadores","9":"first","10":"instock","11":"product-type-simple","12":"entry","13":"content-bg","14":"loop-entry"},"acf":[],"_links":{"self":[{"href":"https:\/\/www.damarl.com\/en\/wp-json\/wp\/v2\/product\/4424","targetHints":{"allow":["GET"]}}],"collection":[{"href":"https:\/\/www.damarl.com\/en\/wp-json\/wp\/v2\/product"}],"about":[{"href":"https:\/\/www.damarl.com\/en\/wp-json\/wp\/v2\/types\/product"}],"wp:featuredmedia":[{"embeddable":true,"href":"https:\/\/www.damarl.com\/en\/wp-json\/wp\/v2\/media\/7265"}],"wp:attachment":[{"href":"https:\/\/www.damarl.com\/en\/wp-json\/wp\/v2\/media?parent=4424"}],"wp:term":[{"taxonomy":"product_brand","embeddable":true,"href":"https:\/\/www.damarl.com\/en\/wp-json\/wp\/v2\/product_brand?post=4424"},{"taxonomy":"product_cat","embeddable":true,"href":"https:\/\/www.damarl.com\/en\/wp-json\/wp\/v2\/product_cat?post=4424"},{"taxonomy":"product_tag","embeddable":true,"href":"https:\/\/www.damarl.com\/en\/wp-json\/wp\/v2\/product_tag?post=4424"}],"curies":[{"name":"wp","href":"https:\/\/api.w.org\/{rel}","templated":true}]}}