{"id":4413,"date":"2023-07-12T14:53:50","date_gmt":"2023-07-12T14:53:50","guid":{"rendered":"https:\/\/www.damarl.com\/?post_type=product&#038;p=4413"},"modified":"2025-03-07T09:27:14","modified_gmt":"2025-03-07T09:27:14","slug":"mesa-elevadora-electrohidraulica-dm1200","status":"publish","type":"product","link":"https:\/\/www.damarl.com\/en\/product\/mesa-elevadora-electrohidraulica-dm1200\/","title":{"rendered":"Lifting Table 1200 KG | DM1200"},"content":{"rendered":"<p><strong>Description:<\/strong><\/p>\r\n<ul>\r\n<li>Mobile lifting table<\/li>\r\n<li>Extendable and levelable platform<\/li>\r\n<li>Mechanical locking system with electric drive<\/li>\r\n<li>Maximum height limit switch<\/li>\r\n<li>Platform with threaded holes for accessory installation<\/li>\r\n<li>Designed for the installation of electric vehicle batteries, motors, transmissions and suspensions.<\/li>\r\n<\/ul>\r\n<p><strong>Details:<\/strong><\/p>\r\n\r\n\r\n\r\n<ul>\r\n<li>Capacity: 1200kg<\/li>\r\n<li>Power: 230V\/50Hz\/1Ph\/0.75Kw<\/li>\r\n<li>Lifting range: 640 \u2013 1920 mm<\/li>\r\n<li>Table surface inclination: 5\u00ba in both axes<\/li>\r\n<li>Table surface extension range: 1300 \u2013 1400mm<\/li>\r\n<\/ul>","protected":false},"excerpt":{"rendered":"<p>Descripci\u00f3n: Mesa elevadora m\u00f3vil Plataforma extensible y nivelable Sistema de bloqueo mec\u00e1nico con accionamiento el\u00e9ctrico Micro final de carrera Plataforma equipada con ret\u00edcula de 10cm con orificios para instalaci\u00f3n de accesorios Dise\u00f1ado para instalaci\u00f3n de bater\u00edas de veh\u00edculos el\u00e9ctricos, motores, transmisiones y suspensiones Detalles: Capacidad: 1200 kg Alimentaci\u00f3n: 230V\/50Hz\/1Ph\/0,75Kw Rango de elevaci\u00f3n: 640 \u2013 1920&#8230;<\/p>","protected":false},"featured_media":4419,"template":"","meta":{"_acf_changed":false,"_kad_post_transparent":"default","_kad_post_title":"","_kad_post_layout":"default","_kad_post_sidebar_id":"","_kad_post_content_style":"default","_kad_post_vertical_padding":"default","_kad_post_feature":"","_kad_post_feature_position":"","_kad_post_header":false,"_kad_post_footer":false,"_kad_post_classname":""},"product_brand":[],"product_cat":[81,109,123],"product_tag":[],"class_list":{"0":"post-4413","1":"product","2":"type-product","3":"status-publish","4":"has-post-thumbnail","6":"product_cat-maquinaria","7":"product_cat-elevadores","8":"product_cat-elevadores-de-tijera","10":"first","11":"instock","12":"product-type-simple","13":"entry","14":"content-bg","15":"loop-entry"},"acf":[],"_links":{"self":[{"href":"https:\/\/www.damarl.com\/en\/wp-json\/wp\/v2\/product\/4413","targetHints":{"allow":["GET"]}}],"collection":[{"href":"https:\/\/www.damarl.com\/en\/wp-json\/wp\/v2\/product"}],"about":[{"href":"https:\/\/www.damarl.com\/en\/wp-json\/wp\/v2\/types\/product"}],"wp:featuredmedia":[{"embeddable":true,"href":"https:\/\/www.damarl.com\/en\/wp-json\/wp\/v2\/media\/4419"}],"wp:attachment":[{"href":"https:\/\/www.damarl.com\/en\/wp-json\/wp\/v2\/media?parent=4413"}],"wp:term":[{"taxonomy":"product_brand","embeddable":true,"href":"https:\/\/www.damarl.com\/en\/wp-json\/wp\/v2\/product_brand?post=4413"},{"taxonomy":"product_cat","embeddable":true,"href":"https:\/\/www.damarl.com\/en\/wp-json\/wp\/v2\/product_cat?post=4413"},{"taxonomy":"product_tag","embeddable":true,"href":"https:\/\/www.damarl.com\/en\/wp-json\/wp\/v2\/product_tag?post=4413"}],"curies":[{"name":"wp","href":"https:\/\/api.w.org\/{rel}","templated":true}]}}