{"id":42,"date":"2023-03-31T10:50:16","date_gmt":"2023-03-31T10:50:16","guid":{"rendered":"https:\/\/webs.anubissolutions.es\/newdamarl\/producto\/elevador-tijera-para-taller-dm36pro\/"},"modified":"2024-09-30T10:59:04","modified_gmt":"2024-09-30T10:59:04","slug":"elevador-tijera-para-taller-dm36pro","status":"publish","type":"product","link":"https:\/\/www.damarl.com\/en\/product\/elevador-tijera-para-taller-dm36pro\/","title":{"rendered":"ELEVADOR TIJERA PARA TALLER &#8211; DM36PRO"},"content":{"rendered":"<h2>Elevador de taller mec\u00e1nico de tijera 3,6 toneladas<\/h2>\r\n<p>Elevador tijera de superficie trif\u00e1sico.<\/p>\r\n<p><strong>Technical data:<\/strong><\/p>\r\n\r\n\r\n\r\n<p>Capacidad m\u00e1xima: 3600 kg<br \/>Tiempo de subida: 40 s<br \/>Tiempo de bajada: 40 s<br \/>Peso total: 800 kg<br \/>Alimentaci\u00f3n: 3 KW \/ 400 V \/ 3 PH \/ 50 Hz<\/p>\r\n\r\n\r\n\r\n<p><strong>Description:<\/strong><\/p>\r\n\r\n\r\n\r\n<p>Electro-hydraulic<br \/>Elevador de tijera para instalaci\u00f3n de superficie<br \/>Gran capacidad 3600 kg<br \/>Altura m\u00e1xima 2,04 m<br \/>Instalaci\u00f3n r\u00e1pida<br \/>Sin cableado el\u00e9ctrico entre consola y plataformas<br \/>Purga y sincronizaci\u00f3n autom\u00e1tica<br \/>Bloqueo hidr\u00e1ulico mediante dos circuitos independientes<br \/>Bajada sin subida previa<br \/>Parada autom\u00e1tica para protecci\u00f3n salvapi\u00e9s<br \/>Altura m\u00ednima de 110 mm<br \/>Bloqueo horizontal de rampas<\/p>\r\n<p>&nbsp;<\/p>\r\n\r\n<p>&nbsp;<\/p>","protected":false},"excerpt":{"rendered":"<p class=\"ficha-download\"><a href=\"https:\/\/www.damarl.com\/wp-content\/uploads\/2024\/05\/elevador-de-coches-2-columnas-monofasico-trifasico-4-toneladas-DM4.0T-2-SB2EV-sin-base-suministros-dama-damarl-01.png\">Download File<\/a><\/p>","protected":false},"featured_media":4437,"template":"","meta":{"_acf_changed":false,"_kad_post_transparent":"default","_kad_post_title":"","_kad_post_layout":"default","_kad_post_sidebar_id":"","_kad_post_content_style":"default","_kad_post_vertical_padding":"default","_kad_post_feature":"","_kad_post_feature_position":"","_kad_post_header":false,"_kad_post_footer":false,"_kad_post_classname":""},"product_brand":[],"product_cat":[15],"product_tag":[],"class_list":{"0":"post-42","1":"product","2":"type-product","3":"status-publish","4":"has-post-thumbnail","6":"product_cat-sin-categorizar","8":"first","9":"instock","10":"product-type-simple","11":"entry","12":"content-bg","13":"loop-entry"},"acf":[],"_links":{"self":[{"href":"https:\/\/www.damarl.com\/en\/wp-json\/wp\/v2\/product\/42","targetHints":{"allow":["GET"]}}],"collection":[{"href":"https:\/\/www.damarl.com\/en\/wp-json\/wp\/v2\/product"}],"about":[{"href":"https:\/\/www.damarl.com\/en\/wp-json\/wp\/v2\/types\/product"}],"wp:featuredmedia":[{"embeddable":true,"href":"https:\/\/www.damarl.com\/en\/wp-json\/wp\/v2\/media\/4437"}],"wp:attachment":[{"href":"https:\/\/www.damarl.com\/en\/wp-json\/wp\/v2\/media?parent=42"}],"wp:term":[{"taxonomy":"product_brand","embeddable":true,"href":"https:\/\/www.damarl.com\/en\/wp-json\/wp\/v2\/product_brand?post=42"},{"taxonomy":"product_cat","embeddable":true,"href":"https:\/\/www.damarl.com\/en\/wp-json\/wp\/v2\/product_cat?post=42"},{"taxonomy":"product_tag","embeddable":true,"href":"https:\/\/www.damarl.com\/en\/wp-json\/wp\/v2\/product_tag?post=42"}],"curies":[{"name":"wp","href":"https:\/\/api.w.org\/{rel}","templated":true}]}}