{"id":39,"date":"2023-03-31T10:50:16","date_gmt":"2023-03-31T10:50:16","guid":{"rendered":"https:\/\/webs.anubissolutions.es\/newdamarl\/producto\/elevador-4-columnas-para-taller-dm450\/"},"modified":"2024-10-14T15:19:36","modified_gmt":"2024-10-14T15:19:36","slug":"elevador-4-columnas-para-taller-dm450","status":"publish","type":"product","link":"https:\/\/www.damarl.com\/en\/product\/elevador-4-columnas-para-taller-dm450\/","title":{"rendered":"4 Post Lift 4.5T |  DM450"},"content":{"rendered":"<p><strong>Description:<\/strong><\/p>\r\n<h2>\r\n\r\n<\/h2>\r\n<ul>\r\n<li>Suitable for alignment. Rear sliding plates, front spaces for\nalignment turntables<\/li>\r\n<li>Hydraulic cylinder and steel rope action on all 4 columns<\/li>\r\n<li>Lowering solenoid valve<\/li>\r\n<li>Pneumatic locking system<\/li>\r\n<li>Anti toe trap<\/li>\r\n<li>Electric safety switch  (leveling, steel rope cut, top limit)<\/li>\r\n<li>Optional pneumatic jacking beam<\/li>\r\n<\/ul>\r\n<p><strong>Technical data:<\/strong><\/p>\r\n<h2>\r\n\r\n<\/h2>\r\n<ul>\r\n<li>Capacity: 5500 kg<\/li>\r\n<li>Maximum lift: 1830 mm<\/li>\r\n<li>Lifting time: 60s<\/li>\r\n<li>Height: 2220 mm<\/li>\r\n<li>Width: 3360 mm<\/li>\r\n<li>Power: 2.2 KW \/ 400 V \/ 3 PH \/ 50 Hz \u2013 2.2 KW \/ 230 V \/ 1 PH \/ 50 Hz<\/li>\r\n<li>Total weight: 1400kg<\/li>\r\n<\/ul>","protected":false},"excerpt":{"rendered":"<p>Descripci\u00f3n: Preparado para alineaci\u00f3n, con placas pivotantes traseras y huecos para platos de alineaci\u00f3n Elevaci\u00f3n mediante cilindro de tracci\u00f3n y cables de acero a las 4 columnas Electrov\u00e1lvula de bajada Accionamiento neum\u00e1tico de bloqueo de seguridad Funci\u00f3n anti-atrapamiento Micro de seguridad de desnivelaci\u00f3n, rotura de cable, final de carrera Gato neum\u00e1tico de ayuda opcional Datos&#8230;<\/p>","protected":false},"featured_media":1316,"template":"","meta":{"_acf_changed":false,"_kad_post_transparent":"default","_kad_post_title":"","_kad_post_layout":"default","_kad_post_sidebar_id":"","_kad_post_content_style":"default","_kad_post_vertical_padding":"default","_kad_post_feature":"","_kad_post_feature_position":"","_kad_post_header":false,"_kad_post_footer":false,"_kad_post_classname":""},"product_brand":[],"product_cat":[109,120,117,81],"product_tag":[],"class_list":{"0":"post-39","1":"product","2":"type-product","3":"status-publish","4":"has-post-thumbnail","6":"product_cat-elevadores","7":"product_cat-elevadores-de-4-columnas","8":"product_cat-elevadores-de-taller","9":"product_cat-maquinaria","11":"first","12":"instock","13":"product-type-simple","14":"entry","15":"content-bg","16":"loop-entry"},"acf":[],"_links":{"self":[{"href":"https:\/\/www.damarl.com\/en\/wp-json\/wp\/v2\/product\/39","targetHints":{"allow":["GET"]}}],"collection":[{"href":"https:\/\/www.damarl.com\/en\/wp-json\/wp\/v2\/product"}],"about":[{"href":"https:\/\/www.damarl.com\/en\/wp-json\/wp\/v2\/types\/product"}],"wp:featuredmedia":[{"embeddable":true,"href":"https:\/\/www.damarl.com\/en\/wp-json\/wp\/v2\/media\/1316"}],"wp:attachment":[{"href":"https:\/\/www.damarl.com\/en\/wp-json\/wp\/v2\/media?parent=39"}],"wp:term":[{"taxonomy":"product_brand","embeddable":true,"href":"https:\/\/www.damarl.com\/en\/wp-json\/wp\/v2\/product_brand?post=39"},{"taxonomy":"product_cat","embeddable":true,"href":"https:\/\/www.damarl.com\/en\/wp-json\/wp\/v2\/product_cat?post=39"},{"taxonomy":"product_tag","embeddable":true,"href":"https:\/\/www.damarl.com\/en\/wp-json\/wp\/v2\/product_tag?post=39"}],"curies":[{"name":"wp","href":"https:\/\/api.w.org\/{rel}","templated":true}]}}