{"id":38,"date":"2023-03-31T10:50:16","date_gmt":"2023-03-31T10:50:16","guid":{"rendered":"https:\/\/webs.anubissolutions.es\/newdamarl\/producto\/elevador-de-parking-dm3-0pa-pb\/"},"modified":"2024-10-11T08:42:12","modified_gmt":"2024-10-11T08:42:12","slug":"elevador-de-parking-dm3-0pa-pb","status":"publish","type":"product","link":"https:\/\/www.damarl.com\/en\/product\/elevador-de-parking-dm3-0pa-pb\/","title":{"rendered":"Electro-Hydraulic Parking Lift | DM3.0PA-PB"},"content":{"rendered":"<p><strong>Description: <\/strong><\/p>\r\n<ul>\r\n<li>Row pooling column design for saving space<\/li>\r\n<li>2 hydraulic cylinders + chain<\/li>\r\n<li>Chain synchronized<\/li>\r\n<li>Photocell equipped<\/li>\r\n<li>Electromagnetic safety locking system<\/li>\r\n<li>Top and bottom limit switch<\/li>\r\n<\/ul>\r\n<p><strong>Technical data: <\/strong><\/p>\r\n\r\n\r\n\r\n<ul>\r\n<li>Capacity: 2700 kg<\/li>\r\n<li>Lifting: 1750kg<\/li>\r\n<li>Overall height: 3500 mm<\/li>\r\n<li>Rise time: 70 s<\/li>\r\n<li>Lowering time: 60s<\/li>\r\n<li>Power supply: 400V\/2.2KW - 230V\/2.2KW<\/li>\r\n<li>Weight: 900 kg<\/li>\r\n<\/ul>","protected":false},"excerpt":{"rendered":"<p>Descripci\u00f3n: Columna compartida para montaje en l\u00ednea 2 Cilindros hidr\u00e1ulicos + cadena Sincronizaci\u00f3n y nivelaci\u00f3n mediante cadena Equipado con fotoc\u00e9lula Sistema de bloqueo de seguridad electromagn\u00e9tico Micro electr\u00f3nico de altura y fin de carrera Datos T\u00e9cnicos: Capacidad: 2700 kg Elevaci\u00f3n: 1750 mm Altura total: 3500 mm Tiempo de subida: 70 s Tiempo de bajada: 60&#8230;<\/p>","protected":false},"featured_media":1155,"template":"","meta":{"_acf_changed":false,"_kad_post_transparent":"default","_kad_post_title":"","_kad_post_layout":"default","_kad_post_sidebar_id":"","_kad_post_content_style":"default","_kad_post_vertical_padding":"default","_kad_post_feature":"","_kad_post_feature_position":"","_kad_post_header":false,"_kad_post_footer":false,"_kad_post_classname":""},"product_brand":[],"product_cat":[109,119,117,81],"product_tag":[],"class_list":{"0":"post-38","1":"product","2":"type-product","3":"status-publish","4":"has-post-thumbnail","6":"product_cat-elevadores","7":"product_cat-elevadores-de-2-columnas","8":"product_cat-elevadores-de-taller","9":"product_cat-maquinaria","11":"first","12":"instock","13":"product-type-simple","14":"entry","15":"content-bg","16":"loop-entry"},"acf":[],"_links":{"self":[{"href":"https:\/\/www.damarl.com\/en\/wp-json\/wp\/v2\/product\/38","targetHints":{"allow":["GET"]}}],"collection":[{"href":"https:\/\/www.damarl.com\/en\/wp-json\/wp\/v2\/product"}],"about":[{"href":"https:\/\/www.damarl.com\/en\/wp-json\/wp\/v2\/types\/product"}],"wp:featuredmedia":[{"embeddable":true,"href":"https:\/\/www.damarl.com\/en\/wp-json\/wp\/v2\/media\/1155"}],"wp:attachment":[{"href":"https:\/\/www.damarl.com\/en\/wp-json\/wp\/v2\/media?parent=38"}],"wp:term":[{"taxonomy":"product_brand","embeddable":true,"href":"https:\/\/www.damarl.com\/en\/wp-json\/wp\/v2\/product_brand?post=38"},{"taxonomy":"product_cat","embeddable":true,"href":"https:\/\/www.damarl.com\/en\/wp-json\/wp\/v2\/product_cat?post=38"},{"taxonomy":"product_tag","embeddable":true,"href":"https:\/\/www.damarl.com\/en\/wp-json\/wp\/v2\/product_tag?post=38"}],"curies":[{"name":"wp","href":"https:\/\/api.w.org\/{rel}","templated":true}]}}