{"id":34,"date":"2023-03-31T10:50:13","date_gmt":"2023-03-31T10:50:13","guid":{"rendered":"https:\/\/webs.anubissolutions.es\/newdamarl\/producto\/medidor-compresion-motor-diesel-da1010\/"},"modified":"2023-03-31T10:50:14","modified_gmt":"2023-03-31T10:50:14","slug":"medidor-compresion-motor-diesel-da1010","status":"publish","type":"product","link":"https:\/\/www.damarl.com\/en\/product\/medidor-compresion-motor-diesel-da1010\/","title":{"rendered":"MEDIDOR COMPRESI\u00d3N MOTOR DIESEL &#8211; DA1010"},"content":{"rendered":"<p><strong>Caracter\u00edsticas del producto<\/strong><\/p>\n<p>Kit completo para medici\u00f3n de la presi\u00f3n en el cilindro para los veh\u00edculos equipados con motores di\u00e9sel.<\/p>\n<p>Su man\u00f3metro nos permitir\u00e1 comprobar la presi\u00f3n en las v\u00e1lvulas y segmentos de pist\u00f3n para ver el desgaste y las p\u00e9rdidas de rendiemiento.<\/p>\n<p>Universal: Dise\u00f1ado para ser compatible con la gran mayor\u00eda de motores di\u00e9sel.,1<\/p>","protected":false},"excerpt":{"rendered":"<p>Caracter\u00edsticas del producto Kit completo para medici\u00f3n de la presi\u00f3n en el cilindro para los veh\u00edculos equipados con motores di\u00e9sel. Su man\u00f3metro nos permitir\u00e1 comprobar la presi\u00f3n en las v\u00e1lvulas y segmentos de pist\u00f3n para ver el desgaste y las p\u00e9rdidas de rendiemiento. Universal: Dise\u00f1ado para ser compatible con la gran mayor\u00eda de motores di\u00e9sel.,1<\/p>","protected":false},"featured_media":0,"template":"","meta":{"_acf_changed":false,"_kad_post_transparent":"","_kad_post_title":"","_kad_post_layout":"","_kad_post_sidebar_id":"","_kad_post_content_style":"","_kad_post_vertical_padding":"","_kad_post_feature":"","_kad_post_feature_position":"","_kad_post_header":false,"_kad_post_footer":false,"_kad_post_classname":""},"product_brand":[],"product_cat":[15],"product_tag":[],"class_list":{"0":"post-34","1":"product","2":"type-product","3":"status-publish","5":"product_cat-sin-categorizar","7":"first","8":"instock","9":"product-type-simple","10":"entry","11":"content-bg","12":"loop-entry"},"acf":[],"_links":{"self":[{"href":"https:\/\/www.damarl.com\/en\/wp-json\/wp\/v2\/product\/34","targetHints":{"allow":["GET"]}}],"collection":[{"href":"https:\/\/www.damarl.com\/en\/wp-json\/wp\/v2\/product"}],"about":[{"href":"https:\/\/www.damarl.com\/en\/wp-json\/wp\/v2\/types\/product"}],"wp:attachment":[{"href":"https:\/\/www.damarl.com\/en\/wp-json\/wp\/v2\/media?parent=34"}],"wp:term":[{"taxonomy":"product_brand","embeddable":true,"href":"https:\/\/www.damarl.com\/en\/wp-json\/wp\/v2\/product_brand?post=34"},{"taxonomy":"product_cat","embeddable":true,"href":"https:\/\/www.damarl.com\/en\/wp-json\/wp\/v2\/product_cat?post=34"},{"taxonomy":"product_tag","embeddable":true,"href":"https:\/\/www.damarl.com\/en\/wp-json\/wp\/v2\/product_tag?post=34"}],"curies":[{"name":"wp","href":"https:\/\/api.w.org\/{rel}","templated":true}]}}