{"id":31,"date":"2023-03-31T10:50:13","date_gmt":"2023-03-31T10:50:13","guid":{"rendered":"https:\/\/webs.anubissolutions.es\/newdamarl\/producto\/extractor-de-juntas-homocineticas-da3907\/"},"modified":"2023-03-31T10:50:14","modified_gmt":"2023-03-31T10:50:14","slug":"extractor-de-juntas-homocineticas-da3907","status":"publish","type":"product","link":"https:\/\/www.damarl.com\/en\/product\/extractor-de-juntas-homocineticas-da3907\/","title":{"rendered":"EXTRACTOR DE JUNTAS HOMOCIN\u00c9TICAS &#8211; DA3907"},"content":{"rendered":"<p><strong>Caracter\u00edsticas del producto<\/strong><\/p>\n<p>Para la extracci\u00f3n f\u00e1cil, r\u00e1pida de la junta homocin\u00e9tica en veh\u00edculos de tracci\u00f3n delantera.<br \/>\nSe adapta a la mayor\u00eda de veh\u00edculos. Evita separar el eje de todo el disco desde el veh\u00edculo.<br \/>\nEvita golpear la articulaci\u00f3n con el martillo y la deriva, con deslizamiento de martillo o con un martillo de aire.<\/p>\n<p>Largo total: 250 mm<br \/>\nApertura : 100 mm,1<\/p>","protected":false},"excerpt":{"rendered":"<p>Caracter\u00edsticas del producto Para la extracci\u00f3n f\u00e1cil, r\u00e1pida de la junta homocin\u00e9tica en veh\u00edculos de tracci\u00f3n delantera. Se adapta a la mayor\u00eda de veh\u00edculos. Evita separar el eje de todo el disco desde el veh\u00edculo. Evita golpear la articulaci\u00f3n con el martillo y la deriva, con deslizamiento de martillo o con un martillo de aire&#8230;.<\/p>","protected":false},"featured_media":0,"template":"","meta":{"_acf_changed":false,"_kad_post_transparent":"","_kad_post_title":"","_kad_post_layout":"","_kad_post_sidebar_id":"","_kad_post_content_style":"","_kad_post_vertical_padding":"","_kad_post_feature":"","_kad_post_feature_position":"","_kad_post_header":false,"_kad_post_footer":false,"_kad_post_classname":""},"product_brand":[],"product_cat":[15],"product_tag":[],"class_list":{"0":"post-31","1":"product","2":"type-product","3":"status-publish","5":"product_cat-sin-categorizar","7":"first","8":"instock","9":"product-type-simple","10":"entry","11":"content-bg","12":"loop-entry"},"acf":[],"_links":{"self":[{"href":"https:\/\/www.damarl.com\/en\/wp-json\/wp\/v2\/product\/31","targetHints":{"allow":["GET"]}}],"collection":[{"href":"https:\/\/www.damarl.com\/en\/wp-json\/wp\/v2\/product"}],"about":[{"href":"https:\/\/www.damarl.com\/en\/wp-json\/wp\/v2\/types\/product"}],"wp:attachment":[{"href":"https:\/\/www.damarl.com\/en\/wp-json\/wp\/v2\/media?parent=31"}],"wp:term":[{"taxonomy":"product_brand","embeddable":true,"href":"https:\/\/www.damarl.com\/en\/wp-json\/wp\/v2\/product_brand?post=31"},{"taxonomy":"product_cat","embeddable":true,"href":"https:\/\/www.damarl.com\/en\/wp-json\/wp\/v2\/product_cat?post=31"},{"taxonomy":"product_tag","embeddable":true,"href":"https:\/\/www.damarl.com\/en\/wp-json\/wp\/v2\/product_tag?post=31"}],"curies":[{"name":"wp","href":"https:\/\/api.w.org\/{rel}","templated":true}]}}