{"id":30,"date":"2023-03-31T10:50:13","date_gmt":"2023-03-31T10:50:13","guid":{"rendered":"https:\/\/webs.anubissolutions.es\/newdamarl\/producto\/regleta-portavasos-1-2-14-piezas-da3702\/"},"modified":"2023-03-31T10:50:14","modified_gmt":"2023-03-31T10:50:14","slug":"regleta-portavasos-1-2-14-piezas-da3702","status":"publish","type":"product","link":"https:\/\/www.damarl.com\/en\/product\/regleta-portavasos-1-2-14-piezas-da3702\/","title":{"rendered":"REGLETA PORTAVASOS 1\/2&quot; 14 PIEZAS &#8211; DA3702"},"content":{"rendered":"<p><strong>Caracter\u00edsticas del producto<\/strong><\/p>\n<ul class=\"ul\">\n<li>Dim. 330 &#8211; para juego 10 piezas 8-32 mm,<\/li>\n<li>N\u00famero m\u00e1ximo de piezas: 14<\/li>\n<\/ul>\n<p>,1<\/p>","protected":false},"excerpt":{"rendered":"<p>Caracter\u00edsticas del producto Dim. 330 &#8211; para juego 10 piezas 8-32 mm, N\u00famero m\u00e1ximo de piezas: 14 ,1<\/p>","protected":false},"featured_media":0,"template":"","meta":{"_acf_changed":false,"_kad_post_transparent":"","_kad_post_title":"","_kad_post_layout":"","_kad_post_sidebar_id":"","_kad_post_content_style":"","_kad_post_vertical_padding":"","_kad_post_feature":"","_kad_post_feature_position":"","_kad_post_header":false,"_kad_post_footer":false,"_kad_post_classname":""},"product_brand":[],"product_cat":[15],"product_tag":[],"class_list":{"0":"post-30","1":"product","2":"type-product","3":"status-publish","5":"product_cat-sin-categorizar","7":"first","8":"instock","9":"product-type-simple","10":"entry","11":"content-bg","12":"loop-entry"},"acf":[],"_links":{"self":[{"href":"https:\/\/www.damarl.com\/en\/wp-json\/wp\/v2\/product\/30","targetHints":{"allow":["GET"]}}],"collection":[{"href":"https:\/\/www.damarl.com\/en\/wp-json\/wp\/v2\/product"}],"about":[{"href":"https:\/\/www.damarl.com\/en\/wp-json\/wp\/v2\/types\/product"}],"wp:attachment":[{"href":"https:\/\/www.damarl.com\/en\/wp-json\/wp\/v2\/media?parent=30"}],"wp:term":[{"taxonomy":"product_brand","embeddable":true,"href":"https:\/\/www.damarl.com\/en\/wp-json\/wp\/v2\/product_brand?post=30"},{"taxonomy":"product_cat","embeddable":true,"href":"https:\/\/www.damarl.com\/en\/wp-json\/wp\/v2\/product_cat?post=30"},{"taxonomy":"product_tag","embeddable":true,"href":"https:\/\/www.damarl.com\/en\/wp-json\/wp\/v2\/product_tag?post=30"}],"curies":[{"name":"wp","href":"https:\/\/api.w.org\/{rel}","templated":true}]}}