{"id":28,"date":"2023-03-31T10:50:13","date_gmt":"2023-03-31T10:50:13","guid":{"rendered":"https:\/\/webs.anubissolutions.es\/newdamarl\/producto\/extractor-faros-y-pilotos-da3512\/"},"modified":"2023-03-31T10:50:14","modified_gmt":"2023-03-31T10:50:14","slug":"extractor-faros-y-pilotos-da3512","status":"publish","type":"product","link":"https:\/\/www.damarl.com\/en\/product\/extractor-faros-y-pilotos-da3512\/","title":{"rendered":"EXTRACTOR FAROS Y PILOTOS &#8211; DA3512"},"content":{"rendered":"<p><strong>Specifications:<\/strong><\/p>\n<p>Extrae faros y pilos de manera sencilla y segura.<br \/>\nAplicaci\u00f3n universal para clips de enganche r\u00e1pido, dise\u00f1ado para evitar da\u00f1os.,8350<\/p>","protected":false},"excerpt":{"rendered":"<p>Especificaciones: Extrae faros y pilos de manera sencilla y segura. Aplicaci\u00f3n universal para clips de enganche r\u00e1pido, dise\u00f1ado para evitar da\u00f1os.,8350<\/p>","protected":false},"featured_media":0,"template":"","meta":{"_acf_changed":false,"_kad_post_transparent":"","_kad_post_title":"","_kad_post_layout":"","_kad_post_sidebar_id":"","_kad_post_content_style":"","_kad_post_vertical_padding":"","_kad_post_feature":"","_kad_post_feature_position":"","_kad_post_header":false,"_kad_post_footer":false,"_kad_post_classname":""},"product_brand":[],"product_cat":[15],"product_tag":[],"class_list":{"0":"post-28","1":"product","2":"type-product","3":"status-publish","5":"product_cat-sin-categorizar","7":"first","8":"instock","9":"product-type-simple","10":"entry","11":"content-bg","12":"loop-entry"},"acf":[],"_links":{"self":[{"href":"https:\/\/www.damarl.com\/en\/wp-json\/wp\/v2\/product\/28","targetHints":{"allow":["GET"]}}],"collection":[{"href":"https:\/\/www.damarl.com\/en\/wp-json\/wp\/v2\/product"}],"about":[{"href":"https:\/\/www.damarl.com\/en\/wp-json\/wp\/v2\/types\/product"}],"wp:attachment":[{"href":"https:\/\/www.damarl.com\/en\/wp-json\/wp\/v2\/media?parent=28"}],"wp:term":[{"taxonomy":"product_brand","embeddable":true,"href":"https:\/\/www.damarl.com\/en\/wp-json\/wp\/v2\/product_brand?post=28"},{"taxonomy":"product_cat","embeddable":true,"href":"https:\/\/www.damarl.com\/en\/wp-json\/wp\/v2\/product_cat?post=28"},{"taxonomy":"product_tag","embeddable":true,"href":"https:\/\/www.damarl.com\/en\/wp-json\/wp\/v2\/product_tag?post=28"}],"curies":[{"name":"wp","href":"https:\/\/api.w.org\/{rel}","templated":true}]}}