{"id":25,"date":"2023-03-31T10:50:13","date_gmt":"2023-03-31T10:50:13","guid":{"rendered":"https:\/\/webs.anubissolutions.es\/newdamarl\/producto\/iman-flexible-tapones-carter-da3922\/"},"modified":"2023-03-31T10:50:14","modified_gmt":"2023-03-31T10:50:14","slug":"iman-flexible-tapones-carter-da3922","status":"publish","type":"product","link":"https:\/\/www.damarl.com\/en\/product\/iman-flexible-tapones-carter-da3922\/","title":{"rendered":"IMAN FLEXIBLE TAPONES CARTER &#8211; DA3922"},"content":{"rendered":"<p><strong>Specifications:<\/strong><\/p>\n<p><strong>Destornillador flexible para tap\u00f3n de c\u00e1rter<\/strong> con punta magn\u00e9tica dise\u00f1ado para la extracci\u00f3n de tapones de c\u00e1rter una vez han sido aflojados.<\/p>\n<p>Herramienta dise\u00f1ada para girar las \u00faltimas vueltas el tap\u00f3n y sujetarlo cuando se extrae y es empujado por la presi\u00f3n de aceite. Permite realizar la extracci\u00f3n evitando el contacto con aceite sucio caliente.<\/p>\n<p>Evita ensuciar las herramientas o las manos, quemaduras o dermatitis provocada por el contacto con el aceite. Al mismo tiempo la herramienta evita que el tap\u00f3n y arandela se caigan al dep\u00f3sito de aceite, gracias a su potente im\u00e1n.<\/p>\n<p>Longitud: 285mm,a:2:{i:0;s:4:\u00bb8353&#8243;;i:1;s:4:\u00bb8354&#8243;;}<\/p>","protected":false},"excerpt":{"rendered":"<p>Especificaciones: Destornillador flexible para tap\u00f3n de c\u00e1rter con punta magn\u00e9tica dise\u00f1ado para la extracci\u00f3n de tapones de c\u00e1rter una vez han sido aflojados. Herramienta dise\u00f1ada para girar las \u00faltimas vueltas el tap\u00f3n y sujetarlo cuando se extrae y es empujado por la presi\u00f3n de aceite. Permite realizar la extracci\u00f3n evitando el contacto con aceite sucio&#8230;<\/p>","protected":false},"featured_media":0,"template":"","meta":{"_acf_changed":false,"_kad_post_transparent":"","_kad_post_title":"","_kad_post_layout":"","_kad_post_sidebar_id":"","_kad_post_content_style":"","_kad_post_vertical_padding":"","_kad_post_feature":"","_kad_post_feature_position":"","_kad_post_header":false,"_kad_post_footer":false,"_kad_post_classname":""},"product_brand":[],"product_cat":[15],"product_tag":[],"class_list":{"0":"post-25","1":"product","2":"type-product","3":"status-publish","5":"product_cat-sin-categorizar","7":"first","8":"instock","9":"product-type-simple","10":"entry","11":"content-bg","12":"loop-entry"},"acf":[],"_links":{"self":[{"href":"https:\/\/www.damarl.com\/en\/wp-json\/wp\/v2\/product\/25","targetHints":{"allow":["GET"]}}],"collection":[{"href":"https:\/\/www.damarl.com\/en\/wp-json\/wp\/v2\/product"}],"about":[{"href":"https:\/\/www.damarl.com\/en\/wp-json\/wp\/v2\/types\/product"}],"wp:attachment":[{"href":"https:\/\/www.damarl.com\/en\/wp-json\/wp\/v2\/media?parent=25"}],"wp:term":[{"taxonomy":"product_brand","embeddable":true,"href":"https:\/\/www.damarl.com\/en\/wp-json\/wp\/v2\/product_brand?post=25"},{"taxonomy":"product_cat","embeddable":true,"href":"https:\/\/www.damarl.com\/en\/wp-json\/wp\/v2\/product_cat?post=25"},{"taxonomy":"product_tag","embeddable":true,"href":"https:\/\/www.damarl.com\/en\/wp-json\/wp\/v2\/product_tag?post=25"}],"curies":[{"name":"wp","href":"https:\/\/api.w.org\/{rel}","templated":true}]}}