{"id":24,"date":"2023-03-31T10:50:13","date_gmt":"2023-03-31T10:50:13","guid":{"rendered":"https:\/\/webs.anubissolutions.es\/newdamarl\/producto\/pistola-de-impacto-%c2%bd-electrica-1700-nm-da1403e\/"},"modified":"2023-03-31T10:50:14","modified_gmt":"2023-03-31T10:50:14","slug":"pistola-de-impacto-%c2%bd-electrica-1700-nm-da1403e","status":"publish","type":"product","link":"https:\/\/www.damarl.com\/en\/product\/pistola-de-impacto-%c2%bd-electrica-1700-nm-da1403e\/","title":{"rendered":"PISTOLA DE IMPACTO \u00bd\u201d EL\u00c9CTRICA 1700 NM &#8211; DA1403E"},"content":{"rendered":"<h1>Pistola de impacto el\u00e9ctrica de 1700 NM con bater\u00eda, 2 bater\u00edas, base de carga r\u00e1pida y luz led.<\/h1>\n<p><strong>Pistola de impacto el\u00e9ctrica para taller<\/strong>\u00a0 con dise\u00f1o ergon\u00f3mico, ideada para trabajar sin ataduras,\u00a0 aportando elevada comodidad al usuario.<\/p>\n<p><strong>Professional impact gun<\/strong> con cuadradillo de 1\/2&#8243; y par de fuerza m\u00e1ximo de 1700 NM para efectuar r\u00e1pidamente el apriete \/ desapriete de fijaciones en mayor\u00eda de aplicaciones de mec\u00e1nica<\/p>\n<p>Equipado con motor brushless, base de carga r\u00e1pida, regulador de velocidad en 3 posiciones e indicador de bater\u00eda.<\/p>\n<p><strong>Specifications:<\/strong><\/p>\n<p>\u2022 Par m\u00e1ximo: 1700NM<br \/>\n\u2022 Velocidad: 1900 rpm<br \/>\n\u2022 Tasa de impacto: 2100 Bpm<br \/>\n\u2022 Longitud: 251 mm<br \/>\n\u2022 Peso: 3,1 kg<\/p>\n<p>&nbsp;<\/p>\n<div class=\"entry-content-asset videofit\"><iframe title=\"PISTOLA DE IMPACTO \u00bd\u201d EL\u00c9CTRICA 1700 NM - DAMA RL - NRS\" width=\"720\" height=\"405\" src=\"https:\/\/www.youtube.com\/embed\/9UN4ZRk1Kss?feature=oembed\" frameborder=\"0\" allow=\"accelerometer; autoplay; clipboard-write; encrypted-media; gyroscope; picture-in-picture; web-share\" referrerpolicy=\"strict-origin-when-cross-origin\" allowfullscreen><\/iframe><\/div>","protected":false},"excerpt":{"rendered":"<p>Pistola de impacto el\u00e9ctrica de 1700 NM con bater\u00eda, 2 bater\u00edas, base de carga r\u00e1pida y luz led. Pistola de impacto el\u00e9ctrica para taller\u00a0 con dise\u00f1o ergon\u00f3mico, ideada para trabajar sin ataduras,\u00a0 aportando elevada comodidad al usuario. Llave de impacto profesional con cuadradillo de 1\/2&#8243; y par de fuerza m\u00e1ximo de 1700 NM para efectuar&#8230;<\/p>","protected":false},"featured_media":0,"template":"","meta":{"_acf_changed":false,"_kad_post_transparent":"","_kad_post_title":"","_kad_post_layout":"","_kad_post_sidebar_id":"","_kad_post_content_style":"","_kad_post_vertical_padding":"","_kad_post_feature":"","_kad_post_feature_position":"","_kad_post_header":false,"_kad_post_footer":false,"_kad_post_classname":""},"product_brand":[],"product_cat":[15],"product_tag":[],"class_list":{"0":"post-24","1":"product","2":"type-product","3":"status-publish","5":"product_cat-sin-categorizar","7":"first","8":"instock","9":"product-type-simple","10":"entry","11":"content-bg","12":"loop-entry"},"acf":[],"_links":{"self":[{"href":"https:\/\/www.damarl.com\/en\/wp-json\/wp\/v2\/product\/24","targetHints":{"allow":["GET"]}}],"collection":[{"href":"https:\/\/www.damarl.com\/en\/wp-json\/wp\/v2\/product"}],"about":[{"href":"https:\/\/www.damarl.com\/en\/wp-json\/wp\/v2\/types\/product"}],"wp:attachment":[{"href":"https:\/\/www.damarl.com\/en\/wp-json\/wp\/v2\/media?parent=24"}],"wp:term":[{"taxonomy":"product_brand","embeddable":true,"href":"https:\/\/www.damarl.com\/en\/wp-json\/wp\/v2\/product_brand?post=24"},{"taxonomy":"product_cat","embeddable":true,"href":"https:\/\/www.damarl.com\/en\/wp-json\/wp\/v2\/product_cat?post=24"},{"taxonomy":"product_tag","embeddable":true,"href":"https:\/\/www.damarl.com\/en\/wp-json\/wp\/v2\/product_tag?post=24"}],"curies":[{"name":"wp","href":"https:\/\/api.w.org\/{rel}","templated":true}]}}