{"id":211,"date":"2023-03-31T10:50:45","date_gmt":"2023-03-31T10:50:45","guid":{"rendered":"https:\/\/webs.anubissolutions.es\/newdamarl\/producto\/alineador-3d-dma3d3000\/"},"modified":"2024-11-13T12:25:43","modified_gmt":"2024-11-13T12:25:43","slug":"alineador-de-direccion-3d-dma3d3000","status":"publish","type":"product","link":"https:\/\/www.damarl.com\/en\/product\/alineador-de-direccion-3d-dma3d3000\/","title":{"rendered":"3D Wheel Alignment Machine | DMA3D3000"},"content":{"rendered":"<p><strong>Description:<\/strong><\/p>\r\n\r\n\r\n\r\n<ul>\r\n<li>2 Wheel alignment mode<\/li>\r\n<li>Full-size HD high precision cameras with CMOS<\/li>\r\n<li>Mobile camera beam to adapt working height<\/li>\r\n<li>Lens filters to reduce backlighting<\/li>\r\n<li>Mini targets<\/li>\r\n<li>Complete HaynesPro database<\/li>\r\n<li>Annual database updates<\/li>\r\n<li>Software updates available<\/li>\r\n<li>Alignment process with visual and multilingual design<\/li>\r\n<\/ul>\r\n\r\n\r\n\r\n<p><strong>Specifications:<\/strong><\/p>\r\n<p>\r\n\r\n<\/p>\r\n<ul>\r\n<li>Measuring system: 3D<\/li>\r\n<li>Type of data transmission: Wired<\/li>\r\n<li>Minimum rim size: 10\u2019\u2019<\/li>\r\n<li>Maximum rim size: 26\u2019\u2019<\/li>\r\n<li>Toe-in curve: Yes<\/li>\r\n<li>Track width measurement: Yes<\/li>\r\n<li>Wheelbase measurement: Yes<\/li>\r\n<li>Monitor: LCD 32\u2019\u2019<\/li>\r\n<li>Minimum installation distance: 1800mm<\/li>\r\n<li>Maximum installation distance: 2800mm<\/li>\r\n<li>Power supply: 230V\/1ph\/50Hz<\/li>\r\n<li>Weight: 427kg<\/li>\r\n<\/ul>","protected":false},"excerpt":{"rendered":"<p>Descripci\u00f3n: Modo de alineaci\u00f3n de 2 ruedas C\u00e1maras HD de alta precisi\u00f3n con sensores CMOS Viga m\u00f3vil para adaptar la altura de trabajo Objetivos con filtro de luz Mini targets Base de datos \u00edntegra. HaynesPro Actualizaci\u00f3n anual de base de datos Actualizaciones de software disponibles Proceso de alineaci\u00f3n con dise\u00f1o visual y multiling\u00fce Especificaciones: Sistema&#8230;<\/p>","protected":false},"featured_media":2658,"template":"","meta":{"_acf_changed":false,"_kad_post_transparent":"default","_kad_post_title":"","_kad_post_layout":"default","_kad_post_sidebar_id":"","_kad_post_content_style":"default","_kad_post_vertical_padding":"default","_kad_post_feature":"","_kad_post_feature_position":"","_kad_post_header":false,"_kad_post_footer":false,"_kad_post_classname":""},"product_brand":[],"product_cat":[108,113,81,83],"product_tag":[],"class_list":{"0":"post-211","1":"product","2":"type-product","3":"status-publish","4":"has-post-thumbnail","6":"product_cat-alineadores","7":"product_cat-alineadores-3d","8":"product_cat-maquinaria","9":"product_cat-productos-destacados","11":"first","12":"instock","13":"product-type-simple","14":"entry","15":"content-bg","16":"loop-entry"},"acf":[],"_links":{"self":[{"href":"https:\/\/www.damarl.com\/en\/wp-json\/wp\/v2\/product\/211","targetHints":{"allow":["GET"]}}],"collection":[{"href":"https:\/\/www.damarl.com\/en\/wp-json\/wp\/v2\/product"}],"about":[{"href":"https:\/\/www.damarl.com\/en\/wp-json\/wp\/v2\/types\/product"}],"wp:featuredmedia":[{"embeddable":true,"href":"https:\/\/www.damarl.com\/en\/wp-json\/wp\/v2\/media\/2658"}],"wp:attachment":[{"href":"https:\/\/www.damarl.com\/en\/wp-json\/wp\/v2\/media?parent=211"}],"wp:term":[{"taxonomy":"product_brand","embeddable":true,"href":"https:\/\/www.damarl.com\/en\/wp-json\/wp\/v2\/product_brand?post=211"},{"taxonomy":"product_cat","embeddable":true,"href":"https:\/\/www.damarl.com\/en\/wp-json\/wp\/v2\/product_cat?post=211"},{"taxonomy":"product_tag","embeddable":true,"href":"https:\/\/www.damarl.com\/en\/wp-json\/wp\/v2\/product_tag?post=211"}],"curies":[{"name":"wp","href":"https:\/\/api.w.org\/{rel}","templated":true}]}}