{"id":21,"date":"2023-03-31T10:50:13","date_gmt":"2023-03-31T10:50:13","guid":{"rendered":"https:\/\/webs.anubissolutions.es\/newdamarl\/producto\/alineador-laser-optico-2-ejes-str1lchc24\/"},"modified":"2023-03-31T10:50:13","modified_gmt":"2023-03-31T10:50:13","slug":"alineador-laser-optico-2-ejes-str1lchc24","status":"publish","type":"product","link":"https:\/\/www.damarl.com\/en\/product\/alineador-laser-optico-2-ejes-str1lchc24\/","title":{"rendered":"ALINEADOR L\u00c1SER \u00d3PTICO 2 EJES-STR1LCHC24"},"content":{"rendered":"<p><strong>Specifications:<\/strong><\/p>\n<p>Alimentaci\u00f3n: 230 V<br \/>\nPotencia: 500 W<br \/>\nLlantas: 12&#8243;-22&#8243;<br \/>\nPrecisi\u00f3n: +\/- 0.25 mm<br \/>\nL\u00e1ser: 1mW<br \/>\nCa\u00edda: +\/- 0.10&#8242;<br \/>\nAvance: +\/- 0.10&#8242;<\/p>\n<p><strong>Description:<\/strong><\/p>\n<p>&#8211; Sin cables en los sensores.<br \/>\n&#8211; Sensores colgados, ajuste r\u00e1pido a la rueda.<br \/>\n&#8211; Lecturas en suelo, fieles al modo de conducci\u00f3n.<br \/>\n&#8211; Soportes y sensores de lectura calibrados en f\u00e1brica como una unidad.<br \/>\n&#8211; Compensacion RUN OUT posible.<br \/>\n&#8211; Los cabezales de lectura no contienen partes m\u00f3viles. &#8211; Perfecto ajuste a la llanta.<br \/>\n&#8211; Las escalas de convergencia se pueden leer desde distintos \u00e1ngulos.<br \/>\n&#8211; Cartel de esquemas iluminado.<br \/>\n&#8211; Recarga autom\u00e1tica de bater\u00edas.<br \/>\n&#8211; Uso sin restricciones alrededor del \u00e1rea de trabajo.<br \/>\n&#8211; Ajuste en llantas de 12&#8243; a 22&#8243;.<\/p>\n<p><strong>Contiene:<\/strong><\/p>\n<p>&#8211; 1 Pareja de cabezales de medici\u00f3n<br \/>\n&#8211; 1 Pareja de colgadores.<br \/>\n&#8211; 1 Panel de montaje y esquemas iluminado. &#8211; 1 Pareja de escalas traseras.<br \/>\n&#8211; 1 Bloqueo de volante.<br \/>\n&#8211; 2 Platos de alineaci\u00f3n.,https:\/\/webs.anubissolutions.es\/damarl\/wp-content\/uploads\/2021\/11\/alineador-optico-laser-para-vehiculos-str1000e-str1lchc24-damarl-suministros-dama-29.pdf<\/p>","protected":false},"excerpt":{"rendered":"<p>Especificaciones: Alimentaci\u00f3n: 230 V Potencia: 500 W Llantas: 12&#8243;-22&#8243; Precisi\u00f3n: +\/- 0.25 mm L\u00e1ser: 1mW Ca\u00edda: +\/- 0.10&#8242; Avance: +\/- 0.10&#8242; Descripci\u00f3n: &#8211; Sin cables en los sensores. &#8211; Sensores colgados, ajuste r\u00e1pido a la rueda. &#8211; Lecturas en suelo, fieles al modo de conducci\u00f3n. &#8211; Soportes y sensores de lectura calibrados en f\u00e1brica como&#8230;<\/p>","protected":false},"featured_media":0,"template":"","meta":{"_acf_changed":false,"_kad_post_transparent":"","_kad_post_title":"","_kad_post_layout":"","_kad_post_sidebar_id":"","_kad_post_content_style":"","_kad_post_vertical_padding":"","_kad_post_feature":"","_kad_post_feature_position":"","_kad_post_header":false,"_kad_post_footer":false,"_kad_post_classname":""},"product_brand":[],"product_cat":[15],"product_tag":[],"class_list":{"0":"post-21","1":"product","2":"type-product","3":"status-publish","5":"product_cat-sin-categorizar","7":"first","8":"instock","9":"product-type-simple","10":"entry","11":"content-bg","12":"loop-entry"},"acf":[],"_links":{"self":[{"href":"https:\/\/www.damarl.com\/en\/wp-json\/wp\/v2\/product\/21","targetHints":{"allow":["GET"]}}],"collection":[{"href":"https:\/\/www.damarl.com\/en\/wp-json\/wp\/v2\/product"}],"about":[{"href":"https:\/\/www.damarl.com\/en\/wp-json\/wp\/v2\/types\/product"}],"wp:attachment":[{"href":"https:\/\/www.damarl.com\/en\/wp-json\/wp\/v2\/media?parent=21"}],"wp:term":[{"taxonomy":"product_brand","embeddable":true,"href":"https:\/\/www.damarl.com\/en\/wp-json\/wp\/v2\/product_brand?post=21"},{"taxonomy":"product_cat","embeddable":true,"href":"https:\/\/www.damarl.com\/en\/wp-json\/wp\/v2\/product_cat?post=21"},{"taxonomy":"product_tag","embeddable":true,"href":"https:\/\/www.damarl.com\/en\/wp-json\/wp\/v2\/product_tag?post=21"}],"curies":[{"name":"wp","href":"https:\/\/api.w.org\/{rel}","templated":true}]}}