{"id":198,"date":"2023-03-31T10:50:45","date_gmt":"2023-03-31T10:50:45","guid":{"rendered":"https:\/\/webs.anubissolutions.es\/newdamarl\/producto\/mobiliario-de-taller-central-da1210kit\/"},"modified":"2025-05-19T10:24:40","modified_gmt":"2025-05-19T10:24:40","slug":"mobiliario-de-taller-central-da1210kit","status":"publish","type":"product","link":"https:\/\/www.damarl.com\/en\/product\/mobiliario-de-taller-central-da1210kit\/","title":{"rendered":"Workshop Furniture Kit | DA1210KIT"},"content":{"rendered":"<p><strong>Description:<\/strong><\/p>\n<p>Mobiliario para taller con carro de herramientas (sin herramienta), ideal para una organizaci\u00f3n \u00f3ptima del espacio de trabajo y disposici\u00f3n de las herramientas y utillajes de un taller.<\/p>\n<p>3 cabinets with flip up doors<br \/>\n3 perforated wall panels<br \/>\n1 wooden work surface<br \/>\n1 tool cart (tools not included)<\/p>\n<p>&nbsp;<\/p>","protected":false},"excerpt":{"rendered":"<p>Descripci\u00f3n: Mobiliario para taller con carro de herramientas (sin herramienta), ideal para una organizaci\u00f3n \u00f3ptima del espacio de trabajo y disposici\u00f3n de las herramientas y utillajes de un taller. 3 armarios abatibles 3 paneles perforados de pared 1 superficie de trabajo en Madera 1 carro de herramientas (sin herramienta) &nbsp;<\/p>","protected":false},"featured_media":6987,"template":"","meta":{"_acf_changed":false,"_kad_post_transparent":"default","_kad_post_title":"","_kad_post_layout":"default","_kad_post_sidebar_id":"","_kad_post_content_style":"default","_kad_post_vertical_padding":"default","_kad_post_feature":"","_kad_post_feature_position":"","_kad_post_header":false,"_kad_post_footer":false,"_kad_post_classname":""},"product_brand":[],"product_cat":[80,90,105],"product_tag":[],"class_list":{"0":"post-198","1":"product","2":"type-product","3":"status-publish","4":"has-post-thumbnail","6":"product_cat-herramientas","7":"product_cat-mobiliario-de-taller","8":"product_cat-modulos-de-taller","10":"first","11":"instock","12":"product-type-simple","13":"entry","14":"content-bg","15":"loop-entry"},"acf":[],"_links":{"self":[{"href":"https:\/\/www.damarl.com\/en\/wp-json\/wp\/v2\/product\/198","targetHints":{"allow":["GET"]}}],"collection":[{"href":"https:\/\/www.damarl.com\/en\/wp-json\/wp\/v2\/product"}],"about":[{"href":"https:\/\/www.damarl.com\/en\/wp-json\/wp\/v2\/types\/product"}],"wp:featuredmedia":[{"embeddable":true,"href":"https:\/\/www.damarl.com\/en\/wp-json\/wp\/v2\/media\/6987"}],"wp:attachment":[{"href":"https:\/\/www.damarl.com\/en\/wp-json\/wp\/v2\/media?parent=198"}],"wp:term":[{"taxonomy":"product_brand","embeddable":true,"href":"https:\/\/www.damarl.com\/en\/wp-json\/wp\/v2\/product_brand?post=198"},{"taxonomy":"product_cat","embeddable":true,"href":"https:\/\/www.damarl.com\/en\/wp-json\/wp\/v2\/product_cat?post=198"},{"taxonomy":"product_tag","embeddable":true,"href":"https:\/\/www.damarl.com\/en\/wp-json\/wp\/v2\/product_tag?post=198"}],"curies":[{"name":"wp","href":"https:\/\/api.w.org\/{rel}","templated":true}]}}