{"id":19,"date":"2023-03-31T10:50:13","date_gmt":"2023-03-31T10:50:13","guid":{"rendered":"https:\/\/webs.anubissolutions.es\/newdamarl\/producto\/equilibradora-de-ruedas-dmb916b\/"},"modified":"2023-03-31T10:50:13","modified_gmt":"2023-03-31T10:50:13","slug":"equilibradora-de-ruedas-dmb916b","status":"publish","type":"product","link":"https:\/\/www.damarl.com\/en\/product\/equilibradora-de-ruedas-dmb916b\/","title":{"rendered":"EQUILIBRADORA DE RUEDAS &#8211; DMB916B"},"content":{"rendered":"<p><strong>Technical data:<\/strong><\/p>\n\n\n\n<p>Maximum wheel weight: 65 kg<br \/>Potencia del motor: 180 W<br \/>Alimentaci\u00f3n: 220V 50 Hz<br \/>Precisi\u00f3n: \u00b11 g<br \/>Velocidad de rotaci\u00f3n: 200 rpm<br \/>Precisi\u00f3n de posici\u00f3n: 1,5\u00b0<br \/>Balancing time: 8 s<br \/>Di\u00e1metro de llanta: 10\u201d &#8211; 24\u201d (256 mm &#8211; 610 mm)<br \/>Nivel de ruido: menos de 70 db<br \/>Shaft diameter: 40 mm<\/p>\n\n\n\n<p><strong>Description:<\/strong><\/p>\n\n\n\n<p>M\u00faltiples modos de operaci\u00f3n para posicionar la pesa\u00b7 Funci\u00f3n de calibraci\u00f3n autom\u00e1tica\u00b7 Funci\u00f3n de diagn\u00f3stico autom\u00e1tico\u00b7 Adecuado para cualquier tipo de llanta de aluminio\u00b7 Funci\u00f3n plomo oculto y separaci\u00f3n de pesos\u00b7 Medida de distancia y di\u00e1metro autom\u00e1tica<\/p>\n\n\n\n<p><strong>Accessories included:<\/strong><\/p>\n\n\n\n<p>Calibre para medir el ancho<br \/>Tenazas y martillo para pesas<br \/>Enganche de cierre r\u00e1pido<br \/>Cuenco y junta de goma<br \/>Pesa de calibrado de 100 g<br \/>4 conos: 42-65 \/ 54-78 \/ 74-108 \/ 89-140<\/p>\n,https:\/\/webs.anubissolutions.es\/damarl\/wp-content\/uploads\/2021\/10\/equilibradora-de-taller-dmb916b-damarl-suministros-dama-20.pdf","protected":false},"excerpt":{"rendered":"<p>Caracter\u00edsticas T\u00e9cnicas: Peso m\u00e1ximo de la rueda: 65 kgPotencia del motor: 180 WAlimentaci\u00f3n: 220V 50 HzPrecisi\u00f3n: \u00b11 gVelocidad de rotaci\u00f3n: 200 rpmPrecisi\u00f3n de posici\u00f3n: 1,5\u00b0Tiempo de equilibrado: 8 sDi\u00e1metro de llanta: 10\u201d &#8211; 24\u201d (256 mm &#8211; 610 mm)Nivel de ruido: menos de 70 dbDi\u00e1metro de eje: 40 mm Descripci\u00f3n: M\u00faltiples modos de operaci\u00f3n para&#8230;<\/p>","protected":false},"featured_media":0,"template":"","meta":{"_acf_changed":false,"_kad_post_transparent":"","_kad_post_title":"","_kad_post_layout":"","_kad_post_sidebar_id":"","_kad_post_content_style":"","_kad_post_vertical_padding":"","_kad_post_feature":"","_kad_post_feature_position":"","_kad_post_header":false,"_kad_post_footer":false,"_kad_post_classname":""},"product_brand":[],"product_cat":[15],"product_tag":[],"class_list":{"0":"post-19","1":"product","2":"type-product","3":"status-publish","5":"product_cat-sin-categorizar","7":"first","8":"instock","9":"product-type-simple","10":"entry","11":"content-bg","12":"loop-entry"},"acf":[],"_links":{"self":[{"href":"https:\/\/www.damarl.com\/en\/wp-json\/wp\/v2\/product\/19","targetHints":{"allow":["GET"]}}],"collection":[{"href":"https:\/\/www.damarl.com\/en\/wp-json\/wp\/v2\/product"}],"about":[{"href":"https:\/\/www.damarl.com\/en\/wp-json\/wp\/v2\/types\/product"}],"wp:attachment":[{"href":"https:\/\/www.damarl.com\/en\/wp-json\/wp\/v2\/media?parent=19"}],"wp:term":[{"taxonomy":"product_brand","embeddable":true,"href":"https:\/\/www.damarl.com\/en\/wp-json\/wp\/v2\/product_brand?post=19"},{"taxonomy":"product_cat","embeddable":true,"href":"https:\/\/www.damarl.com\/en\/wp-json\/wp\/v2\/product_cat?post=19"},{"taxonomy":"product_tag","embeddable":true,"href":"https:\/\/www.damarl.com\/en\/wp-json\/wp\/v2\/product_tag?post=19"}],"curies":[{"name":"wp","href":"https:\/\/api.w.org\/{rel}","templated":true}]}}