{"id":174,"date":"2023-03-31T10:50:39","date_gmt":"2023-03-31T10:50:39","guid":{"rendered":"https:\/\/webs.anubissolutions.es\/newdamarl\/producto\/baliza-luz-led-de-emergencia-para-vehiculos-da4112\/"},"modified":"2024-11-28T16:40:07","modified_gmt":"2024-11-28T16:40:07","slug":"baliza-luz-led-de-emergencia-para-vehiculos-da4112","status":"publish","type":"product","link":"https:\/\/www.damarl.com\/en\/product\/baliza-luz-led-de-emergencia-para-vehiculos-da4112\/","title":{"rendered":"LED Emergency Vehicle Light with Magnetic Base | DA4112"},"content":{"rendered":"<p>Lamp for emergency, accident or breakdown warning on the road.<\/p>\n<p><b>Characteristics<\/b><strong>:<\/strong><\/p>\n<p>\u2022 Compact design<br \/>\n\u2022 Visibility range at 1km<br \/>\n\u2022 Waterproof. IP65 approval<br \/>\n\u2022 Works with 1x 9v battery.<\/p>","protected":false},"excerpt":{"rendered":"<p>L\u00e1mpara para aviso de emergencia, accidente o aver\u00eda en carretera. Caracter\u00edsticas: \u2022 Dise\u00f1o compacto \u2022 Visibilidad, alcance a 1\u202fkm \u2022 Resistente al agua. Homologaci\u00f3n IP65 \u2022 Funciona con 1 pila de 9v<\/p>","protected":false},"featured_media":4880,"template":"","meta":{"_acf_changed":false,"_kad_post_transparent":"default","_kad_post_title":"","_kad_post_layout":"default","_kad_post_sidebar_id":"","_kad_post_content_style":"default","_kad_post_vertical_padding":"default","_kad_post_feature":"","_kad_post_feature_position":"","_kad_post_header":false,"_kad_post_footer":false,"_kad_post_classname":""},"product_brand":[],"product_cat":[80,87,175],"product_tag":[],"class_list":{"0":"post-174","1":"product","2":"type-product","3":"status-publish","4":"has-post-thumbnail","6":"product_cat-herramientas","7":"product_cat-iluminacion","8":"product_cat-portatiles-de-taller","10":"first","11":"instock","12":"product-type-simple","13":"entry","14":"content-bg","15":"loop-entry"},"acf":[],"_links":{"self":[{"href":"https:\/\/www.damarl.com\/en\/wp-json\/wp\/v2\/product\/174","targetHints":{"allow":["GET"]}}],"collection":[{"href":"https:\/\/www.damarl.com\/en\/wp-json\/wp\/v2\/product"}],"about":[{"href":"https:\/\/www.damarl.com\/en\/wp-json\/wp\/v2\/types\/product"}],"wp:featuredmedia":[{"embeddable":true,"href":"https:\/\/www.damarl.com\/en\/wp-json\/wp\/v2\/media\/4880"}],"wp:attachment":[{"href":"https:\/\/www.damarl.com\/en\/wp-json\/wp\/v2\/media?parent=174"}],"wp:term":[{"taxonomy":"product_brand","embeddable":true,"href":"https:\/\/www.damarl.com\/en\/wp-json\/wp\/v2\/product_brand?post=174"},{"taxonomy":"product_cat","embeddable":true,"href":"https:\/\/www.damarl.com\/en\/wp-json\/wp\/v2\/product_cat?post=174"},{"taxonomy":"product_tag","embeddable":true,"href":"https:\/\/www.damarl.com\/en\/wp-json\/wp\/v2\/product_tag?post=174"}],"curies":[{"name":"wp","href":"https:\/\/api.w.org\/{rel}","templated":true}]}}