{"id":173,"date":"2023-03-31T10:50:39","date_gmt":"2023-03-31T10:50:39","guid":{"rendered":"https:\/\/webs.anubissolutions.es\/newdamarl\/producto\/lampara-plegable-con-base-de-carga-rapida-600-lumenes-da4004s\/"},"modified":"2024-12-03T08:04:59","modified_gmt":"2024-12-03T08:04:59","slug":"lampara-plegable-con-base-de-carga-rapida-600-lumenes-da4004s","status":"publish","type":"product","link":"https:\/\/www.damarl.com\/en\/product\/lampara-plegable-con-base-de-carga-rapida-600-lumenes-da4004s\/","title":{"rendered":"Fast Charging Folding Work Light 600 | DA4004S"},"content":{"rendered":"<p>Articulated, narrow and lightweight LED handheld flashlight with illumination on both sides. USB-C charging connection and fast charging base.<\/p>\n<p><b>Characteristics<\/b><strong>:<\/strong><\/p>\n<p>\u2022 LED front lighting: COB 600 lumens<br \/>\n\u2022 LED flashlight lighting: 200 lumens<br \/>\n\u2022 3 lighting modes: Flashlight, Front and Red<br \/>\n\u2022 Battery: 3.7 V 18650 Li-ion \u2013 2000 mAh<br \/>\n\u2022 Light source: 10W COB (front) \/ 5W LED (flashlight)<br \/>\n\u2022 Running time (front): 3 hours<br \/>\n\u2022 Running time (flashlight): 3 hours<br \/>\n\u2022 Rechargeable via fast charging base and USB cable (included)<br \/>\n\u2022 Requires: DC5V \u2013 1A max (USB connector)<br \/>\n\u2022 Power Bank Function<br \/>\n\u2022 Magnetic base<br \/>\n\u2022 Charging time: 3 hours<br \/>\n\u2022 Charge level indicator<br \/>\n\u2022 Net weight: 241g<\/p>","protected":false},"excerpt":{"rendered":"<p>Linterna de mano LED articulada, estrecha y ligera con iluminaci\u00f3n en ambos lados. Conexi\u00f3n de carga USB-C y base de carga r\u00e1pida. Caracter\u00edsticas: \u2022 Iluminaci\u00f3n frontal LED: COB 600 l\u00famenes \u2022 Iluminaci\u00f3n linterna LED: 200 l\u00famenes \u2022 3 modos de iluminaci\u00f3n: Linterna, Frontal y Roja \u2022 Bater\u00eda: 3,7 V 18650 Li-ion &#8211; 2000 mAh \u2022&#8230;<\/p>","protected":false},"featured_media":4888,"template":"","meta":{"_acf_changed":false,"_kad_post_transparent":"default","_kad_post_title":"","_kad_post_layout":"default","_kad_post_sidebar_id":"","_kad_post_content_style":"default","_kad_post_vertical_padding":"default","_kad_post_feature":"","_kad_post_feature_position":"","_kad_post_header":false,"_kad_post_footer":false,"_kad_post_classname":""},"product_brand":[],"product_cat":[80,87,175],"product_tag":[],"class_list":{"0":"post-173","1":"product","2":"type-product","3":"status-publish","4":"has-post-thumbnail","6":"product_cat-herramientas","7":"product_cat-iluminacion","8":"product_cat-portatiles-de-taller","10":"first","11":"instock","12":"product-type-simple","13":"entry","14":"content-bg","15":"loop-entry"},"acf":[],"_links":{"self":[{"href":"https:\/\/www.damarl.com\/en\/wp-json\/wp\/v2\/product\/173","targetHints":{"allow":["GET"]}}],"collection":[{"href":"https:\/\/www.damarl.com\/en\/wp-json\/wp\/v2\/product"}],"about":[{"href":"https:\/\/www.damarl.com\/en\/wp-json\/wp\/v2\/types\/product"}],"wp:featuredmedia":[{"embeddable":true,"href":"https:\/\/www.damarl.com\/en\/wp-json\/wp\/v2\/media\/4888"}],"wp:attachment":[{"href":"https:\/\/www.damarl.com\/en\/wp-json\/wp\/v2\/media?parent=173"}],"wp:term":[{"taxonomy":"product_brand","embeddable":true,"href":"https:\/\/www.damarl.com\/en\/wp-json\/wp\/v2\/product_brand?post=173"},{"taxonomy":"product_cat","embeddable":true,"href":"https:\/\/www.damarl.com\/en\/wp-json\/wp\/v2\/product_cat?post=173"},{"taxonomy":"product_tag","embeddable":true,"href":"https:\/\/www.damarl.com\/en\/wp-json\/wp\/v2\/product_tag?post=173"}],"curies":[{"name":"wp","href":"https:\/\/api.w.org\/{rel}","templated":true}]}}