{"id":168,"date":"2023-03-31T10:50:39","date_gmt":"2023-03-31T10:50:39","guid":{"rendered":"https:\/\/webs.anubissolutions.es\/newdamarl\/producto\/elevador-tijera-doble-elevacion-para-taller-dm4-5ms\/"},"modified":"2025-03-07T10:20:24","modified_gmt":"2025-03-07T10:20:24","slug":"elevador-tijera-doble-elevacion-para-taller-dm4-5ms","status":"publish","type":"product","link":"https:\/\/www.damarl.com\/en\/product\/elevador-tijera-doble-elevacion-para-taller-dm4-5ms\/","title":{"rendered":"Double Scissor Lift for Alignment 4.5T | DM4.5MS"},"content":{"rendered":"<p><strong>Description: <\/strong><\/p>\n<ul>\n<li>Surface mounted<\/li>\n<li>Low rise<\/li>\n<li>Double lift<\/li>\n<li>Slot for alignment turnplates<\/li>\n<li>Sliding rear platforms<\/li>\n<li>Mechanical locking system with pneumatic releasing system<\/li>\n<li>Maximum height top limit switch<\/li>\n<li>Boot system to lift heavier weights\nfrom the lowest position<\/li>\n<li>Extension pads for different types of vehicle<\/li>\n<\/ul>\n<p><strong>Technical data: <\/strong><\/p>\n<ul>\n<li>Main lift capacity: 4500 kg<\/li>\n<li>Secondary lift capacity: 3500 kg<\/li>\n<li>Main scissor lift: 240 \u2013 1830 mm<\/li>\n<li>Secondary scissor lift: 400 mm<\/li>\n<li>Main platform length: 4800 mm<\/li>\n<li>Lifting time: \u226490s<\/li>\n<li>Power: 400V\/3ph\/50Hz\/3.0KW<\/li>\n<li>Weight: 2200kg<\/li>\n<\/ul>","protected":false},"excerpt":{"rendered":"<p>Descripci\u00f3n: Elevador de tijera para instalaci\u00f3n en superficie Perfil bajo Doble elevaci\u00f3n Huecos para platos de alineaci\u00f3n Plataformas traseras deslizantes Sistema de bloqueo mec\u00e1nico con accionamiento neum\u00e1tico Micro interruptor final de carrera Mecanismo de arranque para levantar mayor carga desde la posici\u00f3n m\u00e1s baja Calzos para distintos tipos de veh\u00edculos Datos T\u00e9cnicos: Capacidad elevador principal:&#8230;<\/p>","protected":false},"featured_media":1509,"template":"","meta":{"_acf_changed":false,"_kad_post_transparent":"default","_kad_post_title":"","_kad_post_layout":"default","_kad_post_sidebar_id":"","_kad_post_content_style":"default","_kad_post_vertical_padding":"default","_kad_post_feature":"","_kad_post_feature_position":"","_kad_post_header":false,"_kad_post_footer":false,"_kad_post_classname":""},"product_brand":[],"product_cat":[109,123,81],"product_tag":[],"class_list":{"0":"post-168","1":"product","2":"type-product","3":"status-publish","4":"has-post-thumbnail","6":"product_cat-elevadores","7":"product_cat-elevadores-de-tijera","8":"product_cat-maquinaria","10":"first","11":"instock","12":"product-type-simple","13":"entry","14":"content-bg","15":"loop-entry"},"acf":[],"_links":{"self":[{"href":"https:\/\/www.damarl.com\/en\/wp-json\/wp\/v2\/product\/168","targetHints":{"allow":["GET"]}}],"collection":[{"href":"https:\/\/www.damarl.com\/en\/wp-json\/wp\/v2\/product"}],"about":[{"href":"https:\/\/www.damarl.com\/en\/wp-json\/wp\/v2\/types\/product"}],"wp:featuredmedia":[{"embeddable":true,"href":"https:\/\/www.damarl.com\/en\/wp-json\/wp\/v2\/media\/1509"}],"wp:attachment":[{"href":"https:\/\/www.damarl.com\/en\/wp-json\/wp\/v2\/media?parent=168"}],"wp:term":[{"taxonomy":"product_brand","embeddable":true,"href":"https:\/\/www.damarl.com\/en\/wp-json\/wp\/v2\/product_brand?post=168"},{"taxonomy":"product_cat","embeddable":true,"href":"https:\/\/www.damarl.com\/en\/wp-json\/wp\/v2\/product_cat?post=168"},{"taxonomy":"product_tag","embeddable":true,"href":"https:\/\/www.damarl.com\/en\/wp-json\/wp\/v2\/product_tag?post=168"}],"curies":[{"name":"wp","href":"https:\/\/api.w.org\/{rel}","templated":true}]}}