{"id":16,"date":"2023-03-31T10:50:13","date_gmt":"2023-03-31T10:50:13","guid":{"rendered":"https:\/\/webs.anubissolutions.es\/newdamarl\/producto\/elevador-de-coches-2-columnas-para-taller-dm3-5t\/"},"modified":"2023-03-31T10:50:13","modified_gmt":"2023-03-31T10:50:13","slug":"elevador-de-coches-2-columnas-para-taller-dm3-5t","status":"publish","type":"product","link":"https:\/\/www.damarl.com\/en\/product\/elevador-de-coches-2-columnas-para-taller-dm3-5t\/","title":{"rendered":"ELEVADOR DE COCHES 2 COLUMNAS PARA TALLER &#8211; DM3.5T"},"content":{"rendered":"<h2>Elevador de taller mec\u00e1nico dos columnas 3.5 toneladas<\/h2>\n<p>Elevador de coches, 2 columnas de funcionamiento electro-hidr\u00e1ulico para trabajar con veh\u00edculos de tama\u00f1o mediano y peque\u00f1o con un peso m\u00e1ximo de 3.500 kg en garajes y talleres.<\/p>\n<p><strong>Technical data: <\/strong><\/p>\n\n\n\n<p>Capacidad: 3500 kg<br \/>Lifting time: 60s<br \/>Lowering time: 18-40s<br \/>Alimentaci\u00f3n: 400V\/3ph\/50Hz\/7.5A\/2.2KW &#8211; 230V\/1ph\/50Hz\/12A\/2.2KW<\/p>\n\n\n\n<p><strong>Description:<\/strong><\/p>\n\n\n\n<p>Instalaci\u00f3n directa en suelo.<br \/>2 Cilindros hidr\u00e1ulicos + cadena.<br \/>Sincronizaci\u00f3n mediante cable de acero.<br \/>V\u00e1lvula de bajada manual.<br \/>Sistema de bloqueo de seguridad electromagn\u00e9tico.<br \/>Micro electr\u00f3nico de altura.<br \/>80 mm extension pads<br \/>Realzas de 150 mm opcionales para veh\u00edculos altos.<\/p>\n\n\n\n<p><strong>Accessories included:<\/strong><\/p>\n\n\n\n<p>4 x Tacos de apoyo de \u00d8118 mm <br \/>4 x Extension pads de 80 mm<\/p>\n<p>&nbsp;<\/p>\n<p><img fetchpriority=\"high\" decoding=\"async\" class=\"alignnone wp-image-6725 size-full\" src=\"https:\/\/webs.anubissolutions.es\/damarl\/wp-content\/uploads\/2021\/06\/Elevador-de-taller-damarl-DM3.5T-DIBUJO-TECNICO.jpg\" alt=\"Elevador-de-taller-damarl-DM3.5T-DIBUJO-TECNICO\" width=\"432\" height=\"432\" title=\"\"><\/p>\n,https:\/\/webs.anubissolutions.es\/damarl\/wp-content\/uploads\/2021\/06\/ELEVADOR-DE-TALLER-2-COLUMNAS-SEMI-BASE-PARA-TALLER-DM3.5T-SUMINISTROS-DAMA-DAMARL-PG31.pdf","protected":false},"excerpt":{"rendered":"<p>Elevador de taller mec\u00e1nico dos columnas 3.5 toneladas Elevador de coches, 2 columnas de funcionamiento electro-hidr\u00e1ulico para trabajar con veh\u00edculos de tama\u00f1o mediano y peque\u00f1o con un peso m\u00e1ximo de 3.500 kg en garajes y talleres. Datos T\u00e9cnicos: Capacidad: 3500 kgTiempo de subida: 60 sTiempo de bajada: 18-40sAlimentaci\u00f3n: 400V\/3ph\/50Hz\/7.5A\/2.2KW &#8211; 230V\/1ph\/50Hz\/12A\/2.2KW Descripci\u00f3n: Instalaci\u00f3n directa en&#8230;<\/p>","protected":false},"featured_media":0,"template":"","meta":{"_acf_changed":false,"_kad_post_transparent":"","_kad_post_title":"","_kad_post_layout":"","_kad_post_sidebar_id":"","_kad_post_content_style":"","_kad_post_vertical_padding":"","_kad_post_feature":"","_kad_post_feature_position":"","_kad_post_header":false,"_kad_post_footer":false,"_kad_post_classname":""},"product_brand":[],"product_cat":[15],"product_tag":[],"class_list":{"0":"post-16","1":"product","2":"type-product","3":"status-publish","5":"product_cat-sin-categorizar","7":"first","8":"instock","9":"product-type-simple","10":"entry","11":"content-bg","12":"loop-entry"},"acf":[],"_links":{"self":[{"href":"https:\/\/www.damarl.com\/en\/wp-json\/wp\/v2\/product\/16","targetHints":{"allow":["GET"]}}],"collection":[{"href":"https:\/\/www.damarl.com\/en\/wp-json\/wp\/v2\/product"}],"about":[{"href":"https:\/\/www.damarl.com\/en\/wp-json\/wp\/v2\/types\/product"}],"wp:attachment":[{"href":"https:\/\/www.damarl.com\/en\/wp-json\/wp\/v2\/media?parent=16"}],"wp:term":[{"taxonomy":"product_brand","embeddable":true,"href":"https:\/\/www.damarl.com\/en\/wp-json\/wp\/v2\/product_brand?post=16"},{"taxonomy":"product_cat","embeddable":true,"href":"https:\/\/www.damarl.com\/en\/wp-json\/wp\/v2\/product_cat?post=16"},{"taxonomy":"product_tag","embeddable":true,"href":"https:\/\/www.damarl.com\/en\/wp-json\/wp\/v2\/product_tag?post=16"}],"curies":[{"name":"wp","href":"https:\/\/api.w.org\/{rel}","templated":true}]}}