{"id":149,"date":"2023-03-31T10:50:35","date_gmt":"2023-03-31T10:50:35","guid":{"rendered":"https:\/\/webs.anubissolutions.es\/newdamarl\/producto\/lampara-portatil-slim-600-lumenes-da4004\/"},"modified":"2024-12-03T08:03:16","modified_gmt":"2024-12-03T08:03:16","slug":"lampara-portatil-slim-600-lumenes-da4004","status":"publish","type":"product","link":"https:\/\/www.damarl.com\/en\/product\/lampara-portatil-slim-600-lumenes-da4004\/","title":{"rendered":"600\/250 Lumens Portable Lamp  | DA4004"},"content":{"rendered":"<p>Articulated, narrow and lightweight LED hand lamp with lighting on both sides. USB-C charging connection and wireless charging function.<\/p>\n<p><b>Characteristics<\/b><strong>:<\/strong><\/p>\n<p>\u2022 Main \/ secondary front: COB LED, 250\/600 lumens<br \/>\n\u2022 Flashlight lighting: 120 lumens<br \/>\n\u2022 2 lighting modes: Flashlight and Headlamp<br \/>\n\u2022 Battery: Li-ion 3.7 V \u2013 2600 mAh<br \/>\n\u2022 Light source: 6W COB (front) \/ 3W SMD (flashlight)<br \/>\n\u2022 Duration (front): 5 hours 30min \/ 2 hours 30min<br \/>\n\u2022 Duration (flashlight): 10 hours<br \/>\n\u2022 Charging time: 4 hours<br \/>\n\u2022 Rechargeable cable: USB (included)<br \/>\n\u2022 Charge level indicator<\/p>","protected":false},"excerpt":{"rendered":"<p>L\u00e1mpara de mano LED articulada, estrecha y ligera con iluminaci\u00f3n en ambos lados. Conexi\u00f3n de carga USB-C y funci\u00f3n de carga inal\u00e1mbrica. Caracter\u00edsticas: \u2022 Frontal principal \/ secundaria: LED COB, 250\/600 l\u00famenes \u2022 Iluminaci\u00f3n linterna: 120 l\u00famenes \u2022 2 modos de iluminaci\u00f3n: Linterna y Frontal \u2022 Bater\u00eda: Li-i\u00f3n 3,7 V &#8211; 2600 mAh \u2022 Fuente&#8230;<\/p>","protected":false},"featured_media":4905,"template":"","meta":{"_acf_changed":false,"_kad_post_transparent":"default","_kad_post_title":"","_kad_post_layout":"default","_kad_post_sidebar_id":"","_kad_post_content_style":"default","_kad_post_vertical_padding":"default","_kad_post_feature":"","_kad_post_feature_position":"","_kad_post_header":false,"_kad_post_footer":false,"_kad_post_classname":""},"product_brand":[],"product_cat":[80,87,175],"product_tag":[],"class_list":{"0":"post-149","1":"product","2":"type-product","3":"status-publish","4":"has-post-thumbnail","6":"product_cat-herramientas","7":"product_cat-iluminacion","8":"product_cat-portatiles-de-taller","10":"first","11":"instock","12":"product-type-simple","13":"entry","14":"content-bg","15":"loop-entry"},"acf":[],"_links":{"self":[{"href":"https:\/\/www.damarl.com\/en\/wp-json\/wp\/v2\/product\/149","targetHints":{"allow":["GET"]}}],"collection":[{"href":"https:\/\/www.damarl.com\/en\/wp-json\/wp\/v2\/product"}],"about":[{"href":"https:\/\/www.damarl.com\/en\/wp-json\/wp\/v2\/types\/product"}],"wp:featuredmedia":[{"embeddable":true,"href":"https:\/\/www.damarl.com\/en\/wp-json\/wp\/v2\/media\/4905"}],"wp:attachment":[{"href":"https:\/\/www.damarl.com\/en\/wp-json\/wp\/v2\/media?parent=149"}],"wp:term":[{"taxonomy":"product_brand","embeddable":true,"href":"https:\/\/www.damarl.com\/en\/wp-json\/wp\/v2\/product_brand?post=149"},{"taxonomy":"product_cat","embeddable":true,"href":"https:\/\/www.damarl.com\/en\/wp-json\/wp\/v2\/product_cat?post=149"},{"taxonomy":"product_tag","embeddable":true,"href":"https:\/\/www.damarl.com\/en\/wp-json\/wp\/v2\/product_tag?post=149"}],"curies":[{"name":"wp","href":"https:\/\/api.w.org\/{rel}","templated":true}]}}