{"id":148,"date":"2023-03-31T10:50:35","date_gmt":"2023-03-31T10:50:35","guid":{"rendered":"https:\/\/webs.anubissolutions.es\/newdamarl\/producto\/lampara-portatil-160-50-lumenes-da4002\/"},"modified":"2024-12-03T07:57:39","modified_gmt":"2024-12-03T07:57:39","slug":"lampara-portatil-160-50-lumenes-da4002","status":"publish","type":"product","link":"https:\/\/www.damarl.com\/en\/product\/lampara-portatil-160-50-lumenes-da4002\/","title":{"rendered":"High Quality LED 3W Hand Lamp  | DA4002"},"content":{"rendered":"<p>Chargeable hand lamp for workshops with two light options, 160 Lumens and 50 Lumens.  Ergonomic design with magnetic fixation for ease ofwork.<\/p>\n<p><b>Characteristics<\/b><strong>:<\/strong><\/p>\n<p>\u2022 Main: 3W COB LED<br \/>\n\u2022 Secondary: 3W SMD LED<br \/>\n\u2022 Maximum intensity: 160 lumens<br \/>\n\u2022 2 lighting modes: maximum \/ front<br \/>\n\u2022 Autonomy: 2.5 hours \/ 3 hours<br \/>\n\u2022 Battery: Li-Ion 3.7V \u2013 1200 mAh<br \/>\n\u2022 Rechargeable: USB cable included<br \/>\n\u2022 Charging time: 2.5 hours<\/p>","protected":false},"excerpt":{"rendered":"<p>L\u00e1mpara de taller recargable con 2 modos de iluminaci\u00f3n, 160 l\u00famenes y 50 l\u00famenes. Linterna para taller ergon\u00f3mica con im\u00e1n para una sujeci\u00f3n durante el trabajo. Caracter\u00edsticas: \u2022 Principal: LED COB 3W \u2022 Secundaria: LED SMD 3W \u2022 Intensidad m\u00e1xima: 160 l\u00famenes \u2022 2 modos de iluminaci\u00f3n: m\u00e1ximo \/ frontal \u2022 Autonom\u00eda: 2.5h \/ 3h&#8230;<\/p>","protected":false},"featured_media":4900,"template":"","meta":{"_acf_changed":false,"_kad_post_transparent":"default","_kad_post_title":"","_kad_post_layout":"default","_kad_post_sidebar_id":"","_kad_post_content_style":"default","_kad_post_vertical_padding":"default","_kad_post_feature":"","_kad_post_feature_position":"","_kad_post_header":false,"_kad_post_footer":false,"_kad_post_classname":""},"product_brand":[],"product_cat":[80,87,175],"product_tag":[],"class_list":{"0":"post-148","1":"product","2":"type-product","3":"status-publish","4":"has-post-thumbnail","6":"product_cat-herramientas","7":"product_cat-iluminacion","8":"product_cat-portatiles-de-taller","10":"first","11":"instock","12":"product-type-simple","13":"entry","14":"content-bg","15":"loop-entry"},"acf":[],"_links":{"self":[{"href":"https:\/\/www.damarl.com\/en\/wp-json\/wp\/v2\/product\/148","targetHints":{"allow":["GET"]}}],"collection":[{"href":"https:\/\/www.damarl.com\/en\/wp-json\/wp\/v2\/product"}],"about":[{"href":"https:\/\/www.damarl.com\/en\/wp-json\/wp\/v2\/types\/product"}],"wp:featuredmedia":[{"embeddable":true,"href":"https:\/\/www.damarl.com\/en\/wp-json\/wp\/v2\/media\/4900"}],"wp:attachment":[{"href":"https:\/\/www.damarl.com\/en\/wp-json\/wp\/v2\/media?parent=148"}],"wp:term":[{"taxonomy":"product_brand","embeddable":true,"href":"https:\/\/www.damarl.com\/en\/wp-json\/wp\/v2\/product_brand?post=148"},{"taxonomy":"product_cat","embeddable":true,"href":"https:\/\/www.damarl.com\/en\/wp-json\/wp\/v2\/product_cat?post=148"},{"taxonomy":"product_tag","embeddable":true,"href":"https:\/\/www.damarl.com\/en\/wp-json\/wp\/v2\/product_tag?post=148"}],"curies":[{"name":"wp","href":"https:\/\/api.w.org\/{rel}","templated":true}]}}