{"id":147,"date":"2023-03-31T10:50:35","date_gmt":"2023-03-31T10:50:35","guid":{"rendered":"https:\/\/webs.anubissolutions.es\/newdamarl\/producto\/lampara-portatil-350-180-lumenes-da4001\/"},"modified":"2024-12-02T17:09:48","modified_gmt":"2024-12-02T17:09:48","slug":"lampara-portatil-350-180-lumenes-da4001","status":"publish","type":"product","link":"https:\/\/www.damarl.com\/en\/product\/lampara-portatil-350-180-lumenes-da4001\/","title":{"rendered":"High Quality LED 5W Hand Lamp  | DA4001"},"content":{"rendered":"<p>Chargeable workshop lamp with two lights, 350 Lumens and 180 Lumens.<br \/>\nErgonomic design with magnetic fixation for ease of work.<\/p>\n<p><b>Characteristics<\/b><strong>:<\/strong><\/p>\n<p>\u2022 Main: 5W COB LED<br \/>\n\u2022 Secondary: 3W SMD LED<br \/>\n\u2022 Maximum intensity: 350 lumens<br \/>\n\u2022 2 lighting modes: maximum \/ front<br \/>\n\u2022 Autonomy: 2.5 hours \/ 5 hours<br \/>\n\u2022 Battery: Li-Ion 3.7V \u2013 2000 mAh<br \/>\n\u2022 Rechargeable: USB cable included<br \/>\n\u2022 Charging time: 3 hours<br \/>\n\u2022 With intensity regulator<br \/>\n\u2022 Power bank<\/p>","protected":false},"excerpt":{"rendered":"<p>L\u00e1mpara de taller recargable con 2 modos de iluminaci\u00f3n, 350 l\u00famenes y 180 l\u00famenes. Linterna para taller ergon\u00f3mica con im\u00e1n para una sujeci\u00f3n durante el trabajo. Caracter\u00edsticas: \u2022 Principal: LED COB 5W \u2022 Secundaria: LED SMD 3W \u2022 Intensidad m\u00e1xima: 350 l\u00famenes \u2022 2 modos de iluminaci\u00f3n: m\u00e1ximo \/ frontal \u2022 Autonom\u00eda: 2.5h \/ 5h&#8230;<\/p>","protected":false},"featured_media":4894,"template":"","meta":{"_acf_changed":false,"_kad_post_transparent":"default","_kad_post_title":"","_kad_post_layout":"default","_kad_post_sidebar_id":"","_kad_post_content_style":"default","_kad_post_vertical_padding":"default","_kad_post_feature":"","_kad_post_feature_position":"","_kad_post_header":false,"_kad_post_footer":false,"_kad_post_classname":""},"product_brand":[],"product_cat":[80,87,175],"product_tag":[],"class_list":{"0":"post-147","1":"product","2":"type-product","3":"status-publish","4":"has-post-thumbnail","6":"product_cat-herramientas","7":"product_cat-iluminacion","8":"product_cat-portatiles-de-taller","10":"first","11":"instock","12":"product-type-simple","13":"entry","14":"content-bg","15":"loop-entry"},"acf":[],"_links":{"self":[{"href":"https:\/\/www.damarl.com\/en\/wp-json\/wp\/v2\/product\/147","targetHints":{"allow":["GET"]}}],"collection":[{"href":"https:\/\/www.damarl.com\/en\/wp-json\/wp\/v2\/product"}],"about":[{"href":"https:\/\/www.damarl.com\/en\/wp-json\/wp\/v2\/types\/product"}],"wp:featuredmedia":[{"embeddable":true,"href":"https:\/\/www.damarl.com\/en\/wp-json\/wp\/v2\/media\/4894"}],"wp:attachment":[{"href":"https:\/\/www.damarl.com\/en\/wp-json\/wp\/v2\/media?parent=147"}],"wp:term":[{"taxonomy":"product_brand","embeddable":true,"href":"https:\/\/www.damarl.com\/en\/wp-json\/wp\/v2\/product_brand?post=147"},{"taxonomy":"product_cat","embeddable":true,"href":"https:\/\/www.damarl.com\/en\/wp-json\/wp\/v2\/product_cat?post=147"},{"taxonomy":"product_tag","embeddable":true,"href":"https:\/\/www.damarl.com\/en\/wp-json\/wp\/v2\/product_tag?post=147"}],"curies":[{"name":"wp","href":"https:\/\/api.w.org\/{rel}","templated":true}]}}