{"id":145,"date":"2023-03-31T10:50:35","date_gmt":"2023-03-31T10:50:35","guid":{"rendered":"https:\/\/webs.anubissolutions.es\/newdamarl\/producto\/maletin-de-herramientas-215-piezas-da1216\/"},"modified":"2024-12-03T08:29:02","modified_gmt":"2024-12-03T08:29:02","slug":"maletin-de-herramientas-215-piezas-da1216","status":"publish","type":"product","link":"https:\/\/www.damarl.com\/en\/product\/maletin-de-herramientas-215-piezas-da1216\/","title":{"rendered":"215 Piece Tool Set  | DA1216"},"content":{"rendered":"<p>Tool case with 215 pieces<br \/>\nComplete tool box made of chrome vanadium  for long-lasting strength.<\/p>\n<p><strong>Specifications:<\/strong><\/p>\n<p>Complete case with 215 tool pieces<\/p>\n<p>\u2022 1\/2\u201d tools<br \/>\n\u2022  1\/4\u201d tools<br \/>\n\u2022  3\/8\u201d tools<\/p>\n<h4><strong>1\/2\u201d tools<\/strong><\/h4>\n<ul>\n<li>1 72 toothed ratchet with socket release and 2 extension bars 125mm and 250mm<\/li>\n<li>1 universal joint, 1 adapter 3\/8\u201d female 1\/2\u201d male<br \/>\n2 spark plug sockets 16mm and 21mm<\/li>\n<li>1 head adapter, 2  heads for the<br \/>\nscrewdriver handle: torx  t70 and allen 14mm<\/li>\n<\/ul>\n<h4><strong>Sockets and Bits<\/strong><\/h4>\n<ul>\n<li>14 hexagonal metric sockets: 13, 14, 15, 16, 17, 18, 19, 20, 21, 22, 24, 27, 30, and 32mm<\/li>\n<li>5 long hexagonal metric sockets:16, 17, 18, 19 and 22mm; 3 torx sockets: e20, e22, y e24<\/li>\n<li>7 allen keys: 1.27, 1.5, 2, 2.5, 3, 4 and 5mm<\/li>\n<li>12 combined keys:  8, 9, 10, 11, 12, 13, 14, 15, 16, 17, 18 and 19mm<\/li>\n<\/ul>\n<h4><strong>1\/4\u2033 Tools<\/strong><\/h4>\n<ul>\n<li>1 x 72 toothed ratchet with socket release<br \/>\n1 universal joint,  1 screwdriver handle<\/li>\n<li>2 extension bars 50mm and 100mm<br \/>\n1 sliding sleeve, 1 head adapter<\/li>\n<\/ul>\n<h4><strong>Sockets and Bits<\/strong><\/h4>\n<ul>\n<li>13 hexagonal metric sockets:  4, 4.5, 5, 5.5, 6, 7, 8,<br \/>\n9, 10, 11, 12, 13 y 14mm<\/li>\n<li>7 long hexagonal metric sockets:  4, 5, 6, 7, 8, 9 &amp; 10mm<br \/>\n5 torx sockets: e4, e5, e6, e7 and e8<\/li>\n<li>30 screwdriver handle heads; Phillips #0, #1, #2<br \/>\nPozidrive  #0, #1 y #2<\/li>\n<li>Allen: 3, 4, 5 and  6mm, Flathead 4, 5.5, 6.5 y 7mm<br \/>\nTorx t8, t9, t10, t15, t20, t25, t27 and t30<\/li>\n<li>Torx security:  t8, t9, t10, t15, t20, t25, t27 and t30; 44<br \/>\n1\/4\u2033 heads; Allen:  h2, h2.5, h3, h4, h5 and h6<\/li>\n<li>Torx: t5. t6 and t7; torx security: t7; ribe tip: m5<br \/>\nm6,m7,m8 and m9<\/li>\n<li>12 point sockets:   m5, m6 and m8; 5 point security torx: 10 \u2013 15 \u2013 20 \u2013 25 \u2013 27 \u2013 30 \u2013 40 \u2013 45<\/li>\n<li>Square tip security tip:  0-1-2-3;   tensor tip:6-8-10; 4 point tip: 4-6-8-10;  butterfly: 1-2-3<\/li>\n<li>Tri-wing:  1-2-3-4;  1 magnetic screwdriver<\/li>\n<\/ul>\n<h4><strong>3\/8\u2033 Tools<\/strong><\/h4>\n<ul>\n<li>72-teeth ratchet with socket release; 1 universal joint; 1 x 123mm extension bar<\/li>\n<li>1 x bit adapter; 1 x  18mm sparkplug socket; 30  bits  (5\/16mmx30mml)<\/li>\n<li>12 point sockets: m10 and m12; 5 point security torx ;  1 bit adapter; 1 plastic case<\/li>\n<\/ul>\n<h4><strong>Sockets and Bits<\/strong><\/h4>\n<ul>\n<li>10 metric hexagonal sockets:  10, 11, 12, 13, 14, 15, 16,17, 18 and 19mm<\/li>\n<li>6 long hexagonal metric sockets: :10, 11, 12, 13,14 and 15mm; 6 torx sockets: e10, e11, e12, e14, e16 and e18<\/li>\n<li>Allen:h7,h8, h10 and h12 \/\/ slotted: 8, 10 and 12mm; Phillips: #2, #3 y #4 \/\/ double Phillips: #2, #3 and #4<\/li>\n<li>Torx: t40, t45, t50, t55 and t60; security  torx : t40, t45, t50, t55 and t60;  ribe tip: m10,m11, m12 and m13<\/li>\n<\/ul>\n<p><strong>WEIGHT: 10.2 Kg<\/strong><\/p>\n<div class=\"entry-content-asset videofit\"><iframe title=\"\ud83d\udd27El malet\u00edn de herramientas m\u00e1s completo y pr\u00e1ctico\ud83d\udd27 - NRS TOOLS - DAMA RL\" width=\"720\" height=\"405\" src=\"https:\/\/www.youtube.com\/embed\/pZIx38oSfrw?feature=oembed\" frameborder=\"0\" allow=\"accelerometer; autoplay; clipboard-write; encrypted-media; gyroscope; picture-in-picture; web-share\" referrerpolicy=\"strict-origin-when-cross-origin\" allowfullscreen><\/iframe><\/div>","protected":false},"excerpt":{"rendered":"<p>Malet\u00edn de herramientas de 215 piezas. Caja de herramientas completo hecho de material de cromo vanadio para una resistencia m\u00e1s duradera. Especificaciones: Malet\u00edn completo de Herramientas 215 Piezas \u2022 Herramientas de 1\/2 \u2022 Herramientas de 1\/4 \u2022 Herramientas de 3\/8 Herramientas de 1\/2\u201d 1 carraca de 72 dientes con expulsor de vasos; 2 barras de&#8230;<\/p>","protected":false},"featured_media":4924,"template":"","meta":{"_acf_changed":false,"_kad_post_transparent":"default","_kad_post_title":"","_kad_post_layout":"default","_kad_post_sidebar_id":"","_kad_post_content_style":"default","_kad_post_vertical_padding":"default","_kad_post_feature":"","_kad_post_feature_position":"","_kad_post_header":false,"_kad_post_footer":false,"_kad_post_classname":""},"product_brand":[],"product_cat":[80,191,90],"product_tag":[],"class_list":{"0":"post-145","1":"product","2":"type-product","3":"status-publish","4":"has-post-thumbnail","6":"product_cat-herramientas","7":"product_cat-maletines-de-herramientas","8":"product_cat-mobiliario-de-taller","10":"first","11":"instock","12":"product-type-simple","13":"entry","14":"content-bg","15":"loop-entry"},"acf":[],"_links":{"self":[{"href":"https:\/\/www.damarl.com\/en\/wp-json\/wp\/v2\/product\/145","targetHints":{"allow":["GET"]}}],"collection":[{"href":"https:\/\/www.damarl.com\/en\/wp-json\/wp\/v2\/product"}],"about":[{"href":"https:\/\/www.damarl.com\/en\/wp-json\/wp\/v2\/types\/product"}],"wp:featuredmedia":[{"embeddable":true,"href":"https:\/\/www.damarl.com\/en\/wp-json\/wp\/v2\/media\/4924"}],"wp:attachment":[{"href":"https:\/\/www.damarl.com\/en\/wp-json\/wp\/v2\/media?parent=145"}],"wp:term":[{"taxonomy":"product_brand","embeddable":true,"href":"https:\/\/www.damarl.com\/en\/wp-json\/wp\/v2\/product_brand?post=145"},{"taxonomy":"product_cat","embeddable":true,"href":"https:\/\/www.damarl.com\/en\/wp-json\/wp\/v2\/product_cat?post=145"},{"taxonomy":"product_tag","embeddable":true,"href":"https:\/\/www.damarl.com\/en\/wp-json\/wp\/v2\/product_tag?post=145"}],"curies":[{"name":"wp","href":"https:\/\/api.w.org\/{rel}","templated":true}]}}